{"id":737520,"date":"2025-03-03T16:38:16","date_gmt":"2025-03-03T15:38:16","guid":{"rendered":"https:\/\/stoic-curie.212-227-153-4.plesk.page\/producto\/jabsco-par-max-hd6-40psi-12v\/"},"modified":"2026-02-24T23:35:12","modified_gmt":"2026-02-24T23:35:12","slug":"jabsco-par-max-hd6-40psi-12v","status":"publish","type":"product","link":"https:\/\/stoic-curie.212-227-153-4.plesk.page\/de\/product\/jabsco-par-max-hd6-40psi-12v\/","title":{"rendered":"Jabsco Par-Max HD6 40PSI 12v"},"content":{"rendered":"<p>Jabsco Par-Max HD6 40PSI 12v &#8211; <\/p>\n<div class=\"col-24 col-md-15\">\n<p>Eine Hochdruck-Diaphragmapumpe mit hoher Durchflussrate und 12V DC von Jabsco Xylem. Dieses Heavy-Duty-Modell HotShot HD6 zeichnet sich durch einen breiten Motor aus (im Vergleich zu standardm\u00e4\u00dfigen Nicht-HD-Modellen) mit einer pulverbeschichteten Geh\u00e4use, Gussteil-Kappen und einem unteren Geh\u00e4use, um die Druckf\u00e4higkeit und Lebensdauer zu verbessern.<\/p>\n<p>Die Pumpe hat vibrationsd\u00e4mpfende F\u00fc\u00dfe f\u00fcr einen ger\u00e4uscharmen Betrieb und einen integrierten, gesch\u00fctzten Druckschalter f\u00fcr den bedarfsgerechten Betrieb. Sie hat eine Selbstansaugung von bis zu 2,1 Metern (7 Fu\u00df) im Trockenbetrieb und kann ohne Schaden trocken betrieben werden.<\/p>\n<p>Die Jabsco Xylem HotShot HD6 wird mit einem Schnellanschluss f\u00fcr gerade Schlauchstutzen und GHT-Befestigungen, einem 90\u00b0 20-Mesh-Schnellanschlussfilter, einer Triggerd\u00fcse und Schnellanschluss-Schlauchadaptern geliefert.<\/p>\n<p>\u2022 Spannung: 12V DC<\/p>\n<p>\u2022 Offener Durchfluss GPM (LPM): 6 (23)<\/p>\n<p>\u2022 Abschaltdruck PSI (BAR): 70 (4,8)<\/p>\n<p>\u2022 Maximale Stromst\u00e4rke AMPS: 19,0<\/p>\n<p>\u2022 Empfohlene Sicherungsgr\u00f6\u00dfe: 25<\/p>\n<p>\u2022 Abmessungen: 10,2&#8243; L\u00e4nge, 5,1&#8243; Breite, 4,7&#8243; H\u00f6he \/ 259(L) x 129(B) x 119(H)mm<\/p>\n<\/div>\n","protected":false},"excerpt":{"rendered":"<p>Jabsco Par-Max HD6 40PSI 12v &#8211; Eine Hochdruck-Diaphragmapumpe mit hoher Durchflussrate und 12V DC von Jabsco Xylem. Dieses Heavy-Duty-Modell HotShot<\/p>\n","protected":false},"featured_media":5946128,"comment_status":"open","ping_status":"closed","template":"","meta":[],"product_brand":[3030],"product_cat":[1361,1373],"product_tag":[],"class_list":{"0":"post-737520","1":"product","2":"type-product","3":"status-publish","4":"has-post-thumbnail","6":"product_brand-jabsco-marine-de","7":"product_cat-bootsreinigungspumpen","8":"product_cat-wasserdruckpumpen","10":"first","11":"instock","12":"shipping-taxable","13":"purchasable","14":"product-type-simple"},"_links":{"self":[{"href":"https:\/\/stoic-curie.212-227-153-4.plesk.page\/de\/wp-json\/wp\/v2\/product\/737520","targetHints":{"allow":["GET"]}}],"collection":[{"href":"https:\/\/stoic-curie.212-227-153-4.plesk.page\/de\/wp-json\/wp\/v2\/product"}],"about":[{"href":"https:\/\/stoic-curie.212-227-153-4.plesk.page\/de\/wp-json\/wp\/v2\/types\/product"}],"replies":[{"embeddable":true,"href":"https:\/\/stoic-curie.212-227-153-4.plesk.page\/de\/wp-json\/wp\/v2\/comments?post=737520"}],"version-history":[{"count":0,"href":"https:\/\/stoic-curie.212-227-153-4.plesk.page\/de\/wp-json\/wp\/v2\/product\/737520\/revisions"}],"wp:featuredmedia":[{"embeddable":true,"href":"https:\/\/stoic-curie.212-227-153-4.plesk.page\/de\/wp-json\/wp\/v2\/media\/5946128"}],"wp:attachment":[{"href":"https:\/\/stoic-curie.212-227-153-4.plesk.page\/de\/wp-json\/wp\/v2\/media?parent=737520"}],"wp:term":[{"taxonomy":"product_brand","embeddable":true,"href":"https:\/\/stoic-curie.212-227-153-4.plesk.page\/de\/wp-json\/wp\/v2\/product_brand?post=737520"},{"taxonomy":"product_cat","embeddable":true,"href":"https:\/\/stoic-curie.212-227-153-4.plesk.page\/de\/wp-json\/wp\/v2\/product_cat?post=737520"},{"taxonomy":"product_tag","embeddable":true,"href":"https:\/\/stoic-curie.212-227-153-4.plesk.page\/de\/wp-json\/wp\/v2\/product_tag?post=737520"}],"curies":[{"name":"wp","href":"https:\/\/api.w.org\/{rel}","templated":true}]}}