{"id":737523,"date":"2025-03-03T16:38:17","date_gmt":"2025-03-03T15:38:17","guid":{"rendered":"https:\/\/stoic-curie.212-227-153-4.plesk.page\/producto\/vetus-bypass10-bypass-ventil-fuer-10mm-schlaeuche\/"},"modified":"2026-02-24T23:35:12","modified_gmt":"2026-02-24T23:35:12","slug":"vetus-bypass10-bypass-ventil-fuer-10mm-schlaeuche","status":"publish","type":"product","link":"https:\/\/stoic-curie.212-227-153-4.plesk.page\/de\/product\/vetus-bypass10-bypass-ventil-fuer-10mm-schlaeuche\/","title":{"rendered":"Vetus BYPASS10 Bypass-Ventil f\u00fcr 10mm Schl\u00e4uche"},"content":{"rendered":"<p>Vetus BYPASS10 Bypass-Ventil f\u00fcr 10mm Schl\u00e4uche &#8211; <\/p>\n<div class=\"col-24 col-md-15\">\n<p>Wenn in einem Notfall ein schneller Wechsel zu einer Steuerung \u00fcber das Ruder erforderlich ist, muss ein Bypassventil in der N\u00e4he des Zylinders installiert werden. Das Vetus BYPASS10 Ventil wird mit Kompressionsfittings und Oliven f\u00fcr Kupferrohr mit einem Durchmesser von 10 mm geliefert.<\/p>\n<p>F\u00fcr Systeme, die den Vetus HHOSE6 (6 x 10 mm) Nylon-Schlauch verwenden, sollten die HS145S-H\u00fclsen eingesetzt werden.<\/p>\n<p>Verchromtes Messing mit abnehmbarem, lackiertem Stahlgriff.<\/p>\n<\/div>\n<p><\/p>\n<table class=\"table\">\n<tbody>\n<tr>\n<td><strong>Marke<\/strong><\/td>\n<td>Vetus<\/td>\n<\/tr>\n<tr>\n<td><strong>Modell<\/strong><\/td>\n<td>BYPASS10<\/td>\n<\/tr>\n<tr>\n<td><strong>Ersatzteile und Zubeh\u00f6r<\/strong><\/td>\n<td>Bypassventil<\/td>\n<\/tr>\n<\/tbody>\n<\/table>\n","protected":false},"excerpt":{"rendered":"<p>Vetus BYPASS10 Bypass-Ventil f\u00fcr 10mm Schl\u00e4uche &#8211; Wenn in einem Notfall ein schneller Wechsel zu einer Steuerung \u00fcber das Ruder<\/p>\n","protected":false},"featured_media":5946134,"comment_status":"open","ping_status":"closed","template":"","meta":[],"product_brand":[3520],"product_cat":[1536],"product_tag":[],"class_list":{"0":"post-737523","1":"product","2":"type-product","3":"status-publish","4":"has-post-thumbnail","6":"product_brand-vetus-de","7":"product_cat-hydraulische-lenkung","9":"first","10":"instock","11":"shipping-taxable","12":"purchasable","13":"product-type-simple"},"_links":{"self":[{"href":"https:\/\/stoic-curie.212-227-153-4.plesk.page\/de\/wp-json\/wp\/v2\/product\/737523","targetHints":{"allow":["GET"]}}],"collection":[{"href":"https:\/\/stoic-curie.212-227-153-4.plesk.page\/de\/wp-json\/wp\/v2\/product"}],"about":[{"href":"https:\/\/stoic-curie.212-227-153-4.plesk.page\/de\/wp-json\/wp\/v2\/types\/product"}],"replies":[{"embeddable":true,"href":"https:\/\/stoic-curie.212-227-153-4.plesk.page\/de\/wp-json\/wp\/v2\/comments?post=737523"}],"version-history":[{"count":0,"href":"https:\/\/stoic-curie.212-227-153-4.plesk.page\/de\/wp-json\/wp\/v2\/product\/737523\/revisions"}],"wp:featuredmedia":[{"embeddable":true,"href":"https:\/\/stoic-curie.212-227-153-4.plesk.page\/de\/wp-json\/wp\/v2\/media\/5946134"}],"wp:attachment":[{"href":"https:\/\/stoic-curie.212-227-153-4.plesk.page\/de\/wp-json\/wp\/v2\/media?parent=737523"}],"wp:term":[{"taxonomy":"product_brand","embeddable":true,"href":"https:\/\/stoic-curie.212-227-153-4.plesk.page\/de\/wp-json\/wp\/v2\/product_brand?post=737523"},{"taxonomy":"product_cat","embeddable":true,"href":"https:\/\/stoic-curie.212-227-153-4.plesk.page\/de\/wp-json\/wp\/v2\/product_cat?post=737523"},{"taxonomy":"product_tag","embeddable":true,"href":"https:\/\/stoic-curie.212-227-153-4.plesk.page\/de\/wp-json\/wp\/v2\/product_tag?post=737523"}],"curies":[{"name":"wp","href":"https:\/\/api.w.org\/{rel}","templated":true}]}}