{"id":737526,"date":"2025-03-03T16:38:18","date_gmt":"2025-03-03T15:38:18","guid":{"rendered":"https:\/\/stoic-curie.212-227-153-4.plesk.page\/producto\/ultraflex-m66-lenkkabel-244-meter-8-fuss-schwere-ausfuehrung\/"},"modified":"2026-02-24T23:35:12","modified_gmt":"2026-02-24T23:35:12","slug":"ultraflex-m66-lenkkabel-244-meter-8-fuss-schwere-ausfuehrung","status":"publish","type":"product","link":"https:\/\/stoic-curie.212-227-153-4.plesk.page\/de\/product\/ultraflex-m66-lenkkabel-244-meter-8-fuss-schwere-ausfuehrung\/","title":{"rendered":"Ultraflex M66 Lenkkabel 2,44 Meter \/ 8 Fu\u00df (Schwere Ausf\u00fchrung)"},"content":{"rendered":"<p>Ultraflex M66 Lenkkabel 2,44 Meter \/ 8 Fu\u00df (Schwere Ausf\u00fchrung) &#8211; <\/p>\n<div class=\"col-24 col-md-15\">\n<p>Die aktuelle Nummernserie 6057++ wird in Fu\u00df als Hauptma\u00dfstab gefertigt und gemessen.<\/p>\n<p>Sie haben die gleichen Endverbindungen wie die Nummer 6052++, die in Metern hergestellt wurden, und ersetzen diese.<\/p>\n<p>Die Schwerlaststeuerkabel verf\u00fcgen \u00fcber eine Nut zur Klemmung an der Helmverbindung.<\/p>\n<\/div>\n<p><\/p>\n<table class=\"table\">\n<tbody>\n<tr>\n<td><strong>L\u00e4nge<\/strong><\/td>\n<td>2,44 m (8&#8242;)<\/td>\n<\/tr>\n<tr>\n<td><strong>Marke<\/strong><\/td>\n<td>Uflex<\/td>\n<\/tr>\n<tr>\n<td><strong>Kabel [Mechanisches Kabel]<\/strong><\/td>\n<td>Schwerlast M66<\/td>\n<\/tr>\n<tr>\n<td><strong>Farbe<\/strong><\/td>\n<td>Schwarz<\/td>\n<\/tr>\n<tr>\n<td><strong>Gewindegr\u00f6\u00dfe<\/strong><\/td>\n<td>Mutter: 7\/8\u201d UNF<\/td>\n<\/tr>\n<\/tbody>\n<\/table>\n","protected":false},"excerpt":{"rendered":"<p>Ultraflex M66 Lenkkabel 2,44 Meter \/ 8 Fu\u00df (Schwere Ausf\u00fchrung) &#8211; Die aktuelle Nummernserie 6057++ wird in Fu\u00df als Hauptma\u00dfstab<\/p>\n","protected":false},"featured_media":5946140,"comment_status":"open","ping_status":"closed","template":"","meta":[],"product_brand":[3500],"product_cat":[1541],"product_tag":[],"class_list":{"0":"post-737526","1":"product","2":"type-product","3":"status-publish","4":"has-post-thumbnail","6":"product_brand-ultraflex-uflex-de","7":"product_cat-kabelsteuerung","9":"first","10":"instock","11":"shipping-taxable","12":"purchasable","13":"product-type-simple"},"_links":{"self":[{"href":"https:\/\/stoic-curie.212-227-153-4.plesk.page\/de\/wp-json\/wp\/v2\/product\/737526","targetHints":{"allow":["GET"]}}],"collection":[{"href":"https:\/\/stoic-curie.212-227-153-4.plesk.page\/de\/wp-json\/wp\/v2\/product"}],"about":[{"href":"https:\/\/stoic-curie.212-227-153-4.plesk.page\/de\/wp-json\/wp\/v2\/types\/product"}],"replies":[{"embeddable":true,"href":"https:\/\/stoic-curie.212-227-153-4.plesk.page\/de\/wp-json\/wp\/v2\/comments?post=737526"}],"version-history":[{"count":0,"href":"https:\/\/stoic-curie.212-227-153-4.plesk.page\/de\/wp-json\/wp\/v2\/product\/737526\/revisions"}],"wp:featuredmedia":[{"embeddable":true,"href":"https:\/\/stoic-curie.212-227-153-4.plesk.page\/de\/wp-json\/wp\/v2\/media\/5946140"}],"wp:attachment":[{"href":"https:\/\/stoic-curie.212-227-153-4.plesk.page\/de\/wp-json\/wp\/v2\/media?parent=737526"}],"wp:term":[{"taxonomy":"product_brand","embeddable":true,"href":"https:\/\/stoic-curie.212-227-153-4.plesk.page\/de\/wp-json\/wp\/v2\/product_brand?post=737526"},{"taxonomy":"product_cat","embeddable":true,"href":"https:\/\/stoic-curie.212-227-153-4.plesk.page\/de\/wp-json\/wp\/v2\/product_cat?post=737526"},{"taxonomy":"product_tag","embeddable":true,"href":"https:\/\/stoic-curie.212-227-153-4.plesk.page\/de\/wp-json\/wp\/v2\/product_tag?post=737526"}],"curies":[{"name":"wp","href":"https:\/\/api.w.org\/{rel}","templated":true}]}}