{"id":737528,"date":"2025-03-03T16:38:18","date_gmt":"2025-03-03T15:38:18","guid":{"rendered":"https:\/\/stoic-curie.212-227-153-4.plesk.page\/producto\/ultraflex-s62-kabelhalterungssatz-fuer-lenkkabel-niedrig-55-mm\/"},"modified":"2026-02-24T23:35:12","modified_gmt":"2026-02-24T23:35:12","slug":"ultraflex-s62-kabelhalterungssatz-fuer-lenkkabel-niedrig-55-mm","status":"publish","type":"product","link":"https:\/\/stoic-curie.212-227-153-4.plesk.page\/de\/product\/ultraflex-s62-kabelhalterungssatz-fuer-lenkkabel-niedrig-55-mm\/","title":{"rendered":"Ultraflex S62 Kabelhalterungssatz f\u00fcr Lenkkabel (Niedrig, 55 mm)"},"content":{"rendered":"<p>Ultraflex S62 Kabelhalterungssatz f\u00fcr Lenkkabel (Niedrig, 55 mm) &#8211; <\/p>\n<div class=\"col-24 col-md-15\">\n<p>Die Uflex-Befestigungsklemme ist f\u00fcr die Montage am Spiegel konzipiert, um das Kabel auf dem Weg zum Au\u00dfenbordmotor zu unterst\u00fctzen. Die drehbare Kabelst\u00fctze wird mit einem Rohr geliefert, durch das das Kabel hindurchgef\u00fchrt wird, was das Kabel sichert und eine genaue und pr\u00e4zise Funktion gew\u00e4hrleistet. Der Uflex-Klemmblock besteht aus korrosionsbest\u00e4ndigem lackiertem Stahl.<\/p>\n<p>Das S39 Kabelst\u00fctzkit hat eine niedrige Montageposition.<\/p>\n<\/p><\/div>\n<p><\/p>\n<table class=\"table\">\n<tbody>\n<tr>\n<td><strong>L\u00e4nge<\/strong><\/td>\n<td>283mm (11.32&#8243;)<\/td>\n<\/tr>\n<tr>\n<td><strong>Marke<\/strong><\/td>\n<td>Uflex<\/td>\n<\/tr>\n<tr>\n<td><strong>Bauweise<\/strong><\/td>\n<td>Korrosionsbest\u00e4ndiger lackierter Stahl<\/td>\n<\/tr>\n<tr>\n<td><strong>Abmessungen<\/strong><\/td>\n<td>Tiefe: 55mm (2.2&#8243;)<\/td>\n<\/tr>\n<tr>\n<td><strong>Modell<\/strong><\/td>\n<td>S62<\/td>\n<\/tr>\n<tr>\n<td><strong>Ersatzteile und Zubeh\u00f6r<\/strong><\/td>\n<td>Kabelmontageklemme<\/td>\n<\/tr>\n<\/tbody>\n<\/table>\n","protected":false},"excerpt":{"rendered":"<p>Ultraflex S62 Kabelhalterungssatz f\u00fcr Lenkkabel (Niedrig, 55 mm) &#8211; Die Uflex-Befestigungsklemme ist f\u00fcr die Montage am Spiegel konzipiert, um das<\/p>\n","protected":false},"featured_media":5946148,"comment_status":"open","ping_status":"closed","template":"","meta":[],"product_brand":[3500],"product_cat":[1541],"product_tag":[],"class_list":{"0":"post-737528","1":"product","2":"type-product","3":"status-publish","4":"has-post-thumbnail","6":"product_brand-ultraflex-uflex-de","7":"product_cat-kabelsteuerung","9":"first","10":"instock","11":"shipping-taxable","12":"purchasable","13":"product-type-simple"},"_links":{"self":[{"href":"https:\/\/stoic-curie.212-227-153-4.plesk.page\/de\/wp-json\/wp\/v2\/product\/737528","targetHints":{"allow":["GET"]}}],"collection":[{"href":"https:\/\/stoic-curie.212-227-153-4.plesk.page\/de\/wp-json\/wp\/v2\/product"}],"about":[{"href":"https:\/\/stoic-curie.212-227-153-4.plesk.page\/de\/wp-json\/wp\/v2\/types\/product"}],"replies":[{"embeddable":true,"href":"https:\/\/stoic-curie.212-227-153-4.plesk.page\/de\/wp-json\/wp\/v2\/comments?post=737528"}],"version-history":[{"count":0,"href":"https:\/\/stoic-curie.212-227-153-4.plesk.page\/de\/wp-json\/wp\/v2\/product\/737528\/revisions"}],"wp:featuredmedia":[{"embeddable":true,"href":"https:\/\/stoic-curie.212-227-153-4.plesk.page\/de\/wp-json\/wp\/v2\/media\/5946148"}],"wp:attachment":[{"href":"https:\/\/stoic-curie.212-227-153-4.plesk.page\/de\/wp-json\/wp\/v2\/media?parent=737528"}],"wp:term":[{"taxonomy":"product_brand","embeddable":true,"href":"https:\/\/stoic-curie.212-227-153-4.plesk.page\/de\/wp-json\/wp\/v2\/product_brand?post=737528"},{"taxonomy":"product_cat","embeddable":true,"href":"https:\/\/stoic-curie.212-227-153-4.plesk.page\/de\/wp-json\/wp\/v2\/product_cat?post=737528"},{"taxonomy":"product_tag","embeddable":true,"href":"https:\/\/stoic-curie.212-227-153-4.plesk.page\/de\/wp-json\/wp\/v2\/product_tag?post=737528"}],"curies":[{"name":"wp","href":"https:\/\/api.w.org\/{rel}","templated":true}]}}