{"id":737532,"date":"2025-03-03T16:38:19","date_gmt":"2025-03-03T15:38:19","guid":{"rendered":"https:\/\/stoic-curie.212-227-153-4.plesk.page\/producto\/eurovinil-ultralight-250-m\/"},"modified":"2026-02-24T23:35:12","modified_gmt":"2026-02-24T23:35:12","slug":"eurovinil-ultralight-250-m","status":"publish","type":"product","link":"https:\/\/stoic-curie.212-227-153-4.plesk.page\/de\/product\/eurovinil-ultralight-250-m\/","title":{"rendered":"Eurovinil Ultralight 2,50 m"},"content":{"rendered":"<p>Eurovinil Ultralight 2,50 m &#8211; <\/p>\n<p style=\"color: rgb(34, 34, 34); font-family: Arial, Helvetica, sans-serif; font-size: small;\">Wir stellen die Ultralight Line 250 vor, eine bemerkenswerte Innovation von Eurovinil, die aus einem hochfesten doppellagigen 100Dtex PVC-Gewebe besteht. Dieses Tender ist au\u00dfergew\u00f6hnlich leicht, gebaut mit einem stabilen anodisierten Aluminiumrumpf und gro\u00dfen Tuben, die ein komfortables Gleitverhalten selbst bei niedrigerer Motorleistung gew\u00e4hrleisten. Die Modelle 250 und 270 sind mit einem Einzelrumpf gestaltet und enthalten keinen Bugraum. Zum Standardzubeh\u00f6r geh\u00f6ren eine Pumpe zum Aufblasen, ein Reparaturset, Ruder, eine Bank, ein Festmacherseil und eine Bootstasche.<\/p>\n<p style=\"color: rgb(34, 34, 34); font-family: Arial, Helvetica, sans-serif; font-size: small;\">Dieses hochwertige Tender verbindet nahtlos Eleganz mit Langlebigkeit, und sein reduziertes Gewicht verbessert die Leistung, selbst bei kleineren Motoren. Die gro\u00dfen, dicken Rohrstrukturen und die spritzwassergesch\u00fctzte Abdeckung bieten au\u00dfergew\u00f6hnlichen Komfort beim Segeln und sch\u00fctzen die Passagiere effektiv vor Wasserundurchl\u00e4ssigkeit. Die Ultralight-Linie erg\u00e4nzt jedes Boot und bietet eine Kombination aus Raffinesse, Einfachheit und hoher Leistung.<\/p>\n<p style=\"color: rgb(34, 34, 34); font-family: Arial, Helvetica, sans-serif; font-size: small;\">Sowohl die 250 als auch die 270-Versionen verf\u00fcgen \u00fcber einen V-f\u00f6rmigen Kiel und einen Innenboden, der den Innenraum optimiert. Sie sind mit einer Bank und wichtigem Zubeh\u00f6r vollst\u00e4ndig ausgestattet und k\u00f6nnen weiter verbessert werden mit einem abnehmbaren Kissen und einer Unterbanktasche sowie einer praktischen Schnellverschlusstasche f\u00fcr den Bug.<\/p>\n<p style=\"color: rgb(34, 34, 34); font-family: Arial, Helvetica, sans-serif; font-size: small;\"><strong>Technische Daten:<\/strong><\/p>\n<ul style=\"color: rgb(34, 34, 34); font-family: Arial, Helvetica, sans-serif; font-size: small;\">\n<li><strong>Modellreihe:<\/strong> Ultralight 250 \/ 270<\/li>\n<li><strong>Gesamtl\u00e4nge (cm):<\/strong> 250 \/ 270<\/li>\n<li><strong>Gesamtbreite (cm):<\/strong> 149<\/li>\n<li><strong>Heckh\u00f6he (cm):<\/strong> 38<\/li>\n<li><strong>Durchschnittlicher Durchmesser der Rohrstrukturen (cm):<\/strong> 42<\/li>\n<li><strong>Kapazit\u00e4t:<\/strong> 2 + 2 (mit optionalen zus\u00e4tzlichen Sitzen)<\/li>\n<li><strong>Maximale Tragf\u00e4higkeit (kg):<\/strong> 298 \/ 341<\/li>\n<li><strong>Anzahl der Kammern:<\/strong> 3<\/li>\n<li><strong>Gewicht (kg):<\/strong> 38 \/ 41<\/li>\n<li><strong>Maximale PS (HP):<\/strong> 5 \/ 8<\/li>\n<li><strong>Schaftl\u00e4nge:<\/strong> Kurz<\/li>\n<li><strong>Maximales Motorgewicht (kg):<\/strong> 48 \/ 55<\/li>\n<li><strong>Designkategorie:<\/strong> C<\/li>\n<\/ul>\n<p style=\"color: rgb(34, 34, 34); font-family: Arial, Helvetica, sans-serif; font-size: small;\">Dieses Tender ist eine ausgezeichnete Wahl f\u00fcr Bootseigent\u00fcmer, die Zuverl\u00e4ssigkeit, Qualit\u00e4t und Klarheit in ihrer Kaufentscheidung suchen.<\/p>\n","protected":false},"excerpt":{"rendered":"<p>Eurovinil Ultralight 2,50 m &#8211; Wir stellen die Ultralight Line 250 vor, eine bemerkenswerte Innovation von Eurovinil, die aus einem<\/p>\n","protected":false},"featured_media":5946150,"comment_status":"open","ping_status":"closed","template":"","meta":[],"product_brand":[2925],"product_cat":[1546],"product_tag":[],"class_list":{"0":"post-737532","1":"product","2":"type-product","3":"status-publish","4":"has-post-thumbnail","6":"product_brand-eurovinil-de","7":"product_cat-schlauchboote-und-beiboote","9":"first","10":"outofstock","11":"shipping-taxable","12":"purchasable","13":"product-type-simple"},"_links":{"self":[{"href":"https:\/\/stoic-curie.212-227-153-4.plesk.page\/de\/wp-json\/wp\/v2\/product\/737532","targetHints":{"allow":["GET"]}}],"collection":[{"href":"https:\/\/stoic-curie.212-227-153-4.plesk.page\/de\/wp-json\/wp\/v2\/product"}],"about":[{"href":"https:\/\/stoic-curie.212-227-153-4.plesk.page\/de\/wp-json\/wp\/v2\/types\/product"}],"replies":[{"embeddable":true,"href":"https:\/\/stoic-curie.212-227-153-4.plesk.page\/de\/wp-json\/wp\/v2\/comments?post=737532"}],"version-history":[{"count":0,"href":"https:\/\/stoic-curie.212-227-153-4.plesk.page\/de\/wp-json\/wp\/v2\/product\/737532\/revisions"}],"wp:featuredmedia":[{"embeddable":true,"href":"https:\/\/stoic-curie.212-227-153-4.plesk.page\/de\/wp-json\/wp\/v2\/media\/5946150"}],"wp:attachment":[{"href":"https:\/\/stoic-curie.212-227-153-4.plesk.page\/de\/wp-json\/wp\/v2\/media?parent=737532"}],"wp:term":[{"taxonomy":"product_brand","embeddable":true,"href":"https:\/\/stoic-curie.212-227-153-4.plesk.page\/de\/wp-json\/wp\/v2\/product_brand?post=737532"},{"taxonomy":"product_cat","embeddable":true,"href":"https:\/\/stoic-curie.212-227-153-4.plesk.page\/de\/wp-json\/wp\/v2\/product_cat?post=737532"},{"taxonomy":"product_tag","embeddable":true,"href":"https:\/\/stoic-curie.212-227-153-4.plesk.page\/de\/wp-json\/wp\/v2\/product_tag?post=737532"}],"curies":[{"name":"wp","href":"https:\/\/api.w.org\/{rel}","templated":true}]}}