{"id":737533,"date":"2025-03-03T16:38:19","date_gmt":"2025-03-03T15:38:19","guid":{"rendered":"https:\/\/stoic-curie.212-227-153-4.plesk.page\/producto\/eurovinil-ultralight-270-m\/"},"modified":"2026-02-24T23:35:12","modified_gmt":"2026-02-24T23:35:12","slug":"eurovinil-ultralight-270-m","status":"publish","type":"product","link":"https:\/\/stoic-curie.212-227-153-4.plesk.page\/de\/product\/eurovinil-ultralight-270-m\/","title":{"rendered":"Eurovinil Ultralight 2,70 m"},"content":{"rendered":"<p>Eurovinil Ultralight 2,70 m &#8211; <\/p>\n<p style=\"color: rgb(34, 34, 34); font-family: Arial, Helvetica, sans-serif; font-size: small;\">Wir stellen die Ultralight Line vor, eine bemerkenswerte Innovation von Eurovinil, ausgestattet mit einem hochbest\u00e4ndigen doppelten 100Dtex PVC-Lagenstoff. Dieses Tenderboot ist au\u00dfergew\u00f6hnlich leicht, konstruiert mit einem starren anodisierten Aluminiumrumpf und gro\u00dfen R\u00f6hren, die ein komfortables Gleiten bei niedrigerer Leistung erm\u00f6glichen. Die Modelle 250 und 270 verf\u00fcgen \u00fcber ein Einrumpfdesign ohne Bugfach, w\u00e4hrend die Modelle 290 und 320 mit einem geformten Rumpf und einem Bugfach geliefert werden.<\/p>\n<p style=\"color: rgb(34, 34, 34); font-family: Arial, Helvetica, sans-serif; font-size: small;\">Standardm\u00e4\u00dfig mitgeliefert werden eine Inflationspumpe, ein Reparaturset, Ruder, eine Bank, ein Festmacherseil und eine Bootst\u00fcrtasche. Dieses hochwertige Tenderboot kombiniert nahtlos Eleganz und Langlebigkeit, und sein reduziertes Gewicht sorgt f\u00fcr beeindruckende Leistung selbst mit kleineren Motoren. Die gro\u00dfen, durchmesserrohrf\u00f6rmigen Strukturen und der spritzwassergesch\u00fctzte Cowling bieten hervorragenden Komfort beim Segeln und sch\u00fctzen die Passagiere effektiv vor Wassereintritt.<\/p>\n<p style=\"color: rgb(34, 34, 34); font-family: Arial, Helvetica, sans-serif; font-size: small;\">Die Ultralight Line ist so konzipiert, dass sie jedes Boot erg\u00e4nzt und eine Mischung aus Raffinesse, Einfachheit und Leistung bietet. Die Versionen 250 und 270 sind mit einem V-f\u00f6rmigen Kiel und einem Innenboden ausgestattet, was den Innenraum optimiert. Diese Modelle kommen vollst\u00e4ndig mit einer Bank und der grundlegenden Ausstattung und k\u00f6nnen mit optionalem Zubeh\u00f6r wie einem Kissen und einer Unterbanktasche sowie einer praktischen Schnellverschluss-Bugtasche, beide abnehmbar, weiter verbessert werden.<\/p>\n<p style=\"color: rgb(34, 34, 34); font-family: Arial, Helvetica, sans-serif; font-size: small;\"><strong>Spezifikationen f\u00fcr Ultralight 250 und 270:<\/strong><\/p>\n<ul style=\"color: rgb(34, 34, 34); font-family: Arial, Helvetica, sans-serif; font-size: small;\">\n<li><strong>Gesamtl\u00e4nge (cm):<\/strong>&nbsp;250 \/ 270<\/li>\n<li><strong>Gesamtbreite (cm):<\/strong>&nbsp;149<\/li>\n<li><strong>Transomh\u00f6he (cm):<\/strong>&nbsp;38<\/li>\n<li><strong>Durchmesser der Rohrstrukturen (cm, Durchschnitt):<\/strong>&nbsp;42<\/li>\n<li><strong>Anzahl der Personen:<\/strong>&nbsp;2 + 1<\/li>\n<li><strong>Maximale Tragf\u00e4higkeit (kg):<\/strong>&nbsp;298 \/ 341<\/li>\n<li><strong>Anzahl der Kammern:<\/strong>&nbsp;3<\/li>\n<li><strong>Gewicht (kg):<\/strong>&nbsp;38 \/ 41<\/li>\n<li><strong>Maximale PS (HP):<\/strong>&nbsp;5 \/ 8<\/li>\n<li><strong>Schaft:<\/strong>&nbsp;Kurz<\/li>\n<li><strong>Maximales Motorgewicht (kg):<\/strong>&nbsp;48 \/ 55<\/li>\n<li><strong>Designkategorie:<\/strong>&nbsp;C<\/li>\n<\/ul>\n<p style=\"color: rgb(34, 34, 34); font-family: Arial, Helvetica, sans-serif; font-size: small;\">Dieses Tenderboot ist eine ausgezeichnete Wahl f\u00fcr Bootseigent\u00fcmer, die Zuverl\u00e4ssigkeit, Qualit\u00e4t und Klarheit in ihrem Einkaufserlebnis suchen.<\/p>\n","protected":false},"excerpt":{"rendered":"<p>Eurovinil Ultralight 2,70 m &#8211; Wir stellen die Ultralight Line vor, eine bemerkenswerte Innovation von Eurovinil, ausgestattet mit einem hochbest\u00e4ndigen<\/p>\n","protected":false},"featured_media":5946150,"comment_status":"open","ping_status":"closed","template":"","meta":[],"product_brand":[2925],"product_cat":[1546],"product_tag":[],"class_list":{"0":"post-737533","1":"product","2":"type-product","3":"status-publish","4":"has-post-thumbnail","6":"product_brand-eurovinil-de","7":"product_cat-schlauchboote-und-beiboote","9":"first","10":"instock","11":"shipping-taxable","12":"purchasable","13":"product-type-simple"},"_links":{"self":[{"href":"https:\/\/stoic-curie.212-227-153-4.plesk.page\/de\/wp-json\/wp\/v2\/product\/737533","targetHints":{"allow":["GET"]}}],"collection":[{"href":"https:\/\/stoic-curie.212-227-153-4.plesk.page\/de\/wp-json\/wp\/v2\/product"}],"about":[{"href":"https:\/\/stoic-curie.212-227-153-4.plesk.page\/de\/wp-json\/wp\/v2\/types\/product"}],"replies":[{"embeddable":true,"href":"https:\/\/stoic-curie.212-227-153-4.plesk.page\/de\/wp-json\/wp\/v2\/comments?post=737533"}],"version-history":[{"count":0,"href":"https:\/\/stoic-curie.212-227-153-4.plesk.page\/de\/wp-json\/wp\/v2\/product\/737533\/revisions"}],"wp:featuredmedia":[{"embeddable":true,"href":"https:\/\/stoic-curie.212-227-153-4.plesk.page\/de\/wp-json\/wp\/v2\/media\/5946150"}],"wp:attachment":[{"href":"https:\/\/stoic-curie.212-227-153-4.plesk.page\/de\/wp-json\/wp\/v2\/media?parent=737533"}],"wp:term":[{"taxonomy":"product_brand","embeddable":true,"href":"https:\/\/stoic-curie.212-227-153-4.plesk.page\/de\/wp-json\/wp\/v2\/product_brand?post=737533"},{"taxonomy":"product_cat","embeddable":true,"href":"https:\/\/stoic-curie.212-227-153-4.plesk.page\/de\/wp-json\/wp\/v2\/product_cat?post=737533"},{"taxonomy":"product_tag","embeddable":true,"href":"https:\/\/stoic-curie.212-227-153-4.plesk.page\/de\/wp-json\/wp\/v2\/product_tag?post=737533"}],"curies":[{"name":"wp","href":"https:\/\/api.w.org\/{rel}","templated":true}]}}