{"id":737534,"date":"2025-03-03T16:38:20","date_gmt":"2025-03-03T15:38:20","guid":{"rendered":"https:\/\/stoic-curie.212-227-153-4.plesk.page\/producto\/eurovinil-ultralight-290-m\/"},"modified":"2026-02-24T23:35:12","modified_gmt":"2026-02-24T23:35:12","slug":"eurovinil-ultralight-290-m","status":"publish","type":"product","link":"https:\/\/stoic-curie.212-227-153-4.plesk.page\/de\/product\/eurovinil-ultralight-290-m\/","title":{"rendered":"Eurovinil Ultralight 2,90 m"},"content":{"rendered":"<p>Eurovinil Ultralight 2,90 m &#8211; <\/p>\n<p>Wir stellen unser hochbelastbares doppellagiges 100Dtex PVC-Boot vor, das f\u00fcr au\u00dfergew\u00f6hnliche Langlebigkeit und Leistung entwickelt wurde. Dieses leichte Tender verf\u00fcgt \u00fcber einen steifen eloxierten Aluminiumrumpf und gro\u00dfe Rohrstrukturen, die auch bei geringer Leistung einen komfortablen Gleitrumpf erm\u00f6glichen. Die Modelle 250 und 270 kommen mit einem Einzelrumpf und ohne Bugfach, w\u00e4hrend die Modelle 290 und 320 \u00fcber einen geformten Rumpf mit einem Bugfach f\u00fcr zus\u00e4tzlichen Komfort verf\u00fcgen.<\/p>\n<p>Standardm\u00e4\u00dfig enthalten sind eine Pumpe zum Aufblasen, ein Reparaturset, Ruder, eine Bank, ein Festmacherseil und eine Bootstasche. Die ultraleichten Tender 290 und 320 kombinieren nahtlos Leichtigkeit und Stabilit\u00e4t und bieten einzigartige Komfortmerkmale wie einen gegenformierten Rumpf mit innovativem Anti-Rutsch-Design, ein Bugfach zur Aufbewahrung von Ankern und Zubeh\u00f6r sowie eine Bugnase mit einer Klemmschraube.<\/p>\n<p>Beide Modelle verf\u00fcgen \u00fcber wichtige Sitz- und Ausstattungen und k\u00f6nnen zus\u00e4tzlich mit einem praktischen Sitz mit Kissen und einer Unterbanktasche aufger\u00fcstet werden, um die Lagerkapazit\u00e4t an Bord zu erh\u00f6hen und Gegenst\u00e4nde vom Tender zu transportieren.<\/p>\n<p><strong>TENDER-LINIE: ULTRALIGHT 290\/320<\/strong><\/p>\n<ul>\n<li><strong>Gesamtl\u00e4nge (cm):<\/strong> 290 \/ 320<\/li>\n<li><strong>Gesamtbreite (cm):<\/strong> 155 \/ 156<\/li>\n<li><strong>Heckh\u00f6he (cm):<\/strong> 39 \/ 39<\/li>\n<li><strong>Durchmesser der Rohrkonstruktionen (cm, Durchschnitt):<\/strong> 42 \/ 42<\/li>\n<li><strong>Anzahl der Personen:<\/strong> 4 \/ 4 + 1<\/li>\n<li><strong>Maximale Traglast (kg):<\/strong> 50 \/ 46 \/ 64<\/li>\n<li><strong>Anzahl der R\u00e4ume:<\/strong> 3 \/ 3<\/li>\n<li><strong>Gewicht (kg):<\/strong> 54 \/ 64<\/li>\n<li><strong>Maximale Pferdest\u00e4rke (HP):<\/strong> 10 \/ 15<\/li>\n<li><strong>Schaft:<\/strong> Kurz \/ Kurz<\/li>\n<li><strong>Maximales Motorgewicht (kg):<\/strong> 42 \/ 55<\/li>\n<li><strong>Designkategorie:<\/strong> C<\/li>\n<\/ul>\n<p>Entdecken Sie die perfekte Balance zwischen Leistung und Komfort mit unseren ultraleichten Tendern, die auf die Bed\u00fcrfnisse anspruchsvoller Bootseigent\u00fcmer zugeschnitten sind.<\/p>\n","protected":false},"excerpt":{"rendered":"<p>Eurovinil Ultralight 2,90 m &#8211; Wir stellen unser hochbelastbares doppellagiges 100Dtex PVC-Boot vor, das f\u00fcr au\u00dfergew\u00f6hnliche Langlebigkeit und Leistung entwickelt<\/p>\n","protected":false},"featured_media":5946150,"comment_status":"open","ping_status":"closed","template":"","meta":[],"product_brand":[2925],"product_cat":[1546],"product_tag":[],"class_list":{"0":"post-737534","1":"product","2":"type-product","3":"status-publish","4":"has-post-thumbnail","6":"product_brand-eurovinil-de","7":"product_cat-schlauchboote-und-beiboote","9":"first","10":"instock","11":"shipping-taxable","12":"purchasable","13":"product-type-simple"},"_links":{"self":[{"href":"https:\/\/stoic-curie.212-227-153-4.plesk.page\/de\/wp-json\/wp\/v2\/product\/737534","targetHints":{"allow":["GET"]}}],"collection":[{"href":"https:\/\/stoic-curie.212-227-153-4.plesk.page\/de\/wp-json\/wp\/v2\/product"}],"about":[{"href":"https:\/\/stoic-curie.212-227-153-4.plesk.page\/de\/wp-json\/wp\/v2\/types\/product"}],"replies":[{"embeddable":true,"href":"https:\/\/stoic-curie.212-227-153-4.plesk.page\/de\/wp-json\/wp\/v2\/comments?post=737534"}],"version-history":[{"count":0,"href":"https:\/\/stoic-curie.212-227-153-4.plesk.page\/de\/wp-json\/wp\/v2\/product\/737534\/revisions"}],"wp:featuredmedia":[{"embeddable":true,"href":"https:\/\/stoic-curie.212-227-153-4.plesk.page\/de\/wp-json\/wp\/v2\/media\/5946150"}],"wp:attachment":[{"href":"https:\/\/stoic-curie.212-227-153-4.plesk.page\/de\/wp-json\/wp\/v2\/media?parent=737534"}],"wp:term":[{"taxonomy":"product_brand","embeddable":true,"href":"https:\/\/stoic-curie.212-227-153-4.plesk.page\/de\/wp-json\/wp\/v2\/product_brand?post=737534"},{"taxonomy":"product_cat","embeddable":true,"href":"https:\/\/stoic-curie.212-227-153-4.plesk.page\/de\/wp-json\/wp\/v2\/product_cat?post=737534"},{"taxonomy":"product_tag","embeddable":true,"href":"https:\/\/stoic-curie.212-227-153-4.plesk.page\/de\/wp-json\/wp\/v2\/product_tag?post=737534"}],"curies":[{"name":"wp","href":"https:\/\/api.w.org\/{rel}","templated":true}]}}