{"id":737535,"date":"2025-03-03T16:38:20","date_gmt":"2025-03-03T15:38:20","guid":{"rendered":"https:\/\/stoic-curie.212-227-153-4.plesk.page\/producto\/eurovinil-ultralight-320-m\/"},"modified":"2026-02-24T23:35:12","modified_gmt":"2026-02-24T23:35:12","slug":"eurovinil-ultralight-320-m","status":"publish","type":"product","link":"https:\/\/stoic-curie.212-227-153-4.plesk.page\/de\/product\/eurovinil-ultralight-320-m\/","title":{"rendered":"Eurovinil Ultralight 3,20 m"},"content":{"rendered":"<p>Eurovinil Ultralight 3,20 m &#8211; <\/p>\n<p>Wir stellen unser hochbest\u00e4ndiges, doppeltes 100Dtex PVC-Lagenstoff-Tender vor, das f\u00fcr au\u00dfergew\u00f6hnliche Haltbarkeit und Leistung entwickelt wurde. Dieses Tender ist bemerkenswert leicht und verf\u00fcgt \u00fcber einen starren, anodisierten Aluminium-Rumpf und gro\u00dfe Tubes, die ein komfortables Planen erm\u00f6glichen, selbst bei geringer Leistung.<\/p>\n<p>Die Modelle 250 und 270 kommen mit einem einzelnen Rumpf und beinhalten keine Bugluke, w\u00e4hrend die Modelle 290 und 320 \u00fcber einen geformten Rumpf verf\u00fcgen, der mit einer Bugluke f\u00fcr zus\u00e4tzlichen Komfort ausgestattet ist.<\/p>\n<p>Der Standardausstattung aller Modelle umfasst eine Aufblaspumpe, ein Reparaturset, Ruder, eine Bank, ein Festmacherseil und eine Bootstasche. Die ultraleichten 290 und 320 Tender kombinieren auf einzigartige Weise Leichtigkeit und Stabilit\u00e4t und bieten au\u00dfergew\u00f6hnliche Komfortmerkmale wie einen gegossenen Rumpf mit einem innovativen Anti-Rutsch-Design, eine Bugluke zur Aufbewahrung von Ankern und Zubeh\u00f6r sowie eine Bugspitze, die mit einem Klemmenblock ausgestattet ist.<\/p>\n<p>Jedes Modell ist mit wichtigen Sitzgelegenheiten und Ausstattungen ausgestattet und kann mit einem praktischen Sitz mit Kissen und einer Unterbanktasche weiter verbessert werden, um die Lagerung an Bord zu erh\u00f6hen und das Transportieren von Gegenst\u00e4nden vom Tender zu erm\u00f6glichen.<\/p>\n<p>Das enthaltene Equipment umfasst:<\/p>\n<ul>\n<li>Aufblaspumpe<\/li>\n<li>Reparaturset<\/li>\n<li>Ruder<\/li>\n<li>Bootstasche<\/li>\n<li>Festmacherseil<\/li>\n<li>Bank<\/li>\n<\/ul>\n<p>Erleben Sie die perfekte Kombination aus Qualit\u00e4t, Funktionalit\u00e4t und Komfort mit unserer Reihe von Tenders, die auf die Bed\u00fcrfnisse jedes Bootseigent\u00fcmers abgestimmt sind.<\/p>\n","protected":false},"excerpt":{"rendered":"<p>Eurovinil Ultralight 3,20 m &#8211; Wir stellen unser hochbest\u00e4ndiges, doppeltes 100Dtex PVC-Lagenstoff-Tender vor, das f\u00fcr au\u00dfergew\u00f6hnliche Haltbarkeit und Leistung entwickelt<\/p>\n","protected":false},"featured_media":5946150,"comment_status":"open","ping_status":"closed","template":"","meta":[],"product_brand":[2925],"product_cat":[1546],"product_tag":[],"class_list":{"0":"post-737535","1":"product","2":"type-product","3":"status-publish","4":"has-post-thumbnail","6":"product_brand-eurovinil-de","7":"product_cat-schlauchboote-und-beiboote","9":"first","10":"instock","11":"shipping-taxable","12":"purchasable","13":"product-type-simple"},"_links":{"self":[{"href":"https:\/\/stoic-curie.212-227-153-4.plesk.page\/de\/wp-json\/wp\/v2\/product\/737535","targetHints":{"allow":["GET"]}}],"collection":[{"href":"https:\/\/stoic-curie.212-227-153-4.plesk.page\/de\/wp-json\/wp\/v2\/product"}],"about":[{"href":"https:\/\/stoic-curie.212-227-153-4.plesk.page\/de\/wp-json\/wp\/v2\/types\/product"}],"replies":[{"embeddable":true,"href":"https:\/\/stoic-curie.212-227-153-4.plesk.page\/de\/wp-json\/wp\/v2\/comments?post=737535"}],"version-history":[{"count":0,"href":"https:\/\/stoic-curie.212-227-153-4.plesk.page\/de\/wp-json\/wp\/v2\/product\/737535\/revisions"}],"wp:featuredmedia":[{"embeddable":true,"href":"https:\/\/stoic-curie.212-227-153-4.plesk.page\/de\/wp-json\/wp\/v2\/media\/5946150"}],"wp:attachment":[{"href":"https:\/\/stoic-curie.212-227-153-4.plesk.page\/de\/wp-json\/wp\/v2\/media?parent=737535"}],"wp:term":[{"taxonomy":"product_brand","embeddable":true,"href":"https:\/\/stoic-curie.212-227-153-4.plesk.page\/de\/wp-json\/wp\/v2\/product_brand?post=737535"},{"taxonomy":"product_cat","embeddable":true,"href":"https:\/\/stoic-curie.212-227-153-4.plesk.page\/de\/wp-json\/wp\/v2\/product_cat?post=737535"},{"taxonomy":"product_tag","embeddable":true,"href":"https:\/\/stoic-curie.212-227-153-4.plesk.page\/de\/wp-json\/wp\/v2\/product_tag?post=737535"}],"curies":[{"name":"wp","href":"https:\/\/api.w.org\/{rel}","templated":true}]}}