{"id":737537,"date":"2025-03-03T16:38:20","date_gmt":"2025-03-03T15:38:20","guid":{"rendered":"https:\/\/stoic-curie.212-227-153-4.plesk.page\/producto\/sitzsockel-fuer-garelick-pedestal\/"},"modified":"2026-02-24T23:35:12","modified_gmt":"2026-02-24T23:35:12","slug":"sitzsockel-fuer-garelick-pedestal","status":"publish","type":"product","link":"https:\/\/stoic-curie.212-227-153-4.plesk.page\/de\/product\/sitzsockel-fuer-garelick-pedestal\/","title":{"rendered":"Sitzsockel f\u00fcr Garelick-Pedestal"},"content":{"rendered":"<p>Sitzsockel f\u00fcr Garelick-Pedestal &#8211; <\/p>\n<p>H\u00f6henverstellbarer Anodized Aluminum Garelick-Sitzpfeiler mit Snap-Pin. Kann mit einer Standardoberseite oder einer Oberseite mit Vorw\u00e4rts-R\u00fcckw\u00e4rts-Sitzschieber kombiniert werden. Beide Oberteile sind mit einem Delrin-Lager ausgestattet, das Reibung beseitigt und eine perfekte Rotation erm\u00f6glicht. Durchmesser des Pestors: 73 mm, Durchmesser der Basis: 235 mm.<\/p>\n","protected":false},"excerpt":{"rendered":"<p>Sitzsockel f\u00fcr Garelick-Pedestal &#8211; H\u00f6henverstellbarer Anodized Aluminum Garelick-Sitzpfeiler mit Snap-Pin. Kann mit einer Standardoberseite oder einer Oberseite mit Vorw\u00e4rts-R\u00fcckw\u00e4rts-Sitzschieber kombiniert<\/p>\n","protected":false},"featured_media":5946221,"comment_status":"open","ping_status":"closed","template":"","meta":[],"product_brand":[2965],"product_cat":[1391,1411],"product_tag":[],"class_list":{"0":"post-737537","1":"product","2":"type-product","3":"status-publish","4":"has-post-thumbnail","6":"product_brand-garelick-de","7":"product_cat-bootsitze","8":"product_cat-sitz-podeste","10":"first","11":"instock","12":"shipping-taxable","13":"purchasable","14":"product-type-simple"},"_links":{"self":[{"href":"https:\/\/stoic-curie.212-227-153-4.plesk.page\/de\/wp-json\/wp\/v2\/product\/737537","targetHints":{"allow":["GET"]}}],"collection":[{"href":"https:\/\/stoic-curie.212-227-153-4.plesk.page\/de\/wp-json\/wp\/v2\/product"}],"about":[{"href":"https:\/\/stoic-curie.212-227-153-4.plesk.page\/de\/wp-json\/wp\/v2\/types\/product"}],"replies":[{"embeddable":true,"href":"https:\/\/stoic-curie.212-227-153-4.plesk.page\/de\/wp-json\/wp\/v2\/comments?post=737537"}],"version-history":[{"count":0,"href":"https:\/\/stoic-curie.212-227-153-4.plesk.page\/de\/wp-json\/wp\/v2\/product\/737537\/revisions"}],"wp:featuredmedia":[{"embeddable":true,"href":"https:\/\/stoic-curie.212-227-153-4.plesk.page\/de\/wp-json\/wp\/v2\/media\/5946221"}],"wp:attachment":[{"href":"https:\/\/stoic-curie.212-227-153-4.plesk.page\/de\/wp-json\/wp\/v2\/media?parent=737537"}],"wp:term":[{"taxonomy":"product_brand","embeddable":true,"href":"https:\/\/stoic-curie.212-227-153-4.plesk.page\/de\/wp-json\/wp\/v2\/product_brand?post=737537"},{"taxonomy":"product_cat","embeddable":true,"href":"https:\/\/stoic-curie.212-227-153-4.plesk.page\/de\/wp-json\/wp\/v2\/product_cat?post=737537"},{"taxonomy":"product_tag","embeddable":true,"href":"https:\/\/stoic-curie.212-227-153-4.plesk.page\/de\/wp-json\/wp\/v2\/product_tag?post=737537"}],"curies":[{"name":"wp","href":"https:\/\/api.w.org\/{rel}","templated":true}]}}