{"id":737538,"date":"2025-03-03T16:38:21","date_gmt":"2025-03-03T15:38:21","guid":{"rendered":"https:\/\/stoic-curie.212-227-153-4.plesk.page\/producto\/garelick-teleskop-leiter-3-stufen-84-x-28cm\/"},"modified":"2026-02-24T23:35:12","modified_gmt":"2026-02-24T23:35:12","slug":"garelick-teleskop-leiter-3-stufen-84-x-28cm","status":"publish","type":"product","link":"https:\/\/stoic-curie.212-227-153-4.plesk.page\/de\/product\/garelick-teleskop-leiter-3-stufen-84-x-28cm\/","title":{"rendered":"Garelick Teleskop-Leiter 3 Stufen"},"content":{"rendered":"<p>Garelick Teleskop-Leiter 3 Stufen &#8211; <\/p>\n<p>Wir freuen uns, unsere eloxierte Aluminium-Teleskopleiter vorzustellen, die mit einer robusten Hartoxidoberfl\u00e4che versehen ist. Diese Leiter ist mit einem stabilen zentralen Achsenger\u00fcst und ausziehbaren Stufen ausgestattet, die sich m\u00fchelos in den Heckdeckel integrieren. Sie verf\u00fcgt \u00fcber einen einfachen Schnappmechanismus, der ein reibungsloses Ausfahren erm\u00f6glicht und gleichzeitig daf\u00fcr sorgt, dass sie unauff\u00e4llig und jederzeit zug\u00e4nglich bleibt.<\/p>\n<p>Subtil, aber sofort verf\u00fcgbar, ist die integrierte Garelick-Heckleiter nahezu vollst\u00e4ndig verborgen, wenn sie nicht in Betrieb ist. Das einzige sichtbare Element ist eine elegante, stilvolle Frontplatte mit einem Verriegelungsmechanismus. Die Leiter befindet sich in einem Aufbewahrungsschlauch, der in den Innenr\u00e4umen des Rumpfes eingelassen ist.<\/p>\n<p>Wenn die Leiter ben\u00f6tigt wird, l\u00f6sen Sie einfach den Riegel und schieben Sie diese in einer flie\u00dfenden Bewegung nach hinten, wodurch sie ins Wasser kippt. Sobald sie aus dem Aufbewahrungsschlauch herausgezogen ist, entfalten sich die geformten Tritte m\u00fchelos und bilden eine Reihe robuster und praktischer Stufen f\u00fcr einfaches Ein- und Aussteigen.<\/p>\n<p>Diese an der Heckmontage angebrachte Garelick-Leiter ist in zwei Varianten mit unterschiedlichen ungef\u00e4hren Abmessungen erh\u00e4ltlich:<\/p>\n<ul>\n<li>3 Stufen: Gesamtl\u00e4nge (Aufbewahrungsschlauch): 96,5 cm \/ Leiterl\u00e4nge (ausgefahren): 74,9 cm<\/li>\n<\/ul>\n<p>Hauptmerkmale:<\/p>\n<ul>\n<li>Erm\u00f6glicht unabh\u00e4ngiges Wiedereinsteigen<\/li>\n<li>Vollst\u00e4ndig im Heck und Rumpf zur\u00fcckziehbar<\/li>\n<li>Drei distincte Stufen f\u00fcr einfachen Zugang<\/li>\n<li>Schnellverschlussring mit selbstverriegelndem Riegel f\u00fcr eine einfache Einrichtung<\/li>\n<li>Eloxiertes Aluminiumkanalgeh\u00e4use, das in einem 15\u00b0-Winkel ausgefahren wird<\/li>\n<li>Wiegt eine Beladungskapazit\u00e4t von 113 bis 136 kg.<\/li>\n<\/ul>\n<p>Entdecken Sie eine Leiter, die Praktikabilit\u00e4t mit Benutzerfreundlichkeit kombiniert.<\/p>\n","protected":false},"excerpt":{"rendered":"<p>Garelick Teleskop-Leiter 3 Stufen &#8211; Wir freuen uns, unsere eloxierte Aluminium-Teleskopleiter vorzustellen, die mit einer robusten Hartoxidoberfl\u00e4che versehen ist. Diese<\/p>\n","protected":false},"featured_media":5946225,"comment_status":"open","ping_status":"closed","template":"","meta":[],"product_brand":[2965],"product_cat":[1331],"product_tag":[],"class_list":{"0":"post-737538","1":"product","2":"type-product","3":"status-publish","4":"has-post-thumbnail","6":"product_brand-garelick-de","7":"product_cat-bootsleitern","9":"first","10":"instock","11":"shipping-taxable","12":"purchasable","13":"product-type-simple"},"_links":{"self":[{"href":"https:\/\/stoic-curie.212-227-153-4.plesk.page\/de\/wp-json\/wp\/v2\/product\/737538","targetHints":{"allow":["GET"]}}],"collection":[{"href":"https:\/\/stoic-curie.212-227-153-4.plesk.page\/de\/wp-json\/wp\/v2\/product"}],"about":[{"href":"https:\/\/stoic-curie.212-227-153-4.plesk.page\/de\/wp-json\/wp\/v2\/types\/product"}],"replies":[{"embeddable":true,"href":"https:\/\/stoic-curie.212-227-153-4.plesk.page\/de\/wp-json\/wp\/v2\/comments?post=737538"}],"version-history":[{"count":0,"href":"https:\/\/stoic-curie.212-227-153-4.plesk.page\/de\/wp-json\/wp\/v2\/product\/737538\/revisions"}],"wp:featuredmedia":[{"embeddable":true,"href":"https:\/\/stoic-curie.212-227-153-4.plesk.page\/de\/wp-json\/wp\/v2\/media\/5946225"}],"wp:attachment":[{"href":"https:\/\/stoic-curie.212-227-153-4.plesk.page\/de\/wp-json\/wp\/v2\/media?parent=737538"}],"wp:term":[{"taxonomy":"product_brand","embeddable":true,"href":"https:\/\/stoic-curie.212-227-153-4.plesk.page\/de\/wp-json\/wp\/v2\/product_brand?post=737538"},{"taxonomy":"product_cat","embeddable":true,"href":"https:\/\/stoic-curie.212-227-153-4.plesk.page\/de\/wp-json\/wp\/v2\/product_cat?post=737538"},{"taxonomy":"product_tag","embeddable":true,"href":"https:\/\/stoic-curie.212-227-153-4.plesk.page\/de\/wp-json\/wp\/v2\/product_tag?post=737538"}],"curies":[{"name":"wp","href":"https:\/\/api.w.org\/{rel}","templated":true}]}}