{"id":737542,"date":"2025-03-03T16:38:22","date_gmt":"2025-03-03T15:38:22","guid":{"rendered":"https:\/\/stoic-curie.212-227-153-4.plesk.page\/producto\/teakholz-und-edelstahlplattform-1000-x-380-mm-mit-drei-stufenleiter\/"},"modified":"2026-02-24T23:35:14","modified_gmt":"2026-02-24T23:35:14","slug":"teakholz-und-edelstahlplattform-1000-x-380-mm-mit-drei-stufenleiter","status":"publish","type":"product","link":"https:\/\/stoic-curie.212-227-153-4.plesk.page\/de\/product\/teakholz-und-edelstahlplattform-1000-x-380-mm-mit-drei-stufenleiter\/","title":{"rendered":"Teakholz- und Edelstahlplattform 1000 x 380 mm mit drei Stufenleiter"},"content":{"rendered":"<p>Teakholz- und Edelstahlplattform 1000 x 380 mm mit drei Stufenleiter &#8211; <\/p>\n<p>Ger\u00fcst aus 316 Edelstahl mit gro\u00dfen Teak-Planken f\u00fcr die Transom-Schwimmb\u00fchne. Teleskopleiter mit 3 Stufen zur Unterbringung (L 37 cm im verstauten Zustand \/ L 87 cm im ausgeklappten Zustand). Die Leiter kann in einem K\u00e4fig unter der Plattform verstaut werden.<\/p>\n","protected":false},"excerpt":{"rendered":"<p>Teakholz- und Edelstahlplattform 1000 x 380 mm mit drei Stufenleiter &#8211; Ger\u00fcst aus 316 Edelstahl mit gro\u00dfen Teak-Planken f\u00fcr die<\/p>\n","protected":false},"featured_media":5946233,"comment_status":"open","ping_status":"closed","template":"","meta":[],"product_brand":[3490],"product_cat":[1327,1407],"product_tag":[],"class_list":{"0":"post-737542","1":"product","2":"type-product","3":"status-publish","4":"has-post-thumbnail","6":"product_brand-trem-de","7":"product_cat-boots-badeplattformen","8":"product_cat-heckplattformen","10":"first","11":"instock","12":"shipping-taxable","13":"purchasable","14":"product-type-simple"},"_links":{"self":[{"href":"https:\/\/stoic-curie.212-227-153-4.plesk.page\/de\/wp-json\/wp\/v2\/product\/737542","targetHints":{"allow":["GET"]}}],"collection":[{"href":"https:\/\/stoic-curie.212-227-153-4.plesk.page\/de\/wp-json\/wp\/v2\/product"}],"about":[{"href":"https:\/\/stoic-curie.212-227-153-4.plesk.page\/de\/wp-json\/wp\/v2\/types\/product"}],"replies":[{"embeddable":true,"href":"https:\/\/stoic-curie.212-227-153-4.plesk.page\/de\/wp-json\/wp\/v2\/comments?post=737542"}],"version-history":[{"count":0,"href":"https:\/\/stoic-curie.212-227-153-4.plesk.page\/de\/wp-json\/wp\/v2\/product\/737542\/revisions"}],"wp:featuredmedia":[{"embeddable":true,"href":"https:\/\/stoic-curie.212-227-153-4.plesk.page\/de\/wp-json\/wp\/v2\/media\/5946233"}],"wp:attachment":[{"href":"https:\/\/stoic-curie.212-227-153-4.plesk.page\/de\/wp-json\/wp\/v2\/media?parent=737542"}],"wp:term":[{"taxonomy":"product_brand","embeddable":true,"href":"https:\/\/stoic-curie.212-227-153-4.plesk.page\/de\/wp-json\/wp\/v2\/product_brand?post=737542"},{"taxonomy":"product_cat","embeddable":true,"href":"https:\/\/stoic-curie.212-227-153-4.plesk.page\/de\/wp-json\/wp\/v2\/product_cat?post=737542"},{"taxonomy":"product_tag","embeddable":true,"href":"https:\/\/stoic-curie.212-227-153-4.plesk.page\/de\/wp-json\/wp\/v2\/product_tag?post=737542"}],"curies":[{"name":"wp","href":"https:\/\/api.w.org\/{rel}","templated":true}]}}