{"id":737557,"date":"2025-03-03T16:38:26","date_gmt":"2025-03-03T15:38:26","guid":{"rendered":"https:\/\/stoic-curie.212-227-153-4.plesk.page\/producto\/segelhandschuhe-musto-performance-winter-full-groesse-m\/"},"modified":"2026-02-24T23:35:14","modified_gmt":"2026-02-24T23:35:14","slug":"segelhandschuhe-musto-performance-winter-full-groesse-m","status":"publish","type":"product","link":"https:\/\/stoic-curie.212-227-153-4.plesk.page\/de\/product\/segelhandschuhe-musto-performance-winter-full-groesse-m\/","title":{"rendered":"Segelhandschuhe Musto Performance Winter Full &#8211; Gr\u00f6\u00dfe : M"},"content":{"rendered":"<p>Segelhandschuhe Musto Performance Winter Full &#8211; Gr\u00f6\u00dfe : M &#8211; <\/p>\n<p>Musto Performance Winterhandschuhe mit ergonomischer Fingerkonstruktion f\u00fcr erh\u00f6hten Komfort und Geschicklichkeit. Hergestellt aus hochwertigem Neopren bieten sie einen hohen Grip und Schutz vor K\u00e4lte. Verst\u00e4rkte Finger und Handfl\u00e4chen minimieren das Risiko von Seilverbrennungen, w\u00e4hrend ihre Flexibilit\u00e4t auch nach dem Trocknen erhalten bleibt. Mit einem verstellbaren Bund f\u00fcr die optimale Passform.<\/p>\n","protected":false},"excerpt":{"rendered":"<p>Segelhandschuhe Musto Performance Winter Full &#8211; Gr\u00f6\u00dfe : M &#8211; Musto Performance Winterhandschuhe mit ergonomischer Fingerkonstruktion f\u00fcr erh\u00f6hten Komfort und<\/p>\n","protected":false},"featured_media":5946258,"comment_status":"open","ping_status":"closed","template":"","meta":[],"product_brand":[3155],"product_cat":[1567,1571],"product_tag":[],"class_list":{"0":"post-737557","1":"product","2":"type-product","3":"status-publish","4":"has-post-thumbnail","6":"product_brand-musto-de","7":"product_cat-segelbekleidung-musto","8":"product_cat-segelhandschuhe","10":"first","11":"instock","12":"shipping-taxable","13":"purchasable","14":"product-type-simple"},"_links":{"self":[{"href":"https:\/\/stoic-curie.212-227-153-4.plesk.page\/de\/wp-json\/wp\/v2\/product\/737557","targetHints":{"allow":["GET"]}}],"collection":[{"href":"https:\/\/stoic-curie.212-227-153-4.plesk.page\/de\/wp-json\/wp\/v2\/product"}],"about":[{"href":"https:\/\/stoic-curie.212-227-153-4.plesk.page\/de\/wp-json\/wp\/v2\/types\/product"}],"replies":[{"embeddable":true,"href":"https:\/\/stoic-curie.212-227-153-4.plesk.page\/de\/wp-json\/wp\/v2\/comments?post=737557"}],"version-history":[{"count":0,"href":"https:\/\/stoic-curie.212-227-153-4.plesk.page\/de\/wp-json\/wp\/v2\/product\/737557\/revisions"}],"wp:featuredmedia":[{"embeddable":true,"href":"https:\/\/stoic-curie.212-227-153-4.plesk.page\/de\/wp-json\/wp\/v2\/media\/5946258"}],"wp:attachment":[{"href":"https:\/\/stoic-curie.212-227-153-4.plesk.page\/de\/wp-json\/wp\/v2\/media?parent=737557"}],"wp:term":[{"taxonomy":"product_brand","embeddable":true,"href":"https:\/\/stoic-curie.212-227-153-4.plesk.page\/de\/wp-json\/wp\/v2\/product_brand?post=737557"},{"taxonomy":"product_cat","embeddable":true,"href":"https:\/\/stoic-curie.212-227-153-4.plesk.page\/de\/wp-json\/wp\/v2\/product_cat?post=737557"},{"taxonomy":"product_tag","embeddable":true,"href":"https:\/\/stoic-curie.212-227-153-4.plesk.page\/de\/wp-json\/wp\/v2\/product_tag?post=737557"}],"curies":[{"name":"wp","href":"https:\/\/api.w.org\/{rel}","templated":true}]}}