{"id":737561,"date":"2025-03-03T16:38:27","date_gmt":"2025-03-03T15:38:27","guid":{"rendered":"https:\/\/stoic-curie.212-227-153-4.plesk.page\/producto\/klimaanlage-vitrifrigo-macs-7000\/"},"modified":"2026-02-24T23:35:14","modified_gmt":"2026-02-24T23:35:14","slug":"klimaanlage-vitrifrigo-macs-7000","status":"publish","type":"product","link":"https:\/\/stoic-curie.212-227-153-4.plesk.page\/de\/product\/klimaanlage-vitrifrigo-macs-7000\/","title":{"rendered":"Klimaanlage Vitrifrigo Macs 7000"},"content":{"rendered":"<p>Klimaanlage Vitrifrigo Macs 7000 &#8211; <\/p>\n<p style=\"color: rgb(34, 34, 34); font-family: Arial, Helvetica, sans-serif; font-size: small;\"><strong>Vitrifrigo MACS 7000<\/strong> Klimaanlage wurde speziell f\u00fcr maritime Anwendungen entwickelt und ist eine ausgezeichnete Wahl zur K\u00fchlung eines einzelnen Raumes oder zweier angrenzender R\u00e4ume. Dieses System arbeitet mit einem Meerwasser-Zirkulationssystem, das sowohl als Klimaanlage f\u00fcr kalte Luft als auch als Heizger\u00e4t f\u00fcr warme Luft fungiert.<\/p>\n<p style=\"color: rgb(34, 34, 34); font-family: Arial, Helvetica, sans-serif; font-size: small;\">Das kompakte Monoblock-Design umfasst einen Kompressor, einen Kondensator, einen Verdampfer, einen Ventilator und ein Bedienfeld, das mit einem 3 Meter langen Verl\u00e4ngerungskabel und einer Fernbedienung ausgestattet ist. Das elektrische Panel hat eine 1,2 Meter lange Verl\u00e4ngerung und arbeitet mit einer 220V-Stromversorgung, die f\u00fcr den Einsatz mit Landstrom oder einem Generator geeignet ist. Bitte beachten Sie, dass dieses Ger\u00e4t ohne wichtige Zubeh\u00f6rteile wie Schl\u00e4uche, Gitter, Wasserpumpen, Filter und Ansauggitter geliefert wird, die separat erworben werden m\u00fcssen.<\/p>\n<p style=\"color: rgb(34, 34, 34); font-family: Arial, Helvetica, sans-serif; font-size: small;\">In Bezug auf die Leistung bietet die MACS-Serie verschiedene Modelle:<\/p>\n<ul style=\"color: rgb(34, 34, 34); font-family: Arial, Helvetica, sans-serif; font-size: small;\">\n<li><strong>MACS 7000<\/strong>: Verbrauch von 600W\/2.6A (700W\/3.0A im Heizmodus) mit einem Durchfluss von 400 m\u00b3\/h.<\/li>\n<li><strong>MACS 12000<\/strong>: Verbrauch von 890W\/4.0A (1100W\/4.7A im Heizmodus) mit einem Durchfluss von 540 m\u00b3\/h.<\/li>\n<li><strong>MACS 16000<\/strong>: Verbrauch von 1100W\/5.0A (1300W\/5.5A im Heizmodus) mit einem Durchfluss von 640 m\u00b3\/h.<\/li>\n<\/ul>\n<p style=\"color: rgb(34, 34, 34); font-family: Arial, Helvetica, sans-serif; font-size: small;\">Das Modell MACS 7000 bietet optimalen Komfort und Wohlbefinden an Bord, auch bei extremen Wetterbedingungen, mit einer K\u00fchlleistung von 7000 BTU\/h, was es f\u00fcr R\u00e4ume von 20 bis 25 Quadratmetern geeignet macht.<\/p>\n<p style=\"color: rgb(34, 34, 34); font-family: Arial, Helvetica, sans-serif; font-size: small;\">Die Monoblockstruktur, die Kompressor, Kondensator, Verdampfer und Ventilator integriert, gew\u00e4hrleistet Vielseitigkeit w\u00e4hrend der gesamten Saison, was es ideal f\u00fcr maritime Installationen macht. Die digitale Temperaturregelung und das LCD-Display erm\u00f6glichen eine pr\u00e4zise und benutzerfreundliche Bedienung.<\/p>\n<p style=\"color: rgb(34, 34, 34); font-family: Arial, Helvetica, sans-serif; font-size: small;\">Dar\u00fcber hinaus verwendet das umweltfreundliche Design das K\u00e4ltemittel R410A mit niedrigen Treibhausgasemissionen, das den globalen Umweltstandards entspricht. Das System bewegt effektiv Luft durch isolierte Kan\u00e4le und verteilt sie \u00fcber Diffusionsgitter, was eine individuelle Komfortregelung erm\u00f6glicht.<\/p>\n<p style=\"color: rgb(34, 34, 34); font-family: Arial, Helvetica, sans-serif; font-size: small;\">Mit der Wahl der Vitrifrigo MACS 7000 entscheiden Sie sich f\u00fcr eine hochwertige und umweltbewusste K\u00fchl\u00f6sung f\u00fcr Ihre maritime Umgebung.<\/p>\n<p style=\"color: rgb(34, 34, 34); font-family: Arial, Helvetica, sans-serif; font-size: small;\"><strong>Technische Daten:<\/strong><\/p>\n<ul style=\"color: rgb(34, 34, 34); font-family: Arial, Helvetica, sans-serif; font-size: small;\">\n<li>Serie: MACS<\/li>\n<li>Umkehrbare T\u00fcr: Nein<\/li>\n<li>Thermostat: Digital<\/li>\n<li>K\u00fchltechnologie: Kompressor<\/li>\n<li>Spannung: 230 VAC<\/li>\n<\/ul>\n","protected":false},"excerpt":{"rendered":"<p>Klimaanlage Vitrifrigo Macs 7000 &#8211; Vitrifrigo MACS 7000 Klimaanlage wurde speziell f\u00fcr maritime Anwendungen entwickelt und ist eine ausgezeichnete Wahl<\/p>\n","protected":false},"featured_media":5946259,"comment_status":"open","ping_status":"closed","template":"","meta":[],"product_brand":[3525],"product_cat":[1360],"product_tag":[],"class_list":{"0":"post-737561","1":"product","2":"type-product","3":"status-publish","4":"has-post-thumbnail","6":"product_brand-vitrifrigo-de","7":"product_cat-kuechengeraete","9":"first","10":"instock","11":"shipping-taxable","12":"purchasable","13":"product-type-simple"},"_links":{"self":[{"href":"https:\/\/stoic-curie.212-227-153-4.plesk.page\/de\/wp-json\/wp\/v2\/product\/737561","targetHints":{"allow":["GET"]}}],"collection":[{"href":"https:\/\/stoic-curie.212-227-153-4.plesk.page\/de\/wp-json\/wp\/v2\/product"}],"about":[{"href":"https:\/\/stoic-curie.212-227-153-4.plesk.page\/de\/wp-json\/wp\/v2\/types\/product"}],"replies":[{"embeddable":true,"href":"https:\/\/stoic-curie.212-227-153-4.plesk.page\/de\/wp-json\/wp\/v2\/comments?post=737561"}],"version-history":[{"count":0,"href":"https:\/\/stoic-curie.212-227-153-4.plesk.page\/de\/wp-json\/wp\/v2\/product\/737561\/revisions"}],"wp:featuredmedia":[{"embeddable":true,"href":"https:\/\/stoic-curie.212-227-153-4.plesk.page\/de\/wp-json\/wp\/v2\/media\/5946259"}],"wp:attachment":[{"href":"https:\/\/stoic-curie.212-227-153-4.plesk.page\/de\/wp-json\/wp\/v2\/media?parent=737561"}],"wp:term":[{"taxonomy":"product_brand","embeddable":true,"href":"https:\/\/stoic-curie.212-227-153-4.plesk.page\/de\/wp-json\/wp\/v2\/product_brand?post=737561"},{"taxonomy":"product_cat","embeddable":true,"href":"https:\/\/stoic-curie.212-227-153-4.plesk.page\/de\/wp-json\/wp\/v2\/product_cat?post=737561"},{"taxonomy":"product_tag","embeddable":true,"href":"https:\/\/stoic-curie.212-227-153-4.plesk.page\/de\/wp-json\/wp\/v2\/product_tag?post=737561"}],"curies":[{"name":"wp","href":"https:\/\/api.w.org\/{rel}","templated":true}]}}