{"id":737562,"date":"2025-03-03T16:38:28","date_gmt":"2025-03-03T15:38:28","guid":{"rendered":"https:\/\/stoic-curie.212-227-153-4.plesk.page\/producto\/installationskit-fuer-vitrifrigo-macs-7000\/"},"modified":"2026-02-24T23:35:14","modified_gmt":"2026-02-24T23:35:14","slug":"installationskit-fuer-vitrifrigo-macs-7000","status":"publish","type":"product","link":"https:\/\/stoic-curie.212-227-153-4.plesk.page\/de\/product\/installationskit-fuer-vitrifrigo-macs-7000\/","title":{"rendered":"Installationskit f\u00fcr Vitrifrigo Macs 7000"},"content":{"rendered":"<p>Installationskit f\u00fcr Vitrifrigo Macs 7000 &#8211; <\/p>\n<p>Zubeh\u00f6rset erforderlich, um die MACS-Klimaanlagen zu vervollst\u00e4ndigen.<\/p>\n<p>MACS 7000:<br \/>4 St\u00fcck 16 mm Rohr-zu-Schlauch-Verbinder, Meerwasseransauggitter und Kugelhahn, alle aus Messing mit 1\/2&#8243; Gewinde<br \/>1\/2&#8243; verchromte Messing-Durchlaufverbindung<br \/>Meerwasserfilter mit 1\/2&#8243; Anschl\u00fcssen<br \/>220V\/40W\/0,2A Meerwasserpumpe mit 2 x 16 mm Anschl\u00fcssen<br \/>16 mm Spiralschauch L 10 Meter<br \/>102 mm L 5 Meter flexibler Luftkanal<br \/>R\u00fcckluftgitter mit Rahmen 280 x 280 mm \/ eingelassene \u00d6ffnung 250 x 250 mm<br \/>Zuluftraster mit Rahmen 130 x 280 mm \/ eingelassene \u00d6ffnung 100 x 250 mm<\/p>\n<p>MACS 12000:<br \/>4 St\u00fcck 20 mm Rohr-zu-Schlauch-Verbinder, Meerwasseransauggitter und Kugelhahn, alle aus Messing mit 3\/4&#8243; Gewinde<br \/>3\/4&#8243; verchromte Messing-Durchlaufverbindung<br \/>Meerwasserfilter mit 3\/4&#8243; Anschl\u00fcssen<br \/>220V\/40W\/0,4A Meerwasserpumpe mit 2 x 20 mm Anschl\u00fcssen<br \/>20 mm Spiralschauch L 10 Meter<br \/>152 mm L 5 Meter flexibler Luftkanal<br \/>R\u00fcckluftgitter mit Rahmen 335 x 335 mm \/ eingelassene \u00d6ffnung 300 x 300 mm<br \/>Zuluftraster mit Rahmen 155 x 280 mm \/ eingelassene \u00d6ffnung 120 x 250 mm<\/p>\n<p>MACS 16000:<br \/>4 St\u00fcck 25 mm Rohr-zu-Schlauch-Verbinder, Meerwasseransauggitter und Kugelhahn, alle aus Messing mit 1&#8243; Gewinde<br \/>1&#8243; verchromte Messing-Durchlaufverbindung<br \/>Meerwasserfilter mit 1&#8243; Anschl\u00fcssen<br \/>220V\/80W\/0,7A Meerwasserpumpe mit 2 x 25 mm Anschl\u00fcssen<br \/>25 mm Spiralschauch L 10 Meter<br \/>152 mm L 5 Meter flexibler Luftkanal<br \/>R\u00fcckluftgitter mit Rahmen 335 x 335 mm \/ eingelassene \u00d6ffnung 300 x 300 mm<br \/>Zuluftraster mit Rahmen 180 x 330 mm \/ eingelassene \u00d6ffnung 150 x 300 mm<\/p>\n","protected":false},"excerpt":{"rendered":"<p>Installationskit f\u00fcr Vitrifrigo Macs 7000 &#8211; Zubeh\u00f6rset erforderlich, um die MACS-Klimaanlagen zu vervollst\u00e4ndigen. MACS 7000:4 St\u00fcck 16 mm Rohr-zu-Schlauch-Verbinder, Meerwasseransauggitter<\/p>\n","protected":false},"featured_media":5946261,"comment_status":"open","ping_status":"closed","template":"","meta":[],"product_brand":[3525],"product_cat":[1360],"product_tag":[],"class_list":{"0":"post-737562","1":"product","2":"type-product","3":"status-publish","4":"has-post-thumbnail","6":"product_brand-vitrifrigo-de","7":"product_cat-kuechengeraete","9":"first","10":"instock","11":"shipping-taxable","12":"purchasable","13":"product-type-simple"},"_links":{"self":[{"href":"https:\/\/stoic-curie.212-227-153-4.plesk.page\/de\/wp-json\/wp\/v2\/product\/737562","targetHints":{"allow":["GET"]}}],"collection":[{"href":"https:\/\/stoic-curie.212-227-153-4.plesk.page\/de\/wp-json\/wp\/v2\/product"}],"about":[{"href":"https:\/\/stoic-curie.212-227-153-4.plesk.page\/de\/wp-json\/wp\/v2\/types\/product"}],"replies":[{"embeddable":true,"href":"https:\/\/stoic-curie.212-227-153-4.plesk.page\/de\/wp-json\/wp\/v2\/comments?post=737562"}],"version-history":[{"count":0,"href":"https:\/\/stoic-curie.212-227-153-4.plesk.page\/de\/wp-json\/wp\/v2\/product\/737562\/revisions"}],"wp:featuredmedia":[{"embeddable":true,"href":"https:\/\/stoic-curie.212-227-153-4.plesk.page\/de\/wp-json\/wp\/v2\/media\/5946261"}],"wp:attachment":[{"href":"https:\/\/stoic-curie.212-227-153-4.plesk.page\/de\/wp-json\/wp\/v2\/media?parent=737562"}],"wp:term":[{"taxonomy":"product_brand","embeddable":true,"href":"https:\/\/stoic-curie.212-227-153-4.plesk.page\/de\/wp-json\/wp\/v2\/product_brand?post=737562"},{"taxonomy":"product_cat","embeddable":true,"href":"https:\/\/stoic-curie.212-227-153-4.plesk.page\/de\/wp-json\/wp\/v2\/product_cat?post=737562"},{"taxonomy":"product_tag","embeddable":true,"href":"https:\/\/stoic-curie.212-227-153-4.plesk.page\/de\/wp-json\/wp\/v2\/product_tag?post=737562"}],"curies":[{"name":"wp","href":"https:\/\/api.w.org\/{rel}","templated":true}]}}