{"id":737563,"date":"2025-03-03T16:38:28","date_gmt":"2025-03-03T15:38:28","guid":{"rendered":"https:\/\/stoic-curie.212-227-153-4.plesk.page\/producto\/klimaanlage-vitrifrigo-macs-16000\/"},"modified":"2026-02-24T23:35:14","modified_gmt":"2026-02-24T23:35:14","slug":"klimaanlage-vitrifrigo-macs-16000","status":"publish","type":"product","link":"https:\/\/stoic-curie.212-227-153-4.plesk.page\/de\/product\/klimaanlage-vitrifrigo-macs-16000\/","title":{"rendered":"Klimaanlage Vitrifrigo MACS 16000"},"content":{"rendered":"<p>Klimaanlage Vitrifrigo MACS 16000 &#8211; <\/p>\n<p style=\"color: rgb(34, 34, 34); font-family: Arial, Helvetica, sans-serif; font-size: small;\">Das VITRIFRIGO MACS 16000 Klimaanlag garantiert optimalen Komfort und Wohlbefinden an Bord, selbst unter den herausforderndsten Wetterbedingungen. Mit einer K\u00fchlleistung von 16.000 BTU\/h ist dieses Ger\u00e4t ideal f\u00fcr R\u00e4ume zwischen 25 und 30 Quadratmetern geeignet.<\/p>\n<p style=\"color: rgb(34, 34, 34); font-family: Arial, Helvetica, sans-serif; font-size: small;\">Speziell f\u00fcr marine Anwendungen entwickelt, k\u00fchlt das Vitrifrigo MACS 16000 effizient einen einzelnen Raum oder zwei angrenzende R\u00e4ume. Es arbeitet mit einem Seewasserkreis, der sowohl als Klimaanlage, die k\u00fchle Luft bietet, als auch als Heizung, die W\u00e4rme liefert, fungiert. Dieses kompakte Monoblocksystem umfasst einen Kompressor, Kondensator, Verdampfer, Auslass und ein Steuerpanel, komplett mit einem 3-Meter Verl\u00e4ngerungskabel und Fernbedienung. Das elektrische Panel hat ein 1,2 Meter langes Kabel und arbeitet mit 220V\/1100W\/5A (1300W\/5.5A im Heizmodus), was es kompatibel mit Landstrom oder einem Generator macht. Der Luftstrom betr\u00e4gt 640 m\u00b3\/h. Bitte beachten Sie, dass Installationszubeh\u00f6r nicht enthalten ist und separat gekauft werden muss.<\/p>\n<p style=\"color: rgb(34, 34, 34); font-family: Arial, Helvetica, sans-serif; font-size: small;\">Dieses Monoblock-Klimager\u00e4t arbeitet mit 16.000 BTU\/h und verwendet das K\u00e4ltemittel R410A, das mit einer 230V AC, einphasigen, 50Hz-Stromversorgung funktioniert. Das Ger\u00e4t wird mit einem Steuerpanel geliefert und ist f\u00fcr vielseitige Eins\u00e4tze in allen Jahreszeiten konzipiert, was es ideal f\u00fcr maritime Installationen macht.<\/p>\n<p style=\"color: rgb(34, 34, 34); font-family: Arial, Helvetica, sans-serif; font-size: small;\">Die digitale Temperaturregelung und das LCD-Display gew\u00e4hrleisten eine pr\u00e4zise und benutzerfreundliche Bedienung. Das umweltfreundliche Design verwendet das K\u00e4ltemittel R410A mit geringen Treibhausgasemissionen und entspricht den globalen Umweltstandards.<\/p>\n<p style=\"color: rgb(34, 34, 34); font-family: Arial, Helvetica, sans-serif; font-size: small;\">Das System zirkuliert effektiv Luft durch isolierte Kan\u00e4le und verteilt sie \u00fcber Diffusionsgitter, um pers\u00f6nlichen Komfort zu bieten.<\/p>\n<p style=\"color: rgb(34, 34, 34); font-family: Arial, Helvetica, sans-serif; font-size: small;\">Mit der Wahl des VITRIFRIGO MACS 16000 entscheiden Sie sich f\u00fcr eine hochwertige und umweltbewusste K\u00fchlungsl\u00f6sung.<\/p>\n<p style=\"color: rgb(34, 34, 34); font-family: Arial, Helvetica, sans-serif; font-size: small;\"> <strong>Serie:<\/strong>\u00a0MACS<br \/><strong>Umkehrbare T\u00fcr:<\/strong>\u00a0Nein<br \/><strong>Thermostat:<\/strong>\u00a0Digital<br \/><strong>K\u00fchltechnologie:<\/strong>\u00a0Kompressor<br \/><strong>Spannung:<\/strong>\u00a0230 VAC<\/p>\n","protected":false},"excerpt":{"rendered":"<p>Klimaanlage Vitrifrigo MACS 16000 &#8211; Das VITRIFRIGO MACS 16000 Klimaanlag garantiert optimalen Komfort und Wohlbefinden an Bord, selbst unter den<\/p>\n","protected":false},"featured_media":5946264,"comment_status":"open","ping_status":"closed","template":"","meta":[],"product_brand":[3525],"product_cat":[1360],"product_tag":[],"class_list":{"0":"post-737563","1":"product","2":"type-product","3":"status-publish","4":"has-post-thumbnail","6":"product_brand-vitrifrigo-de","7":"product_cat-kuechengeraete","9":"first","10":"instock","11":"shipping-taxable","12":"purchasable","13":"product-type-simple"},"_links":{"self":[{"href":"https:\/\/stoic-curie.212-227-153-4.plesk.page\/de\/wp-json\/wp\/v2\/product\/737563","targetHints":{"allow":["GET"]}}],"collection":[{"href":"https:\/\/stoic-curie.212-227-153-4.plesk.page\/de\/wp-json\/wp\/v2\/product"}],"about":[{"href":"https:\/\/stoic-curie.212-227-153-4.plesk.page\/de\/wp-json\/wp\/v2\/types\/product"}],"replies":[{"embeddable":true,"href":"https:\/\/stoic-curie.212-227-153-4.plesk.page\/de\/wp-json\/wp\/v2\/comments?post=737563"}],"version-history":[{"count":0,"href":"https:\/\/stoic-curie.212-227-153-4.plesk.page\/de\/wp-json\/wp\/v2\/product\/737563\/revisions"}],"wp:featuredmedia":[{"embeddable":true,"href":"https:\/\/stoic-curie.212-227-153-4.plesk.page\/de\/wp-json\/wp\/v2\/media\/5946264"}],"wp:attachment":[{"href":"https:\/\/stoic-curie.212-227-153-4.plesk.page\/de\/wp-json\/wp\/v2\/media?parent=737563"}],"wp:term":[{"taxonomy":"product_brand","embeddable":true,"href":"https:\/\/stoic-curie.212-227-153-4.plesk.page\/de\/wp-json\/wp\/v2\/product_brand?post=737563"},{"taxonomy":"product_cat","embeddable":true,"href":"https:\/\/stoic-curie.212-227-153-4.plesk.page\/de\/wp-json\/wp\/v2\/product_cat?post=737563"},{"taxonomy":"product_tag","embeddable":true,"href":"https:\/\/stoic-curie.212-227-153-4.plesk.page\/de\/wp-json\/wp\/v2\/product_tag?post=737563"}],"curies":[{"name":"wp","href":"https:\/\/api.w.org\/{rel}","templated":true}]}}