{"id":737564,"date":"2025-03-03T16:38:28","date_gmt":"2025-03-03T15:38:28","guid":{"rendered":"https:\/\/stoic-curie.212-227-153-4.plesk.page\/producto\/installationskit-fuer-vitrifrigo-macs-16000\/"},"modified":"2026-02-24T23:35:14","modified_gmt":"2026-02-24T23:35:14","slug":"installationskit-fuer-vitrifrigo-macs-16000","status":"publish","type":"product","link":"https:\/\/stoic-curie.212-227-153-4.plesk.page\/de\/product\/installationskit-fuer-vitrifrigo-macs-16000\/","title":{"rendered":"Installationskit f\u00fcr Vitrifrigo Macs 16000"},"content":{"rendered":"<p>Installationskit f\u00fcr Vitrifrigo Macs 16000 &#8211; <\/p>\n<p style=\"color: rgb(34, 34, 34); font-family: Arial, Helvetica, sans-serif; font-size: small;\">Um die MACS 16000 Klimaanlage vollst\u00e4ndig zu installieren, ben\u00f6tigen Sie dieses Zubeh\u00f6rset. Das Set umfasst:<\/p>\n<ul style=\"color: rgb(34, 34, 34); font-family: Arial, Helvetica, sans-serif; font-size: small;\">\n<li>Vier 25 mm Rohr-Schlauchverbinder, einen Meerwasseranschluss und ein Kugelventil, alle aus Messing mit 1&#8243; Gewinde<\/li>\n<li>Eine 1&#8243; verchromte Messing-Durchf\u00fchrungen<\/li>\n<li>Ein Meerwasserfilter mit einem 1&#8243; Anschluss<\/li>\n<li>Eine 220V\/80W\/0.7A Meerwasserpumpe mit zwei 25 mm Anschl\u00fcssen<\/li>\n<li>Ein 10 Meter langer spiralf\u00f6rmiger Wasserschlauch (25 mm)<\/li>\n<li>Ein 5 Meter flexibles L\u00fcftungsrohr (152 mm)<\/li>\n<li>Ein R\u00fcckluftgitter mit einem Rahmen von 335 x 335 mm und einem eingeschriebenen Loch von 300 x 300 mm<\/li>\n<li>Ein Zuluftgitter mit einem Rahmen von 330 x 180 mm und einem eingeschriebenen Loch von 300 x 150 mm<\/li>\n<\/ul>\n<p style=\"color: rgb(34, 34, 34); font-family: Arial, Helvetica, sans-serif; font-size: small;\">Dieses umfassende Set stellt sicher, dass Sie alles notwenige f\u00fcr eine erfolgreiche Installation haben.<\/p>\n","protected":false},"excerpt":{"rendered":"<p>Installationskit f\u00fcr Vitrifrigo Macs 16000 &#8211; Um die MACS 16000 Klimaanlage vollst\u00e4ndig zu installieren, ben\u00f6tigen Sie dieses Zubeh\u00f6rset. Das Set<\/p>\n","protected":false},"featured_media":5946261,"comment_status":"open","ping_status":"closed","template":"","meta":[],"product_brand":[3525],"product_cat":[1360],"product_tag":[],"class_list":{"0":"post-737564","1":"product","2":"type-product","3":"status-publish","4":"has-post-thumbnail","6":"product_brand-vitrifrigo-de","7":"product_cat-kuechengeraete","9":"first","10":"instock","11":"shipping-taxable","12":"purchasable","13":"product-type-simple"},"_links":{"self":[{"href":"https:\/\/stoic-curie.212-227-153-4.plesk.page\/de\/wp-json\/wp\/v2\/product\/737564","targetHints":{"allow":["GET"]}}],"collection":[{"href":"https:\/\/stoic-curie.212-227-153-4.plesk.page\/de\/wp-json\/wp\/v2\/product"}],"about":[{"href":"https:\/\/stoic-curie.212-227-153-4.plesk.page\/de\/wp-json\/wp\/v2\/types\/product"}],"replies":[{"embeddable":true,"href":"https:\/\/stoic-curie.212-227-153-4.plesk.page\/de\/wp-json\/wp\/v2\/comments?post=737564"}],"version-history":[{"count":0,"href":"https:\/\/stoic-curie.212-227-153-4.plesk.page\/de\/wp-json\/wp\/v2\/product\/737564\/revisions"}],"wp:featuredmedia":[{"embeddable":true,"href":"https:\/\/stoic-curie.212-227-153-4.plesk.page\/de\/wp-json\/wp\/v2\/media\/5946261"}],"wp:attachment":[{"href":"https:\/\/stoic-curie.212-227-153-4.plesk.page\/de\/wp-json\/wp\/v2\/media?parent=737564"}],"wp:term":[{"taxonomy":"product_brand","embeddable":true,"href":"https:\/\/stoic-curie.212-227-153-4.plesk.page\/de\/wp-json\/wp\/v2\/product_brand?post=737564"},{"taxonomy":"product_cat","embeddable":true,"href":"https:\/\/stoic-curie.212-227-153-4.plesk.page\/de\/wp-json\/wp\/v2\/product_cat?post=737564"},{"taxonomy":"product_tag","embeddable":true,"href":"https:\/\/stoic-curie.212-227-153-4.plesk.page\/de\/wp-json\/wp\/v2\/product_tag?post=737564"}],"curies":[{"name":"wp","href":"https:\/\/api.w.org\/{rel}","templated":true}]}}