{"id":737580,"date":"2025-03-03T16:38:33","date_gmt":"2025-03-03T15:38:33","guid":{"rendered":"https:\/\/stoic-curie.212-227-153-4.plesk.page\/producto\/lenkgetriebe-riviera-md45\/"},"modified":"2026-02-24T23:35:14","modified_gmt":"2026-02-24T23:35:14","slug":"lenkgetriebe-riviera-md45","status":"publish","type":"product","link":"https:\/\/stoic-curie.212-227-153-4.plesk.page\/de\/product\/lenkgetriebe-riviera-md45\/","title":{"rendered":"Lenkgetriebe Riviera MD45"},"content":{"rendered":"<p>Lenkgetriebe Riviera MD45 &#8211; <\/p>\n<p>Einzelne Kabelmechanik f\u00fcr das Steuersystem von Booten mit Au\u00dfenbordmotoren bis 45 kW und einer L\u00e4nge von bis zu 9 m. Hergestellt aus Materialien mit hoher mechanischer Widerstandsf\u00e4higkeit, mit einem Geh\u00e4use aus Delrin 100 und einer von au\u00dfen einstellbaren Kupplung. Verwendet T01-Kabel, Standardanschluss, der mit anderen im Handel erh\u00e4ltlichen Steuerkabeln kompatibel ist.<\/p>\n","protected":false},"excerpt":{"rendered":"<p>Lenkgetriebe Riviera MD45 &#8211; Einzelne Kabelmechanik f\u00fcr das Steuersystem von Booten mit Au\u00dfenbordmotoren bis 45 kW und einer L\u00e4nge von<\/p>\n","protected":false},"featured_media":5946272,"comment_status":"open","ping_status":"closed","template":"","meta":[],"product_brand":[3305],"product_cat":[1541],"product_tag":[],"class_list":{"0":"post-737580","1":"product","2":"type-product","3":"status-publish","4":"has-post-thumbnail","6":"product_brand-riviera-de","7":"product_cat-kabelsteuerung","9":"first","10":"instock","11":"shipping-taxable","12":"purchasable","13":"product-type-simple"},"_links":{"self":[{"href":"https:\/\/stoic-curie.212-227-153-4.plesk.page\/de\/wp-json\/wp\/v2\/product\/737580","targetHints":{"allow":["GET"]}}],"collection":[{"href":"https:\/\/stoic-curie.212-227-153-4.plesk.page\/de\/wp-json\/wp\/v2\/product"}],"about":[{"href":"https:\/\/stoic-curie.212-227-153-4.plesk.page\/de\/wp-json\/wp\/v2\/types\/product"}],"replies":[{"embeddable":true,"href":"https:\/\/stoic-curie.212-227-153-4.plesk.page\/de\/wp-json\/wp\/v2\/comments?post=737580"}],"version-history":[{"count":0,"href":"https:\/\/stoic-curie.212-227-153-4.plesk.page\/de\/wp-json\/wp\/v2\/product\/737580\/revisions"}],"wp:featuredmedia":[{"embeddable":true,"href":"https:\/\/stoic-curie.212-227-153-4.plesk.page\/de\/wp-json\/wp\/v2\/media\/5946272"}],"wp:attachment":[{"href":"https:\/\/stoic-curie.212-227-153-4.plesk.page\/de\/wp-json\/wp\/v2\/media?parent=737580"}],"wp:term":[{"taxonomy":"product_brand","embeddable":true,"href":"https:\/\/stoic-curie.212-227-153-4.plesk.page\/de\/wp-json\/wp\/v2\/product_brand?post=737580"},{"taxonomy":"product_cat","embeddable":true,"href":"https:\/\/stoic-curie.212-227-153-4.plesk.page\/de\/wp-json\/wp\/v2\/product_cat?post=737580"},{"taxonomy":"product_tag","embeddable":true,"href":"https:\/\/stoic-curie.212-227-153-4.plesk.page\/de\/wp-json\/wp\/v2\/product_tag?post=737580"}],"curies":[{"name":"wp","href":"https:\/\/api.w.org\/{rel}","templated":true}]}}