{"id":737581,"date":"2025-03-03T16:38:33","date_gmt":"2025-03-03T15:38:33","guid":{"rendered":"https:\/\/stoic-curie.212-227-153-4.plesk.page\/producto\/lenkgetriebe-riviera-mda100\/"},"modified":"2026-02-24T23:35:14","modified_gmt":"2026-02-24T23:35:14","slug":"lenkgetriebe-riviera-mda100","status":"publish","type":"product","link":"https:\/\/stoic-curie.212-227-153-4.plesk.page\/de\/product\/lenkgetriebe-riviera-mda100\/","title":{"rendered":"Lenkgetriebe Riviera MDA100"},"content":{"rendered":"<p>Lenkgetriebe Riviera MDA100 &#8211; <\/p>\n<p>Ein einzelnes Kabelmechaniksteuerungssystem f\u00fcr Boote mit Au\u00dfenbord- und Innenbordmotoren bis zu 100 kW und einer L\u00e4nge von bis zu 9 m f\u00fcr Au\u00dfenborder und 10,5 m f\u00fcr Innenborder. Hergestellt aus Materialien mit hoher mechanischer Best\u00e4ndigkeit, mit einem K\u00f6rper aus Delrin 100, Planetengetriebe und einer externen Knopf einstellbaren Kupplung. Verwendet T02-Kabel, Standardanschluss kompatibel mit anderen Steuerkabeln auf dem Markt.<\/p>\n","protected":false},"excerpt":{"rendered":"<p>Lenkgetriebe Riviera MDA100 &#8211; Ein einzelnes Kabelmechaniksteuerungssystem f\u00fcr Boote mit Au\u00dfenbord- und Innenbordmotoren bis zu 100 kW und einer L\u00e4nge<\/p>\n","protected":false},"featured_media":5946274,"comment_status":"open","ping_status":"closed","template":"","meta":[],"product_brand":[3305],"product_cat":[1541],"product_tag":[],"class_list":{"0":"post-737581","1":"product","2":"type-product","3":"status-publish","4":"has-post-thumbnail","6":"product_brand-riviera-de","7":"product_cat-kabelsteuerung","9":"first","10":"instock","11":"shipping-taxable","12":"purchasable","13":"product-type-simple"},"_links":{"self":[{"href":"https:\/\/stoic-curie.212-227-153-4.plesk.page\/de\/wp-json\/wp\/v2\/product\/737581","targetHints":{"allow":["GET"]}}],"collection":[{"href":"https:\/\/stoic-curie.212-227-153-4.plesk.page\/de\/wp-json\/wp\/v2\/product"}],"about":[{"href":"https:\/\/stoic-curie.212-227-153-4.plesk.page\/de\/wp-json\/wp\/v2\/types\/product"}],"replies":[{"embeddable":true,"href":"https:\/\/stoic-curie.212-227-153-4.plesk.page\/de\/wp-json\/wp\/v2\/comments?post=737581"}],"version-history":[{"count":0,"href":"https:\/\/stoic-curie.212-227-153-4.plesk.page\/de\/wp-json\/wp\/v2\/product\/737581\/revisions"}],"wp:featuredmedia":[{"embeddable":true,"href":"https:\/\/stoic-curie.212-227-153-4.plesk.page\/de\/wp-json\/wp\/v2\/media\/5946274"}],"wp:attachment":[{"href":"https:\/\/stoic-curie.212-227-153-4.plesk.page\/de\/wp-json\/wp\/v2\/media?parent=737581"}],"wp:term":[{"taxonomy":"product_brand","embeddable":true,"href":"https:\/\/stoic-curie.212-227-153-4.plesk.page\/de\/wp-json\/wp\/v2\/product_brand?post=737581"},{"taxonomy":"product_cat","embeddable":true,"href":"https:\/\/stoic-curie.212-227-153-4.plesk.page\/de\/wp-json\/wp\/v2\/product_cat?post=737581"},{"taxonomy":"product_tag","embeddable":true,"href":"https:\/\/stoic-curie.212-227-153-4.plesk.page\/de\/wp-json\/wp\/v2\/product_tag?post=737581"}],"curies":[{"name":"wp","href":"https:\/\/api.w.org\/{rel}","templated":true}]}}