{"id":737582,"date":"2025-03-03T16:38:33","date_gmt":"2025-03-03T15:38:33","guid":{"rendered":"https:\/\/stoic-curie.212-227-153-4.plesk.page\/producto\/lenkkabel-riviera-t01-214-m\/"},"modified":"2026-02-24T23:35:14","modified_gmt":"2026-02-24T23:35:14","slug":"lenkkabel-riviera-t01-214-m","status":"publish","type":"product","link":"https:\/\/stoic-curie.212-227-153-4.plesk.page\/de\/product\/lenkkabel-riviera-t01-214-m\/","title":{"rendered":"Lenkkabel Riviera T01 2,14 m"},"content":{"rendered":"<p>Lenkkabel Riviera T01 2,14 m &#8211; <\/p>\n<p>T01 Push\/Pull-Steuerkabel f\u00fcr Riviera MD45 mechanische Steuersysteme. Mit Gewindeh\u00fcllenanschluss, einem Biegeradius von 200 mm, einem Hub von 224 mm und einem Durchmesser der H\u00fclle von 14 mm. Die Verbindung ist mit anderen mechanischen Steuersystemen auf dem Markt kompatibel.<\/p>\n","protected":false},"excerpt":{"rendered":"<p>Lenkkabel Riviera T01 2,14 m &#8211; T01 Push\/Pull-Steuerkabel f\u00fcr Riviera MD45 mechanische Steuersysteme. Mit Gewindeh\u00fcllenanschluss, einem Biegeradius von 200 mm,<\/p>\n","protected":false},"featured_media":5946277,"comment_status":"open","ping_status":"closed","template":"","meta":[],"product_brand":[3305],"product_cat":[1541],"product_tag":[],"class_list":{"0":"post-737582","1":"product","2":"type-product","3":"status-publish","4":"has-post-thumbnail","6":"product_brand-riviera-de","7":"product_cat-kabelsteuerung","9":"first","10":"instock","11":"shipping-taxable","12":"purchasable","13":"product-type-simple"},"_links":{"self":[{"href":"https:\/\/stoic-curie.212-227-153-4.plesk.page\/de\/wp-json\/wp\/v2\/product\/737582","targetHints":{"allow":["GET"]}}],"collection":[{"href":"https:\/\/stoic-curie.212-227-153-4.plesk.page\/de\/wp-json\/wp\/v2\/product"}],"about":[{"href":"https:\/\/stoic-curie.212-227-153-4.plesk.page\/de\/wp-json\/wp\/v2\/types\/product"}],"replies":[{"embeddable":true,"href":"https:\/\/stoic-curie.212-227-153-4.plesk.page\/de\/wp-json\/wp\/v2\/comments?post=737582"}],"version-history":[{"count":0,"href":"https:\/\/stoic-curie.212-227-153-4.plesk.page\/de\/wp-json\/wp\/v2\/product\/737582\/revisions"}],"wp:featuredmedia":[{"embeddable":true,"href":"https:\/\/stoic-curie.212-227-153-4.plesk.page\/de\/wp-json\/wp\/v2\/media\/5946277"}],"wp:attachment":[{"href":"https:\/\/stoic-curie.212-227-153-4.plesk.page\/de\/wp-json\/wp\/v2\/media?parent=737582"}],"wp:term":[{"taxonomy":"product_brand","embeddable":true,"href":"https:\/\/stoic-curie.212-227-153-4.plesk.page\/de\/wp-json\/wp\/v2\/product_brand?post=737582"},{"taxonomy":"product_cat","embeddable":true,"href":"https:\/\/stoic-curie.212-227-153-4.plesk.page\/de\/wp-json\/wp\/v2\/product_cat?post=737582"},{"taxonomy":"product_tag","embeddable":true,"href":"https:\/\/stoic-curie.212-227-153-4.plesk.page\/de\/wp-json\/wp\/v2\/product_tag?post=737582"}],"curies":[{"name":"wp","href":"https:\/\/api.w.org\/{rel}","templated":true}]}}