{"id":737593,"date":"2025-03-03T16:38:36","date_gmt":"2025-03-03T15:38:36","guid":{"rendered":"https:\/\/stoic-curie.212-227-153-4.plesk.page\/producto\/lenkkabel-riviera-t01-5-49mt\/"},"modified":"2026-02-24T23:35:14","modified_gmt":"2026-02-24T23:35:14","slug":"lenkkabel-riviera-t01-5-49mt","status":"publish","type":"product","link":"https:\/\/stoic-curie.212-227-153-4.plesk.page\/de\/product\/lenkkabel-riviera-t01-5-49mt\/","title":{"rendered":"Lenkkabel Riviera T01 5.49mt"},"content":{"rendered":"<p>Lenkkabel Riviera T01 5.49mt &#8211; <\/p>\n<p>T01 Push\/Pull-Steuerkabel f\u00fcr mechanische Steuersysteme Riviera MD45. Mit Gewindeh\u00fclsenanschluss, einem Biegeradius von 200 mm, 224 mm Hub und einem H\u00fclsendurchmesser von 14 mm. Der Anschluss ist mit anderen mechanischen Steuersystemen auf dem Markt kompatibel.<\/p>\n","protected":false},"excerpt":{"rendered":"<p>Lenkkabel Riviera T01 5.49mt &#8211; T01 Push\/Pull-Steuerkabel f\u00fcr mechanische Steuersysteme Riviera MD45. Mit Gewindeh\u00fclsenanschluss, einem Biegeradius von 200 mm, 224<\/p>\n","protected":false},"featured_media":5946277,"comment_status":"open","ping_status":"closed","template":"","meta":[],"product_brand":[3305],"product_cat":[1541],"product_tag":[],"class_list":{"0":"post-737593","1":"product","2":"type-product","3":"status-publish","4":"has-post-thumbnail","6":"product_brand-riviera-de","7":"product_cat-kabelsteuerung","9":"first","10":"instock","11":"shipping-taxable","12":"purchasable","13":"product-type-simple"},"_links":{"self":[{"href":"https:\/\/stoic-curie.212-227-153-4.plesk.page\/de\/wp-json\/wp\/v2\/product\/737593","targetHints":{"allow":["GET"]}}],"collection":[{"href":"https:\/\/stoic-curie.212-227-153-4.plesk.page\/de\/wp-json\/wp\/v2\/product"}],"about":[{"href":"https:\/\/stoic-curie.212-227-153-4.plesk.page\/de\/wp-json\/wp\/v2\/types\/product"}],"replies":[{"embeddable":true,"href":"https:\/\/stoic-curie.212-227-153-4.plesk.page\/de\/wp-json\/wp\/v2\/comments?post=737593"}],"version-history":[{"count":0,"href":"https:\/\/stoic-curie.212-227-153-4.plesk.page\/de\/wp-json\/wp\/v2\/product\/737593\/revisions"}],"wp:featuredmedia":[{"embeddable":true,"href":"https:\/\/stoic-curie.212-227-153-4.plesk.page\/de\/wp-json\/wp\/v2\/media\/5946277"}],"wp:attachment":[{"href":"https:\/\/stoic-curie.212-227-153-4.plesk.page\/de\/wp-json\/wp\/v2\/media?parent=737593"}],"wp:term":[{"taxonomy":"product_brand","embeddable":true,"href":"https:\/\/stoic-curie.212-227-153-4.plesk.page\/de\/wp-json\/wp\/v2\/product_brand?post=737593"},{"taxonomy":"product_cat","embeddable":true,"href":"https:\/\/stoic-curie.212-227-153-4.plesk.page\/de\/wp-json\/wp\/v2\/product_cat?post=737593"},{"taxonomy":"product_tag","embeddable":true,"href":"https:\/\/stoic-curie.212-227-153-4.plesk.page\/de\/wp-json\/wp\/v2\/product_tag?post=737593"}],"curies":[{"name":"wp","href":"https:\/\/api.w.org\/{rel}","templated":true}]}}