{"id":737611,"date":"2025-03-03T16:38:40","date_gmt":"2025-03-03T15:38:40","guid":{"rendered":"https:\/\/stoic-curie.212-227-153-4.plesk.page\/producto\/paguro-4-my-35-kw-yanmar\/"},"modified":"2026-02-24T23:35:14","modified_gmt":"2026-02-24T23:35:14","slug":"paguro-4-my-35-kw-yanmar","status":"publish","type":"product","link":"https:\/\/stoic-curie.212-227-153-4.plesk.page\/de\/product\/paguro-4-my-35-kw-yanmar\/","title":{"rendered":"Paguro 4 my 3,5 kW Yanmar"},"content":{"rendered":"<p>Paguro 4 my 3,5 kW Yanmar &#8211; <\/p>\n<p>Der Paguro Generator wird von einem Yanmar Diesel-Motor mit wassergek\u00fchltem Generator betrieben. B\u00fcrstenloser und synchroner Generator. Ideal f\u00fcr Anwendungen mit hohem Anlaufstrom. Marinierte Komponenten und schallged\u00e4mmtes Fiberglasgeh\u00e4use. Komplett mit Fernbedienungspanel mit 15 m Kabel, Betriebsstundenz\u00e4hler, automatischem Not-\/Fehlstopp und Anti-Vibrationsmontagesatz.<\/p>\n<p><strong style=\"color: rgb(34, 34, 34); font-family: Arial, Helvetica, sans-serif; font-size: small;\">PAGURO 4 MY \u2013 4 KVA 3.5 KW<\/strong><\/p>\n<p style=\"color: rgb(34, 34, 34); font-family: Arial, Helvetica, sans-serif; font-size: small;\">Wir pr\u00e4sentieren den PAGURO 4 MY Generator, ein bemerkenswertes Ingenieurswerk, das sich auf dem maritimen Markt durch seine au\u00dfergew\u00f6hnliche Leistung und sein kompaktes Design auszeichnet. Dieser Generator ist mit einem Permanentmagnetgenerator ausgestattet, der eine kontinuierliche Leistung von 3,5 kW bei einem bemerkenswerten Gewicht von nur 60 kg liefert. Angetrieben von dem hocheffizienten Einzylinder-Yanmar L70-Motor ist er der kleinste und leichteste Generator, der derzeit f\u00fcr marine Anwendungen erh\u00e4ltlich ist. Diese Kombination aus Leistung und Tragbarkeit macht ihn zur idealen Wahl f\u00fcr Bootseigner, die zuverl\u00e4ssige Energiequellen auf dem Wasser suchen.<\/p>\n<p style=\"color: rgb(34, 34, 34); font-family: Arial, Helvetica, sans-serif; font-size: small;\"><strong>GENERATOR<\/strong><\/p>\n<p style=\"color: rgb(34, 34, 34); font-family: Arial, Helvetica, sans-serif; font-size: small;\">Im Herzen des PAGURO 4 MY befindet sich sein fortschrittlicher Permanentmagnetgenerator (PMG), der kompakt und leicht ist. Dieser innovative Generator ist mit einem elektronischen Steuerger\u00e4t gekoppelt, das eine saubere Sinuswelle gew\u00e4hrleistet. Dieses Merkmal ist besonders wichtig f\u00fcr diejenigen, die auf empfindliche elektronische Ger\u00e4te angewiesen sind, da es stabile und sichere Energie liefert. Dar\u00fcber hinaus verf\u00fcgt der Generator \u00fcber ein spezielles Ladeger\u00e4t f\u00fcr die Startbatterie, das 12 V bei 8 A liefert, was die Funktionalit\u00e4t erh\u00f6ht. Die Isolierung des Generators ist der Klasse H zugeordnet, was bedeutet, dass er f\u00fcr die Herausforderungen in marinischen Umgebungen gebaut ist und \u00fcber die Zeit hinweg Haltbarkeit und Zuverl\u00e4ssigkeit zeichnet.<\/p>\n<p style=\"color: rgb(34, 34, 34); font-family: Arial, Helvetica, sans-serif; font-size: small;\"><strong>MOTOREN<\/strong><\/p>\n<p style=\"color: rgb(34, 34, 34); font-family: Arial, Helvetica, sans-serif; font-size: small;\">Der Motor des PAGURO 4 MY l\u00e4uft mit Diesel und hat ein Einzylinder-Vier-Takt-Design. Diese Konfiguration tr\u00e4gt nicht nur zu seiner kompakten Gr\u00f6\u00dfe bei, sondern steigert auch seine Effizienz. Der Motor ist mit einem W\u00e4rmetauscher aus hochwertigem Edelstahl ausgestattet, der W\u00e4rme zwischen Wasser und Luft effektiv \u00fcbertr\u00e4gt und so optimale Leistung und Langlebigkeit gew\u00e4hrleistet.<\/p>\n<p style=\"color: rgb(34, 34, 34); font-family: Arial, Helvetica, sans-serif; font-size: small;\"><strong>SCHALLD\u00c4MMDER KAPSELLE<\/strong><\/p>\n<p style=\"color: rgb(34, 34, 34); font-family: Arial, Helvetica, sans-serif; font-size: small;\">Eine der herausragenden Eigenschaften des PAGURO 4 MY ist seine schalld\u00e4mmende Kapsel, die aus mehrlagigem GRP (glasfaserverst\u00e4rktem Kunststoff) besteht. Dieses hochdichte Material ist speziell darauf ausgelegt, Ger\u00e4usche effektiv zu absorbieren, wodurch der Generator w\u00e4hrend des Betriebs leiser wird. Die Kapsel wird zudem mit hitzeisolierendem Schaumstoff ausgekleidet, was zur Gesamteffizienz beitr\u00e4gt. Mit Blick auf die Benutzerfreundlichkeit ist die schalld\u00e4mmende Kapsel in zwei H\u00e4lften geteilt, sodass der Generator auch in engen R\u00e4umen leicht gewartet werden kann. Dar\u00fcber hinaus verf\u00fcgt sie \u00fcber ein zweifaches Antivibrationssystem, das vier interne weiche Sto\u00dfd\u00e4mpfer und vier motorgef\u00fchrte Halterungen au\u00dferhalb der Kapsel umfasst. Dieses innovative Design gew\u00e4hrleistet minimalen Ger\u00e4usch- und Vibrationsbetrieb, was Bootseignern und ihren G\u00e4sten ein angenehmeres Erlebnis bietet.<\/p>\n<p style=\"color: rgb(34, 34, 34); font-family: Arial, Helvetica, sans-serif; font-size: small;\"><strong>Zusammenfassung:<\/strong> Der PAGURO 4 MY Generator ist eine hervorragende Wahl f\u00fcr diejenigen, die eine zuverl\u00e4ssige, effiziente und kompakte Energiequelle f\u00fcr ihre maritimen Abenteuer ben\u00f6tigen.<\/p>\n","protected":false},"excerpt":{"rendered":"<p>Paguro 4 my 3,5 kW Yanmar &#8211; Der Paguro Generator wird von einem Yanmar Diesel-Motor mit wassergek\u00fchltem Generator betrieben. B\u00fcrstenloser<\/p>\n","protected":false},"featured_media":5946281,"comment_status":"open","ping_status":"closed","template":"","meta":[],"product_brand":[3240],"product_cat":[1441],"product_tag":[],"class_list":{"0":"post-737611","1":"product","2":"type-product","3":"status-publish","4":"has-post-thumbnail","6":"product_brand-paguro-de","7":"product_cat-marine-generatoren","9":"first","10":"instock","11":"shipping-taxable","12":"purchasable","13":"product-type-simple"},"_links":{"self":[{"href":"https:\/\/stoic-curie.212-227-153-4.plesk.page\/de\/wp-json\/wp\/v2\/product\/737611","targetHints":{"allow":["GET"]}}],"collection":[{"href":"https:\/\/stoic-curie.212-227-153-4.plesk.page\/de\/wp-json\/wp\/v2\/product"}],"about":[{"href":"https:\/\/stoic-curie.212-227-153-4.plesk.page\/de\/wp-json\/wp\/v2\/types\/product"}],"replies":[{"embeddable":true,"href":"https:\/\/stoic-curie.212-227-153-4.plesk.page\/de\/wp-json\/wp\/v2\/comments?post=737611"}],"version-history":[{"count":0,"href":"https:\/\/stoic-curie.212-227-153-4.plesk.page\/de\/wp-json\/wp\/v2\/product\/737611\/revisions"}],"wp:featuredmedia":[{"embeddable":true,"href":"https:\/\/stoic-curie.212-227-153-4.plesk.page\/de\/wp-json\/wp\/v2\/media\/5946281"}],"wp:attachment":[{"href":"https:\/\/stoic-curie.212-227-153-4.plesk.page\/de\/wp-json\/wp\/v2\/media?parent=737611"}],"wp:term":[{"taxonomy":"product_brand","embeddable":true,"href":"https:\/\/stoic-curie.212-227-153-4.plesk.page\/de\/wp-json\/wp\/v2\/product_brand?post=737611"},{"taxonomy":"product_cat","embeddable":true,"href":"https:\/\/stoic-curie.212-227-153-4.plesk.page\/de\/wp-json\/wp\/v2\/product_cat?post=737611"},{"taxonomy":"product_tag","embeddable":true,"href":"https:\/\/stoic-curie.212-227-153-4.plesk.page\/de\/wp-json\/wp\/v2\/product_tag?post=737611"}],"curies":[{"name":"wp","href":"https:\/\/api.w.org\/{rel}","templated":true}]}}