{"id":737613,"date":"2025-03-03T16:38:40","date_gmt":"2025-03-03T15:38:40","guid":{"rendered":"https:\/\/stoic-curie.212-227-153-4.plesk.page\/producto\/weisser-morsehebel-riviera-cm01\/"},"modified":"2026-02-24T23:35:14","modified_gmt":"2026-02-24T23:35:14","slug":"weisser-morsehebel-riviera-cm01","status":"publish","type":"product","link":"https:\/\/stoic-curie.212-227-153-4.plesk.page\/de\/product\/weisser-morsehebel-riviera-cm01\/","title":{"rendered":"Wei\u00dfer Morsehebel Riviera CM01"},"content":{"rendered":"<p>Wei\u00dfer Morsehebel Riviera CM01 &#8211; <\/p>\n<p>Doppelaktions-Einhebelsteuerung f\u00fcr Gas- und Schaltsteuerung, ideal f\u00fcr Segelboote. Eingelassene Wandmontage, Eltex-Geh\u00e4use mit mechanischen Teilen aus Delrin 100 und Edelstahl. 88 mm Beschleunigungsweg mit umkehrbarer Richtung und Beschleunigung im Leerlauf. 68-76 mm Inverter-Hub. Verwendet F02\/F08\/F05\/F14 Kabel.<\/p>\n","protected":false},"excerpt":{"rendered":"<p>Wei\u00dfer Morsehebel Riviera CM01 &#8211; Doppelaktions-Einhebelsteuerung f\u00fcr Gas- und Schaltsteuerung, ideal f\u00fcr Segelboote. Eingelassene Wandmontage, Eltex-Geh\u00e4use mit mechanischen Teilen aus<\/p>\n","protected":false},"featured_media":5946284,"comment_status":"open","ping_status":"closed","template":"","meta":[],"product_brand":[3305],"product_cat":[1504],"product_tag":[],"class_list":{"0":"post-737613","1":"product","2":"type-product","3":"status-publish","4":"has-post-thumbnail","6":"product_brand-riviera-de","7":"product_cat-morse-hebelsteuerungen","9":"first","10":"instock","11":"shipping-taxable","12":"purchasable","13":"product-type-simple"},"_links":{"self":[{"href":"https:\/\/stoic-curie.212-227-153-4.plesk.page\/de\/wp-json\/wp\/v2\/product\/737613","targetHints":{"allow":["GET"]}}],"collection":[{"href":"https:\/\/stoic-curie.212-227-153-4.plesk.page\/de\/wp-json\/wp\/v2\/product"}],"about":[{"href":"https:\/\/stoic-curie.212-227-153-4.plesk.page\/de\/wp-json\/wp\/v2\/types\/product"}],"replies":[{"embeddable":true,"href":"https:\/\/stoic-curie.212-227-153-4.plesk.page\/de\/wp-json\/wp\/v2\/comments?post=737613"}],"version-history":[{"count":0,"href":"https:\/\/stoic-curie.212-227-153-4.plesk.page\/de\/wp-json\/wp\/v2\/product\/737613\/revisions"}],"wp:featuredmedia":[{"embeddable":true,"href":"https:\/\/stoic-curie.212-227-153-4.plesk.page\/de\/wp-json\/wp\/v2\/media\/5946284"}],"wp:attachment":[{"href":"https:\/\/stoic-curie.212-227-153-4.plesk.page\/de\/wp-json\/wp\/v2\/media?parent=737613"}],"wp:term":[{"taxonomy":"product_brand","embeddable":true,"href":"https:\/\/stoic-curie.212-227-153-4.plesk.page\/de\/wp-json\/wp\/v2\/product_brand?post=737613"},{"taxonomy":"product_cat","embeddable":true,"href":"https:\/\/stoic-curie.212-227-153-4.plesk.page\/de\/wp-json\/wp\/v2\/product_cat?post=737613"},{"taxonomy":"product_tag","embeddable":true,"href":"https:\/\/stoic-curie.212-227-153-4.plesk.page\/de\/wp-json\/wp\/v2\/product_tag?post=737613"}],"curies":[{"name":"wp","href":"https:\/\/api.w.org\/{rel}","templated":true}]}}