{"id":737614,"date":"2025-03-03T16:38:41","date_gmt":"2025-03-03T15:38:41","guid":{"rendered":"https:\/\/stoic-curie.212-227-153-4.plesk.page\/producto\/schwarzer-morsehebel-riviera-cm02\/"},"modified":"2026-02-24T23:35:14","modified_gmt":"2026-02-24T23:35:14","slug":"schwarzer-morsehebel-riviera-cm02","status":"publish","type":"product","link":"https:\/\/stoic-curie.212-227-153-4.plesk.page\/de\/product\/schwarzer-morsehebel-riviera-cm02\/","title":{"rendered":"Schwarzer Morsehebel Riviera CM02"},"content":{"rendered":"<p>Schwarzer Morsehebel Riviera CM02 &#8211; <\/p>\n<p>Doppelt schaltender Einhebelsteuerung f\u00fcr Gas und Schaltung, ideal f\u00fcr Segelboote. Eingelassene Wandmontage, Eltex-Geh\u00e4use mit mechanischen Teilen aus Delrin 100 und Edelstahl. 88 mm Beschleunigungshub mit umkehrbarer Richtung und Beschleunigung im Leerlauf. 68-76 mm Inverterhub. Verwendet F02\/F08\/F05\/F14 Kabel.<\/p>\n","protected":false},"excerpt":{"rendered":"<p>Schwarzer Morsehebel Riviera CM02 &#8211; Doppelt schaltender Einhebelsteuerung f\u00fcr Gas und Schaltung, ideal f\u00fcr Segelboote. Eingelassene Wandmontage, Eltex-Geh\u00e4use mit mechanischen<\/p>\n","protected":false},"featured_media":5946285,"comment_status":"open","ping_status":"closed","template":"","meta":[],"product_brand":[3305],"product_cat":[1504],"product_tag":[],"class_list":{"0":"post-737614","1":"product","2":"type-product","3":"status-publish","4":"has-post-thumbnail","6":"product_brand-riviera-de","7":"product_cat-morse-hebelsteuerungen","9":"first","10":"instock","11":"shipping-taxable","12":"purchasable","13":"product-type-simple"},"_links":{"self":[{"href":"https:\/\/stoic-curie.212-227-153-4.plesk.page\/de\/wp-json\/wp\/v2\/product\/737614","targetHints":{"allow":["GET"]}}],"collection":[{"href":"https:\/\/stoic-curie.212-227-153-4.plesk.page\/de\/wp-json\/wp\/v2\/product"}],"about":[{"href":"https:\/\/stoic-curie.212-227-153-4.plesk.page\/de\/wp-json\/wp\/v2\/types\/product"}],"replies":[{"embeddable":true,"href":"https:\/\/stoic-curie.212-227-153-4.plesk.page\/de\/wp-json\/wp\/v2\/comments?post=737614"}],"version-history":[{"count":0,"href":"https:\/\/stoic-curie.212-227-153-4.plesk.page\/de\/wp-json\/wp\/v2\/product\/737614\/revisions"}],"wp:featuredmedia":[{"embeddable":true,"href":"https:\/\/stoic-curie.212-227-153-4.plesk.page\/de\/wp-json\/wp\/v2\/media\/5946285"}],"wp:attachment":[{"href":"https:\/\/stoic-curie.212-227-153-4.plesk.page\/de\/wp-json\/wp\/v2\/media?parent=737614"}],"wp:term":[{"taxonomy":"product_brand","embeddable":true,"href":"https:\/\/stoic-curie.212-227-153-4.plesk.page\/de\/wp-json\/wp\/v2\/product_brand?post=737614"},{"taxonomy":"product_cat","embeddable":true,"href":"https:\/\/stoic-curie.212-227-153-4.plesk.page\/de\/wp-json\/wp\/v2\/product_cat?post=737614"},{"taxonomy":"product_tag","embeddable":true,"href":"https:\/\/stoic-curie.212-227-153-4.plesk.page\/de\/wp-json\/wp\/v2\/product_tag?post=737614"}],"curies":[{"name":"wp","href":"https:\/\/api.w.org\/{rel}","templated":true}]}}