{"id":737618,"date":"2025-03-03T16:38:42","date_gmt":"2025-03-03T15:38:42","guid":{"rendered":"https:\/\/stoic-curie.212-227-153-4.plesk.page\/producto\/morsekabel-riviera-f08-7-33mt\/"},"modified":"2026-02-24T23:35:14","modified_gmt":"2026-02-24T23:35:14","slug":"morsekabel-riviera-f08-7-33mt","status":"publish","type":"product","link":"https:\/\/stoic-curie.212-227-153-4.plesk.page\/de\/product\/morsekabel-riviera-f08-7-33mt\/","title":{"rendered":"Morsekabel Riviera F08 7.33mt"},"content":{"rendered":"<p>Morsekabel Riviera F08 7.33mt &#8211; <\/p>\n<p>Universelle Fernbedienungskabel f\u00fcr alle Innenbord-, Au\u00dfenbord- und Pod-Antriebe unter Verwendung der passenden Zubeh\u00f6rteile. Mit 10-32 UNF-gewindeten Edelstahlkontakten, 2 mm Edelstahlkern, einem Hub von 88 mm und einem Durchmesser von 8 mm f\u00fcr die H\u00fclse.<\/p>\n","protected":false},"excerpt":{"rendered":"<p>Morsekabel Riviera F08 7.33mt &#8211; Universelle Fernbedienungskabel f\u00fcr alle Innenbord-, Au\u00dfenbord- und Pod-Antriebe unter Verwendung der passenden Zubeh\u00f6rteile. Mit 10-32<\/p>\n","protected":false},"featured_media":5946294,"comment_status":"open","ping_status":"closed","template":"","meta":[],"product_brand":[2160,3305],"product_cat":[1497],"product_tag":[],"class_list":{"0":"post-737618","1":"product","2":"type-product","3":"status-publish","4":"has-post-thumbnail","6":"product_brand-riviera","7":"product_brand-riviera-de","8":"product_cat-morse-steuerkabel","10":"first","11":"instock","12":"shipping-taxable","13":"purchasable","14":"product-type-simple"},"_links":{"self":[{"href":"https:\/\/stoic-curie.212-227-153-4.plesk.page\/de\/wp-json\/wp\/v2\/product\/737618","targetHints":{"allow":["GET"]}}],"collection":[{"href":"https:\/\/stoic-curie.212-227-153-4.plesk.page\/de\/wp-json\/wp\/v2\/product"}],"about":[{"href":"https:\/\/stoic-curie.212-227-153-4.plesk.page\/de\/wp-json\/wp\/v2\/types\/product"}],"replies":[{"embeddable":true,"href":"https:\/\/stoic-curie.212-227-153-4.plesk.page\/de\/wp-json\/wp\/v2\/comments?post=737618"}],"version-history":[{"count":0,"href":"https:\/\/stoic-curie.212-227-153-4.plesk.page\/de\/wp-json\/wp\/v2\/product\/737618\/revisions"}],"wp:featuredmedia":[{"embeddable":true,"href":"https:\/\/stoic-curie.212-227-153-4.plesk.page\/de\/wp-json\/wp\/v2\/media\/5946294"}],"wp:attachment":[{"href":"https:\/\/stoic-curie.212-227-153-4.plesk.page\/de\/wp-json\/wp\/v2\/media?parent=737618"}],"wp:term":[{"taxonomy":"product_brand","embeddable":true,"href":"https:\/\/stoic-curie.212-227-153-4.plesk.page\/de\/wp-json\/wp\/v2\/product_brand?post=737618"},{"taxonomy":"product_cat","embeddable":true,"href":"https:\/\/stoic-curie.212-227-153-4.plesk.page\/de\/wp-json\/wp\/v2\/product_cat?post=737618"},{"taxonomy":"product_tag","embeddable":true,"href":"https:\/\/stoic-curie.212-227-153-4.plesk.page\/de\/wp-json\/wp\/v2\/product_tag?post=737618"}],"curies":[{"name":"wp","href":"https:\/\/api.w.org\/{rel}","templated":true}]}}