{"id":737626,"date":"2025-03-03T16:38:44","date_gmt":"2025-03-03T15:38:44","guid":{"rendered":"https:\/\/stoic-curie.212-227-153-4.plesk.page\/producto\/edelstahl-ankerverbinder-sidermarine-g70-10-12-mm-8500-kg\/"},"modified":"2026-02-24T23:35:14","modified_gmt":"2026-02-24T23:35:14","slug":"edelstahl-ankerverbinder-sidermarine-g70-10-12-mm-8500-kg","status":"publish","type":"product","link":"https:\/\/stoic-curie.212-227-153-4.plesk.page\/de\/product\/edelstahl-ankerverbinder-sidermarine-g70-10-12-mm-8500-kg\/","title":{"rendered":"Edelstahl-Ankerverbinder SiderMarine G70 10-12 mm 8500 kg"},"content":{"rendered":"<p>Edelstahl-Ankerverbinder SiderMarine G70 10-12 mm 8500 kg &#8211; <\/p>\n<p>SiderMarine-Anschlussst\u00fcck f\u00fcr Anker sorgt f\u00fcr vollst\u00e4ndige Sicherheit f\u00fcr das Boot und die Crew. Ideal f\u00fcr Anker und Ketten mit hohen Bruchlasten. Die seitliche Biegebelastung ist grunds\u00e4tzlich gleich der vertikalen.<br \/>&#8211; Hochfeste geschmiedete Edelstahlk\u00f6rper mit selbstsichernden Bolzen<br \/>&#8211; 174-PH Edelstahlbolzen mit 3-mal h\u00f6herer Belastbarkeit als 316 Edelstahl<br \/>&#8211; Kettenbolzen mit reibungsarmen Bronze-Buchsen<br \/>&#8211; Drehung auf einer speziellen hochfesten Bronze-Flansch<br \/>&#8211; Vollst\u00e4ndig inspizierbar f\u00fcr Kontrollen und Reinigung<\/p>\n","protected":false},"excerpt":{"rendered":"<p>Edelstahl-Ankerverbinder SiderMarine G70 10-12 mm 8500 kg &#8211; SiderMarine-Anschlussst\u00fcck f\u00fcr Anker sorgt f\u00fcr vollst\u00e4ndige Sicherheit f\u00fcr das Boot und die<\/p>\n","protected":false},"featured_media":5943751,"comment_status":"open","ping_status":"closed","template":"","meta":[],"product_brand":[3385],"product_cat":[1578],"product_tag":[],"class_list":{"0":"post-737626","1":"product","2":"type-product","3":"status-publish","4":"has-post-thumbnail","6":"product_brand-sidermarine-de","7":"product_cat-ankerdrehgelenke","9":"first","10":"instock","11":"shipping-taxable","12":"purchasable","13":"product-type-simple"},"_links":{"self":[{"href":"https:\/\/stoic-curie.212-227-153-4.plesk.page\/de\/wp-json\/wp\/v2\/product\/737626","targetHints":{"allow":["GET"]}}],"collection":[{"href":"https:\/\/stoic-curie.212-227-153-4.plesk.page\/de\/wp-json\/wp\/v2\/product"}],"about":[{"href":"https:\/\/stoic-curie.212-227-153-4.plesk.page\/de\/wp-json\/wp\/v2\/types\/product"}],"replies":[{"embeddable":true,"href":"https:\/\/stoic-curie.212-227-153-4.plesk.page\/de\/wp-json\/wp\/v2\/comments?post=737626"}],"version-history":[{"count":0,"href":"https:\/\/stoic-curie.212-227-153-4.plesk.page\/de\/wp-json\/wp\/v2\/product\/737626\/revisions"}],"wp:featuredmedia":[{"embeddable":true,"href":"https:\/\/stoic-curie.212-227-153-4.plesk.page\/de\/wp-json\/wp\/v2\/media\/5943751"}],"wp:attachment":[{"href":"https:\/\/stoic-curie.212-227-153-4.plesk.page\/de\/wp-json\/wp\/v2\/media?parent=737626"}],"wp:term":[{"taxonomy":"product_brand","embeddable":true,"href":"https:\/\/stoic-curie.212-227-153-4.plesk.page\/de\/wp-json\/wp\/v2\/product_brand?post=737626"},{"taxonomy":"product_cat","embeddable":true,"href":"https:\/\/stoic-curie.212-227-153-4.plesk.page\/de\/wp-json\/wp\/v2\/product_cat?post=737626"},{"taxonomy":"product_tag","embeddable":true,"href":"https:\/\/stoic-curie.212-227-153-4.plesk.page\/de\/wp-json\/wp\/v2\/product_tag?post=737626"}],"curies":[{"name":"wp","href":"https:\/\/api.w.org\/{rel}","templated":true}]}}