{"id":737627,"date":"2025-03-03T16:38:44","date_gmt":"2025-03-03T15:38:44","guid":{"rendered":"https:\/\/stoic-curie.212-227-153-4.plesk.page\/producto\/sidermarine-mpp-k-bis-16-tonnen\/"},"modified":"2026-02-24T23:35:14","modified_gmt":"2026-02-24T23:35:14","slug":"sidermarine-mpp-k-bis-16-tonnen","status":"publish","type":"product","link":"https:\/\/stoic-curie.212-227-153-4.plesk.page\/de\/product\/sidermarine-mpp-k-bis-16-tonnen\/","title":{"rendered":"Sidermarine MK45 Hybrid f\u00fcr 4 bis 16 Tonnen"},"content":{"rendered":"<p>Sidermarine MK45 Hybrid f\u00fcr 4 bis 16 Tonnen &#8211; <\/p>\n<p style=\"color: rgb(34, 34, 34); font-family: Arial, Helvetica, sans-serif; font-size: small;\">Mooring Spring MK 45 Hybrid<\/p>\n<p style=\"color: rgb(34, 34, 34); font-family: Arial, Helvetica, sans-serif; font-size: small;\">Die MK 45 Hybrid-Moorungsfeder wurde f\u00fcr Boote mit einem Gewicht von 4 bis 16 Tonnen entwickelt.<\/p>\n<p style=\"color: rgb(34, 34, 34); font-family: Arial, Helvetica, sans-serif; font-size: small;\">Diese Feder verf\u00fcgt \u00fcber Elastomere, die die Tr\u00e4gheitslast erh\u00f6hen und mehrere wichtige Vorteile bieten:<\/p>\n<ul style=\"color: rgb(34, 34, 34); font-family: Arial, Helvetica, sans-serif; font-size: small;\">\n<li>Progressive D\u00e4mpfungskraft<\/li>\n<li>Leiser Betrieb und Stressbest\u00e4ndigkeit<\/li>\n<li>Innenteile aus Edelstahl 316, ohne geschwei\u00dfte Verbindungen<\/li>\n<li>Zuverl\u00e4ssige Leistung \u00fcber einen breiten Temperaturspektrum von -20\u00b0 bis +80\u00b0<\/li>\n<\/ul>\n<p style=\"color: rgb(34, 34, 34); font-family: Arial, Helvetica, sans-serif; font-size: small;\">Die patentierten MK Hybrid-Sto\u00dfd\u00e4mpfer nutzen zylindrische Elastomere, die von sich aus eine hohe, nicht-progressive Tr\u00e4gheitslast bieten. In Kombination mit der Feder\u2014ob es sich um eine zentrale Feder oder vier an jedem Ende handelt\u2014verbessern sie die F\u00e4higkeit des Systems, bedeutende Belastungen zu verarbeiten. Dieses Design erm\u00f6glicht eine progressive Bewegung, die sich an die Bewegungen des Bootes anpasst.<\/p>\n<p style=\"color: rgb(34, 34, 34); font-family: Arial, Helvetica, sans-serif; font-size: small;\">Diese Mooringsfedern sind speziell entwickelt, um die Spannung in den Festmacheleinen zu reduzieren. Sie sind die einzige effektive L\u00f6sung zur Minimierung der Oszillation eines Bootes im Liegeplatz und gew\u00e4hrleisten Sicherheit, indem sie die Spannung in den Leinen richtig d\u00e4mpfen. Dies senkt erheblich die Kr\u00e4fte, die auf die Heckklampen wirken, und schafft eine stabilere und komfortablere Umgebung f\u00fcr die Nutzer.<\/p>\n<p style=\"color: rgb(34, 34, 34); font-family: Arial, Helvetica, sans-serif; font-size: small;\">Spezifikationen:<\/p>\n<ul style=\"color: rgb(34, 34, 34); font-family: Arial, Helvetica, sans-serif; font-size: small;\">\n<li>L\u00e4nge: 96 x 452 mm (3,78 x 17,80 Zoll)<\/li>\n<li>Gewicht: 6,5 kg (14,33 lb)<\/li>\n<li>Geeignet f\u00fcr Boote mit einem Gewicht von 4 bis 16 Tonnen.<\/li>\n<\/ul>\n","protected":false},"excerpt":{"rendered":"<p>Sidermarine MK45 Hybrid f\u00fcr 4 bis 16 Tonnen &#8211; Mooring Spring MK 45 Hybrid Die MK 45 Hybrid-Moorungsfeder wurde f\u00fcr<\/p>\n","protected":false},"featured_media":5946298,"comment_status":"open","ping_status":"closed","template":"","meta":[],"product_brand":[3385],"product_cat":[1337],"product_tag":[],"class_list":{"0":"post-737627","1":"product","2":"type-product","3":"status-publish","4":"has-post-thumbnail","6":"product_brand-sidermarine-de","7":"product_cat-anlegefendern-stossdaempfer","9":"first","10":"instock","11":"shipping-taxable","12":"purchasable","13":"product-type-simple"},"_links":{"self":[{"href":"https:\/\/stoic-curie.212-227-153-4.plesk.page\/de\/wp-json\/wp\/v2\/product\/737627","targetHints":{"allow":["GET"]}}],"collection":[{"href":"https:\/\/stoic-curie.212-227-153-4.plesk.page\/de\/wp-json\/wp\/v2\/product"}],"about":[{"href":"https:\/\/stoic-curie.212-227-153-4.plesk.page\/de\/wp-json\/wp\/v2\/types\/product"}],"replies":[{"embeddable":true,"href":"https:\/\/stoic-curie.212-227-153-4.plesk.page\/de\/wp-json\/wp\/v2\/comments?post=737627"}],"version-history":[{"count":0,"href":"https:\/\/stoic-curie.212-227-153-4.plesk.page\/de\/wp-json\/wp\/v2\/product\/737627\/revisions"}],"wp:featuredmedia":[{"embeddable":true,"href":"https:\/\/stoic-curie.212-227-153-4.plesk.page\/de\/wp-json\/wp\/v2\/media\/5946298"}],"wp:attachment":[{"href":"https:\/\/stoic-curie.212-227-153-4.plesk.page\/de\/wp-json\/wp\/v2\/media?parent=737627"}],"wp:term":[{"taxonomy":"product_brand","embeddable":true,"href":"https:\/\/stoic-curie.212-227-153-4.plesk.page\/de\/wp-json\/wp\/v2\/product_brand?post=737627"},{"taxonomy":"product_cat","embeddable":true,"href":"https:\/\/stoic-curie.212-227-153-4.plesk.page\/de\/wp-json\/wp\/v2\/product_cat?post=737627"},{"taxonomy":"product_tag","embeddable":true,"href":"https:\/\/stoic-curie.212-227-153-4.plesk.page\/de\/wp-json\/wp\/v2\/product_tag?post=737627"}],"curies":[{"name":"wp","href":"https:\/\/api.w.org\/{rel}","templated":true}]}}