{"id":737628,"date":"2025-03-03T16:38:44","date_gmt":"2025-03-03T15:38:44","guid":{"rendered":"https:\/\/stoic-curie.212-227-153-4.plesk.page\/producto\/sidermarine-mpp-k-bis-20-tonnen-440-mm\/"},"modified":"2026-02-24T23:35:14","modified_gmt":"2026-02-24T23:35:14","slug":"sidermarine-mpp-k-bis-20-tonnen-440-mm","status":"publish","type":"product","link":"https:\/\/stoic-curie.212-227-153-4.plesk.page\/de\/product\/sidermarine-mpp-k-bis-20-tonnen-440-mm\/","title":{"rendered":"Sidermarine MK50 Hybrid f\u00fcr 16 bis 20 Tonnen"},"content":{"rendered":"<p>Sidermarine MK50 Hybrid f\u00fcr 16 bis 20 Tonnen &#8211; <\/p>\n<p style=\"color: rgb(34, 34, 34); font-family: Arial, Helvetica, sans-serif; font-size: small;\">Wir freuen uns, die MK 50 Hybrid-Moorfeder vorzustellen, die speziell f\u00fcr Schiffe mit einem Gewicht zwischen 16 und 20 Tonnen entwickelt wurde. Diese Moorfeder integriert zylindrische Elastomere, die ihre inertiale Tragf\u00e4higkeit erh\u00f6hen und eine progressive Kraft liefern.<\/p>\n<p style=\"color: rgb(34, 34, 34); font-family: Arial, Helvetica, sans-serif; font-size: small;\">Hervorgehobene Merkmale:<\/p>\n<ul style=\"color: rgb(34, 34, 34); font-family: Arial, Helvetica, sans-serif; font-size: small;\">\n<li>Sie bietet eine progressive D\u00e4mpfungskraft<\/li>\n<li>Sie arbeitet ger\u00e4uschlos und ist stressresistent<\/li>\n<li>Die internen Komponenten bestehen aus 316-Edelstahl und sind ohne Schwei\u00dfn\u00e4hte gefertigt<\/li>\n<li>Funktioniert effizient in Temperaturbereichen von -20\u00b0 bis +80\u00b0<\/li>\n<\/ul>\n<p style=\"color: rgb(34, 34, 34); font-family: Arial, Helvetica, sans-serif; font-size: small;\">Die innovativen MK-Hybridsto\u00dfd\u00e4mpfer verwenden Elastomere in zylindrischer Konfiguration, die unabh\u00e4ngig eine erhebliche inertiale Last bieten. In Kombination mit der Feder \u2013 egal ob es sich um eine zentrale Feder oder vier Federn an jedem Ende handelt \u2013 verbessern diese Komponenten die Leistung unter erheblichem Stress erheblich. Dieses durchdachte Design erm\u00f6glicht eine progressive Bewegung, die sich an die spezifischen Anforderungen des Bootes anpasst.<\/p>\n<p style=\"color: rgb(34, 34, 34); font-family: Arial, Helvetica, sans-serif; font-size: small;\">Moorfedern spielen eine entscheidende Rolle bei der Entlastung der Spannung in den Mooringsleinen. Sie stellen die effektivste Methode dar, um die Schwingungen eines Bootes w\u00e4hrend des Anlegens zu reduzieren, wodurch die Sicherheit gew\u00e4hrleistet wird, indem die Spannung in den Leinen absorbiert wird. Diese Aktion verringert erheblich die Kr\u00e4fte, die auf die Heckbollards ausge\u00fcbt werden, und sorgt so f\u00fcr ein stabileres und komfortableres Erlebnis f\u00fcr die Benutzer.<\/p>\n<p style=\"color: rgb(34, 34, 34); font-family: Arial, Helvetica, sans-serif; font-size: small;\">Spezifikationen:<\/p>\n<ul style=\"color: rgb(34, 34, 34); font-family: Arial, Helvetica, sans-serif; font-size: small;\">\n<li>Abmessungen: 96 x 452 mm (3,78 x 17,80 Zoll)<\/li>\n<li>Gewicht: 6,5 kg (14,33 lbs)<\/li>\n<li>Entwickelt f\u00fcr Boote mit einem Gewicht zwischen 16 und 20 Tonnen.<\/li>\n<\/ul>\n","protected":false},"excerpt":{"rendered":"<p>Sidermarine MK50 Hybrid f\u00fcr 16 bis 20 Tonnen &#8211; Wir freuen uns, die MK 50 Hybrid-Moorfeder vorzustellen, die speziell f\u00fcr<\/p>\n","protected":false},"featured_media":5946299,"comment_status":"open","ping_status":"closed","template":"","meta":[],"product_brand":[3385],"product_cat":[1337],"product_tag":[],"class_list":{"0":"post-737628","1":"product","2":"type-product","3":"status-publish","4":"has-post-thumbnail","6":"product_brand-sidermarine-de","7":"product_cat-anlegefendern-stossdaempfer","9":"first","10":"instock","11":"shipping-taxable","12":"purchasable","13":"product-type-simple"},"_links":{"self":[{"href":"https:\/\/stoic-curie.212-227-153-4.plesk.page\/de\/wp-json\/wp\/v2\/product\/737628","targetHints":{"allow":["GET"]}}],"collection":[{"href":"https:\/\/stoic-curie.212-227-153-4.plesk.page\/de\/wp-json\/wp\/v2\/product"}],"about":[{"href":"https:\/\/stoic-curie.212-227-153-4.plesk.page\/de\/wp-json\/wp\/v2\/types\/product"}],"replies":[{"embeddable":true,"href":"https:\/\/stoic-curie.212-227-153-4.plesk.page\/de\/wp-json\/wp\/v2\/comments?post=737628"}],"version-history":[{"count":0,"href":"https:\/\/stoic-curie.212-227-153-4.plesk.page\/de\/wp-json\/wp\/v2\/product\/737628\/revisions"}],"wp:featuredmedia":[{"embeddable":true,"href":"https:\/\/stoic-curie.212-227-153-4.plesk.page\/de\/wp-json\/wp\/v2\/media\/5946299"}],"wp:attachment":[{"href":"https:\/\/stoic-curie.212-227-153-4.plesk.page\/de\/wp-json\/wp\/v2\/media?parent=737628"}],"wp:term":[{"taxonomy":"product_brand","embeddable":true,"href":"https:\/\/stoic-curie.212-227-153-4.plesk.page\/de\/wp-json\/wp\/v2\/product_brand?post=737628"},{"taxonomy":"product_cat","embeddable":true,"href":"https:\/\/stoic-curie.212-227-153-4.plesk.page\/de\/wp-json\/wp\/v2\/product_cat?post=737628"},{"taxonomy":"product_tag","embeddable":true,"href":"https:\/\/stoic-curie.212-227-153-4.plesk.page\/de\/wp-json\/wp\/v2\/product_tag?post=737628"}],"curies":[{"name":"wp","href":"https:\/\/api.w.org\/{rel}","templated":true}]}}