{"id":737629,"date":"2025-03-03T16:38:45","date_gmt":"2025-03-03T15:38:45","guid":{"rendered":"https:\/\/stoic-curie.212-227-153-4.plesk.page\/producto\/sidermarine-mpp-k-bis-25-tonnen-440-mm\/"},"modified":"2026-02-24T23:35:14","modified_gmt":"2026-02-24T23:35:14","slug":"sidermarine-mpp-k-bis-25-tonnen-440-mm","status":"publish","type":"product","link":"https:\/\/stoic-curie.212-227-153-4.plesk.page\/de\/product\/sidermarine-mpp-k-bis-25-tonnen-440-mm\/","title":{"rendered":"Sidermarine MK50s Hybrid f\u00fcr 20 bis 25 Tonnen"},"content":{"rendered":"<p>Sidermarine MK50s Hybrid f\u00fcr 20 bis 25 Tonnen &#8211; <\/p>\n<p style=\"color: rgb(34, 34, 34); font-family: Arial, Helvetica, sans-serif; font-size: small;\">Wir pr\u00e4sentieren die MK 50 Spezial-Moorungsfeder. Diese hybride Moorungsfeder ist f\u00fcr Boote mit einem Gewicht von 20 bis 25 Tonnen ausgelegt. Sie verf\u00fcgt \u00fcber zylindrische Elastomere, die die inerten Lasten erh\u00f6hen und eine progressive Kraft bereitstellen.<\/p>\n<p style=\"color: rgb(34, 34, 34); font-family: Arial, Helvetica, sans-serif; font-size: small;\">Hauptmerkmale:<\/p>\n<ul style=\"color: rgb(34, 34, 34); font-family: Arial, Helvetica, sans-serif; font-size: small;\">\n<li>Progressive D\u00e4mpfungskraft<\/li>\n<li>Leise und spannungsresistent<\/li>\n<li>Interne Komponenten aus Edelstahl 316 ohne Schwei\u00dfn\u00e4hte<\/li>\n<li>Effektiv einsetzbar bei Temperaturen von -20\u00b0 bis +80\u00b0<\/li>\n<\/ul>\n<p style=\"color: rgb(34, 34, 34); font-family: Arial, Helvetica, sans-serif; font-size: small;\">Die patentierten MK Hybrid-D\u00e4mpfer nutzen zylindrisch geformte Elastomere, die von sich aus eine hohe inerte Last bieten. In Kombination mit der Feder \u2013 sei es eine zentrale einzelne Feder oder vier an jedem Ende \u2013 verbessern sie die Leistung bei starker Beanspruchung erheblich. Dieses Design erm\u00f6glicht eine progressive Bewegung, die sich den Bed\u00fcrfnissen des Bootes anpasst.<\/p>\n<p style=\"color: rgb(34, 34, 34); font-family: Arial, Helvetica, sans-serif; font-size: small;\">Moorungsfedern sind entscheidend, um die Spannung in den Moorungsleinen zu reduzieren. Sie sind die einzige wirksame L\u00f6sung, um die Oszillation eines Bootes im Hafen zu minimieren, und gew\u00e4hrleisten Sicherheit, indem sie die Spannung in den Leinen d\u00e4mpfen. Dies verringert erheblich die Kr\u00e4fte, die auf die Heckbollards wirken, und schafft eine stabilere und angenehmere Umgebung f\u00fcr die Benutzer.<\/p>\n<p style=\"color: rgb(34, 34, 34); font-family: Arial, Helvetica, sans-serif; font-size: small;\">Technische Daten:<\/p>\n<ul style=\"color: rgb(34, 34, 34); font-family: Arial, Helvetica, sans-serif; font-size: small;\">\n<li>L\u00e4nge: 96 x 452 mm (3,78 x 17,80 Zoll)<\/li>\n<li>Gewicht: 6,5 kg (14,33 lbs)<\/li>\n<li>Geeignet f\u00fcr Boote mit einem Gewicht von 20 bis 25 Tonnen.<\/li>\n<\/ul>\n","protected":false},"excerpt":{"rendered":"<p>Sidermarine MK50s Hybrid f\u00fcr 20 bis 25 Tonnen &#8211; Wir pr\u00e4sentieren die MK 50 Spezial-Moorungsfeder. Diese hybride Moorungsfeder ist f\u00fcr<\/p>\n","protected":false},"featured_media":5946300,"comment_status":"open","ping_status":"closed","template":"","meta":[],"product_brand":[3385],"product_cat":[1337],"product_tag":[],"class_list":{"0":"post-737629","1":"product","2":"type-product","3":"status-publish","4":"has-post-thumbnail","6":"product_brand-sidermarine-de","7":"product_cat-anlegefendern-stossdaempfer","9":"first","10":"instock","11":"shipping-taxable","12":"purchasable","13":"product-type-simple"},"_links":{"self":[{"href":"https:\/\/stoic-curie.212-227-153-4.plesk.page\/de\/wp-json\/wp\/v2\/product\/737629","targetHints":{"allow":["GET"]}}],"collection":[{"href":"https:\/\/stoic-curie.212-227-153-4.plesk.page\/de\/wp-json\/wp\/v2\/product"}],"about":[{"href":"https:\/\/stoic-curie.212-227-153-4.plesk.page\/de\/wp-json\/wp\/v2\/types\/product"}],"replies":[{"embeddable":true,"href":"https:\/\/stoic-curie.212-227-153-4.plesk.page\/de\/wp-json\/wp\/v2\/comments?post=737629"}],"version-history":[{"count":0,"href":"https:\/\/stoic-curie.212-227-153-4.plesk.page\/de\/wp-json\/wp\/v2\/product\/737629\/revisions"}],"wp:featuredmedia":[{"embeddable":true,"href":"https:\/\/stoic-curie.212-227-153-4.plesk.page\/de\/wp-json\/wp\/v2\/media\/5946300"}],"wp:attachment":[{"href":"https:\/\/stoic-curie.212-227-153-4.plesk.page\/de\/wp-json\/wp\/v2\/media?parent=737629"}],"wp:term":[{"taxonomy":"product_brand","embeddable":true,"href":"https:\/\/stoic-curie.212-227-153-4.plesk.page\/de\/wp-json\/wp\/v2\/product_brand?post=737629"},{"taxonomy":"product_cat","embeddable":true,"href":"https:\/\/stoic-curie.212-227-153-4.plesk.page\/de\/wp-json\/wp\/v2\/product_cat?post=737629"},{"taxonomy":"product_tag","embeddable":true,"href":"https:\/\/stoic-curie.212-227-153-4.plesk.page\/de\/wp-json\/wp\/v2\/product_tag?post=737629"}],"curies":[{"name":"wp","href":"https:\/\/api.w.org\/{rel}","templated":true}]}}