{"id":737632,"date":"2025-03-03T16:38:45","date_gmt":"2025-03-03T15:38:45","guid":{"rendered":"https:\/\/stoic-curie.212-227-153-4.plesk.page\/producto\/tragbarer-luftentfeuchter-190-x-45-x-h125-mm\/"},"modified":"2026-02-24T23:35:14","modified_gmt":"2026-02-24T23:35:14","slug":"tragbarer-luftentfeuchter-190-x-45-x-h125-mm","status":"publish","type":"product","link":"https:\/\/stoic-curie.212-227-153-4.plesk.page\/de\/product\/tragbarer-luftentfeuchter-190-x-45-x-h125-mm\/","title":{"rendered":"Tragbarer Luftentfeuchter 190 x 45 x H125 mm"},"content":{"rendered":"<p>Tragbarer Luftentfeuchter 190 x 45 x H125 mm &#8211; <\/p>\n<p>Innovatives, wiederaufladbares System zur Feuchtigkeitsabsorption, das keinen Austausch von Kristallen erfordert. Verhindert Schimmel, Feuchtigkeit und unangenehme Ger\u00fcche in R\u00e4umen bis zu 20 m\u00b3. Es absorbiert bis zu 250 ml Feuchtigkeit, die dann einfach durch Anschlie\u00dfen des Ger\u00e4ts an eine 220-V-Stromversorgung f\u00fcr einige Stunden entfernt wird.<\/p>\n","protected":false},"excerpt":{"rendered":"<p>Tragbarer Luftentfeuchter 190 x 45 x H125 mm &#8211; Innovatives, wiederaufladbares System zur Feuchtigkeitsabsorption, das keinen Austausch von Kristallen erfordert.<\/p>\n","protected":false},"featured_media":5946301,"comment_status":"open","ping_status":"closed","template":"","meta":[],"product_brand":[3235],"product_cat":[1360],"product_tag":[],"class_list":{"0":"post-737632","1":"product","2":"type-product","3":"status-publish","4":"has-post-thumbnail","6":"product_brand-osculati-de","7":"product_cat-kuechengeraete","9":"first","10":"instock","11":"shipping-taxable","12":"purchasable","13":"product-type-simple"},"_links":{"self":[{"href":"https:\/\/stoic-curie.212-227-153-4.plesk.page\/de\/wp-json\/wp\/v2\/product\/737632","targetHints":{"allow":["GET"]}}],"collection":[{"href":"https:\/\/stoic-curie.212-227-153-4.plesk.page\/de\/wp-json\/wp\/v2\/product"}],"about":[{"href":"https:\/\/stoic-curie.212-227-153-4.plesk.page\/de\/wp-json\/wp\/v2\/types\/product"}],"replies":[{"embeddable":true,"href":"https:\/\/stoic-curie.212-227-153-4.plesk.page\/de\/wp-json\/wp\/v2\/comments?post=737632"}],"version-history":[{"count":0,"href":"https:\/\/stoic-curie.212-227-153-4.plesk.page\/de\/wp-json\/wp\/v2\/product\/737632\/revisions"}],"wp:featuredmedia":[{"embeddable":true,"href":"https:\/\/stoic-curie.212-227-153-4.plesk.page\/de\/wp-json\/wp\/v2\/media\/5946301"}],"wp:attachment":[{"href":"https:\/\/stoic-curie.212-227-153-4.plesk.page\/de\/wp-json\/wp\/v2\/media?parent=737632"}],"wp:term":[{"taxonomy":"product_brand","embeddable":true,"href":"https:\/\/stoic-curie.212-227-153-4.plesk.page\/de\/wp-json\/wp\/v2\/product_brand?post=737632"},{"taxonomy":"product_cat","embeddable":true,"href":"https:\/\/stoic-curie.212-227-153-4.plesk.page\/de\/wp-json\/wp\/v2\/product_cat?post=737632"},{"taxonomy":"product_tag","embeddable":true,"href":"https:\/\/stoic-curie.212-227-153-4.plesk.page\/de\/wp-json\/wp\/v2\/product_tag?post=737632"}],"curies":[{"name":"wp","href":"https:\/\/api.w.org\/{rel}","templated":true}]}}