{"id":737633,"date":"2025-03-03T16:38:46","date_gmt":"2025-03-03T15:38:46","guid":{"rendered":"https:\/\/stoic-curie.212-227-153-4.plesk.page\/producto\/aufblasbare-rettungsweste-securmar-mystic-150n-manuell-automatisch\/"},"modified":"2026-02-24T23:35:14","modified_gmt":"2026-02-24T23:35:14","slug":"aufblasbare-rettungsweste-securmar-mystic-150n-manuell-automatisch","status":"publish","type":"product","link":"https:\/\/stoic-curie.212-227-153-4.plesk.page\/de\/product\/aufblasbare-rettungsweste-securmar-mystic-150n-manuell-automatisch\/","title":{"rendered":"Aufblasbare Rettungsweste Securmar Mystic 150N (Manuell + Automatisch)"},"content":{"rendered":"<p>Aufblasbare Rettungsweste Securmar Mystic 150N (Manuell + Automatisch) &#8211; <\/p>\n<p>Secumar 165N aufblasbare Schwimmweste, die gem\u00e4\u00df CE ISO 12402-2 f\u00fcr Sportboote ohne Einschr\u00e4nkungen zugelassen ist. Sehr d\u00fcnn und komfortabel, garantiert sie hohe Bewegungsfreiheit und au\u00dfergew\u00f6hnliche Auftriebskraft. Ausgestattet mit einem CE ISO12401 zertifizierten Sicherheitsgeschirr. Mit UML MK5 33g automatischer Ausl\u00f6sung und manuellem Ausl\u00f6ser. Einheitsgr\u00f6\u00dfe f\u00fcr K\u00f6rpergewichte \u00fcber 50 kg.<\/p>\n","protected":false},"excerpt":{"rendered":"<p>Aufblasbare Rettungsweste Securmar Mystic 150N (Manuell + Automatisch) &#8211; Secumar 165N aufblasbare Schwimmweste, die gem\u00e4\u00df CE ISO 12402-2 f\u00fcr Sportboote<\/p>\n","protected":false},"featured_media":5946302,"comment_status":"open","ping_status":"closed","template":"","meta":[],"product_brand":[3365],"product_cat":[1314],"product_tag":[],"class_list":{"0":"post-737633","1":"product","2":"type-product","3":"status-publish","4":"has-post-thumbnail","6":"product_brand-securmar-de","7":"product_cat-zugelassene-rettungswesten","9":"first","10":"outofstock","11":"shipping-taxable","12":"purchasable","13":"product-type-simple"},"_links":{"self":[{"href":"https:\/\/stoic-curie.212-227-153-4.plesk.page\/de\/wp-json\/wp\/v2\/product\/737633","targetHints":{"allow":["GET"]}}],"collection":[{"href":"https:\/\/stoic-curie.212-227-153-4.plesk.page\/de\/wp-json\/wp\/v2\/product"}],"about":[{"href":"https:\/\/stoic-curie.212-227-153-4.plesk.page\/de\/wp-json\/wp\/v2\/types\/product"}],"replies":[{"embeddable":true,"href":"https:\/\/stoic-curie.212-227-153-4.plesk.page\/de\/wp-json\/wp\/v2\/comments?post=737633"}],"version-history":[{"count":0,"href":"https:\/\/stoic-curie.212-227-153-4.plesk.page\/de\/wp-json\/wp\/v2\/product\/737633\/revisions"}],"wp:featuredmedia":[{"embeddable":true,"href":"https:\/\/stoic-curie.212-227-153-4.plesk.page\/de\/wp-json\/wp\/v2\/media\/5946302"}],"wp:attachment":[{"href":"https:\/\/stoic-curie.212-227-153-4.plesk.page\/de\/wp-json\/wp\/v2\/media?parent=737633"}],"wp:term":[{"taxonomy":"product_brand","embeddable":true,"href":"https:\/\/stoic-curie.212-227-153-4.plesk.page\/de\/wp-json\/wp\/v2\/product_brand?post=737633"},{"taxonomy":"product_cat","embeddable":true,"href":"https:\/\/stoic-curie.212-227-153-4.plesk.page\/de\/wp-json\/wp\/v2\/product_cat?post=737633"},{"taxonomy":"product_tag","embeddable":true,"href":"https:\/\/stoic-curie.212-227-153-4.plesk.page\/de\/wp-json\/wp\/v2\/product_tag?post=737633"}],"curies":[{"name":"wp","href":"https:\/\/api.w.org\/{rel}","templated":true}]}}