{"id":737634,"date":"2025-03-03T16:38:46","date_gmt":"2025-03-03T15:38:46","guid":{"rendered":"https:\/\/stoic-curie.212-227-153-4.plesk.page\/producto\/saralon-luken-grau-330-x-760mm\/"},"modified":"2026-02-24T23:35:14","modified_gmt":"2026-02-24T23:35:14","slug":"saralon-luken-grau-330-x-760mm","status":"publish","type":"product","link":"https:\/\/stoic-curie.212-227-153-4.plesk.page\/de\/product\/saralon-luken-grau-330-x-760mm\/","title":{"rendered":"Saralon Luken Grau 330 x 760mm"},"content":{"rendered":"<p>Saralon Luken Grau 330 x 760mm &#8211; <\/p>\n<p>Fast unzerst\u00f6rbare Saralon (Polypropylenharz) Luke. Begehbar, sto\u00dffest und unempfindlich gegen UV-Strahlen, L\u00f6sungsmittel und Kraftstoffe. Eingelassene Dichtung f\u00fcr einen perfekten wasserdichten Abschluss. CE-zertifiziert.<\/p>\n","protected":false},"excerpt":{"rendered":"<p>Saralon Luken Grau 330 x 760mm &#8211; Fast unzerst\u00f6rbare Saralon (Polypropylenharz) Luke. Begehbar, sto\u00dffest und unempfindlich gegen UV-Strahlen, L\u00f6sungsmittel und<\/p>\n","protected":false},"featured_media":5946328,"comment_status":"open","ping_status":"closed","template":"","meta":[],"product_brand":[3035],"product_cat":[1408],"product_tag":[],"class_list":{"0":"post-737634","1":"product","2":"type-product","3":"status-publish","4":"has-post-thumbnail","6":"product_brand-jba-marine-de","7":"product_cat-kunststoffluken","9":"first","10":"instock","11":"shipping-taxable","12":"purchasable","13":"product-type-simple"},"_links":{"self":[{"href":"https:\/\/stoic-curie.212-227-153-4.plesk.page\/de\/wp-json\/wp\/v2\/product\/737634","targetHints":{"allow":["GET"]}}],"collection":[{"href":"https:\/\/stoic-curie.212-227-153-4.plesk.page\/de\/wp-json\/wp\/v2\/product"}],"about":[{"href":"https:\/\/stoic-curie.212-227-153-4.plesk.page\/de\/wp-json\/wp\/v2\/types\/product"}],"replies":[{"embeddable":true,"href":"https:\/\/stoic-curie.212-227-153-4.plesk.page\/de\/wp-json\/wp\/v2\/comments?post=737634"}],"version-history":[{"count":0,"href":"https:\/\/stoic-curie.212-227-153-4.plesk.page\/de\/wp-json\/wp\/v2\/product\/737634\/revisions"}],"wp:featuredmedia":[{"embeddable":true,"href":"https:\/\/stoic-curie.212-227-153-4.plesk.page\/de\/wp-json\/wp\/v2\/media\/5946328"}],"wp:attachment":[{"href":"https:\/\/stoic-curie.212-227-153-4.plesk.page\/de\/wp-json\/wp\/v2\/media?parent=737634"}],"wp:term":[{"taxonomy":"product_brand","embeddable":true,"href":"https:\/\/stoic-curie.212-227-153-4.plesk.page\/de\/wp-json\/wp\/v2\/product_brand?post=737634"},{"taxonomy":"product_cat","embeddable":true,"href":"https:\/\/stoic-curie.212-227-153-4.plesk.page\/de\/wp-json\/wp\/v2\/product_cat?post=737634"},{"taxonomy":"product_tag","embeddable":true,"href":"https:\/\/stoic-curie.212-227-153-4.plesk.page\/de\/wp-json\/wp\/v2\/product_tag?post=737634"}],"curies":[{"name":"wp","href":"https:\/\/api.w.org\/{rel}","templated":true}]}}