{"id":737638,"date":"2025-03-03T16:38:47","date_gmt":"2025-03-03T15:38:47","guid":{"rendered":"https:\/\/stoic-curie.212-227-153-4.plesk.page\/producto\/speed-2-anoden-zubehoerschraubensatz\/"},"modified":"2026-02-24T23:35:14","modified_gmt":"2026-02-24T23:35:14","slug":"speed-2-anoden-zubehoerschraubensatz","status":"publish","type":"product","link":"https:\/\/stoic-curie.212-227-153-4.plesk.page\/de\/product\/speed-2-anoden-zubehoerschraubensatz\/","title":{"rendered":"Speed \u200b\u200b2 Anoden-Zubeh\u00f6rschraubensatz"},"content":{"rendered":"<p>Speed \u200b\u200b2 Anoden-Zubeh\u00f6rschraubensatz &#8211; <\/p>\n<p>Die 2-Wege BOSS MR62 Lautsprecher bieten eine hervorragende Leistung \u00fcber das gesamte Frequenzspektrum und gew\u00e4hrleisten eine ausgezeichnete Schallverteilung. Ausgestattet mit einem Polypropylen-Stoff-Umfeld-Woofer zur Begrenzung von Resonanzger\u00e4uschen und einem 25 mm Mylar-Hocht\u00f6ner.<\/p>\n","protected":false},"excerpt":{"rendered":"<p>Speed \u200b\u200b2 Anoden-Zubeh\u00f6rschraubensatz &#8211; Die 2-Wege BOSS MR62 Lautsprecher bieten eine hervorragende Leistung \u00fcber das gesamte Frequenzspektrum und gew\u00e4hrleisten eine<\/p>\n","protected":false},"featured_media":5946338,"comment_status":"open","ping_status":"closed","template":"","meta":[],"product_brand":[2840],"product_cat":[1446],"product_tag":[],"class_list":{"0":"post-737638","1":"product","2":"type-product","3":"status-publish","4":"has-post-thumbnail","6":"product_brand-boss-marine-de","7":"product_cat-stereoanlage-und-lautsprecher","9":"first","10":"outofstock","11":"shipping-taxable","12":"purchasable","13":"product-type-simple"},"_links":{"self":[{"href":"https:\/\/stoic-curie.212-227-153-4.plesk.page\/de\/wp-json\/wp\/v2\/product\/737638","targetHints":{"allow":["GET"]}}],"collection":[{"href":"https:\/\/stoic-curie.212-227-153-4.plesk.page\/de\/wp-json\/wp\/v2\/product"}],"about":[{"href":"https:\/\/stoic-curie.212-227-153-4.plesk.page\/de\/wp-json\/wp\/v2\/types\/product"}],"replies":[{"embeddable":true,"href":"https:\/\/stoic-curie.212-227-153-4.plesk.page\/de\/wp-json\/wp\/v2\/comments?post=737638"}],"version-history":[{"count":0,"href":"https:\/\/stoic-curie.212-227-153-4.plesk.page\/de\/wp-json\/wp\/v2\/product\/737638\/revisions"}],"wp:featuredmedia":[{"embeddable":true,"href":"https:\/\/stoic-curie.212-227-153-4.plesk.page\/de\/wp-json\/wp\/v2\/media\/5946338"}],"wp:attachment":[{"href":"https:\/\/stoic-curie.212-227-153-4.plesk.page\/de\/wp-json\/wp\/v2\/media?parent=737638"}],"wp:term":[{"taxonomy":"product_brand","embeddable":true,"href":"https:\/\/stoic-curie.212-227-153-4.plesk.page\/de\/wp-json\/wp\/v2\/product_brand?post=737638"},{"taxonomy":"product_cat","embeddable":true,"href":"https:\/\/stoic-curie.212-227-153-4.plesk.page\/de\/wp-json\/wp\/v2\/product_cat?post=737638"},{"taxonomy":"product_tag","embeddable":true,"href":"https:\/\/stoic-curie.212-227-153-4.plesk.page\/de\/wp-json\/wp\/v2\/product_tag?post=737638"}],"curies":[{"name":"wp","href":"https:\/\/api.w.org\/{rel}","templated":true}]}}