{"id":737641,"date":"2025-03-03T16:38:47","date_gmt":"2025-03-03T15:38:47","guid":{"rendered":"https:\/\/stoic-curie.212-227-153-4.plesk.page\/producto\/vetus-lt50-kunststoff-auspuff-bogen-durchmesser-50-mm\/"},"modified":"2026-02-24T23:35:14","modified_gmt":"2026-02-24T23:35:14","slug":"vetus-lt50-kunststoff-auspuff-bogen-durchmesser-50-mm","status":"publish","type":"product","link":"https:\/\/stoic-curie.212-227-153-4.plesk.page\/de\/product\/vetus-lt50-kunststoff-auspuff-bogen-durchmesser-50-mm\/","title":{"rendered":"Vetus LT50 Kunststoff-Auspuff-Bogen (Durchmesser 50 mm)"},"content":{"rendered":"<p>Vetus LT50 Kunststoff-Auspuff-Bogen (Durchmesser 50 mm) &#8211; <\/p>\n<div class=\"col-24 col-md-15\">\n<p>Der Vetus LT50 Marine-Auspuff-G\u00e4nsekopf aus Kunststoff wurde entwickelt, um Wasser zur\u00fcck zum Motor in einem nassen Auspuffsystem zu verhindern. Dieser G\u00e4nsekopf hebt die Auspuffschlauchlinie \u00fcber die Wasserlinie, sodass Wasser nach unten zum tiefsten Punkt flie\u00dfen kann, an dem sich das Wasserabsperrventil befinden sollte.<\/p>\n<p>Bitte beachten Sie: Die Auspuffkomponenten von Vetus bestehen aus Kunststoff und d\u00fcrfen nur in nassen Auspuffsystemen installiert werden. Die maximale Temperatur darf 70 \u00c2\u00b0C nicht \u00fcberschreiten, da sonst die Auspuffkomponenten besch\u00e4digt werden k\u00f6nnen.<\/p>\n<\/div>\n<p><\/p>\n<table class=\"table\">\n<tbody>\n<tr>\n<td><strong>H\u00f6he<\/strong><\/td>\n<td>502mm<\/td>\n<\/tr>\n<tr>\n<td><strong>Material<\/strong><\/td>\n<td>Kunststoff<\/td>\n<\/tr>\n<tr>\n<td><strong>Breite<\/strong><\/td>\n<td>135mm<\/td>\n<\/tr>\n<tr>\n<td><strong>Marke<\/strong><\/td>\n<td>Vetus<\/td>\n<\/tr>\n<tr>\n<td><strong>Port-Gr\u00f6\u00dfe<\/strong><\/td>\n<td>50mm<\/td>\n<\/tr>\n<tr>\n<td><strong>Prim\u00e4re Konstruktion<\/strong><\/td>\n<td>Kunststoff<\/td>\n<\/tr>\n<tr>\n<td><strong>Inlet Outlet Port-Gr\u00f6\u00dfe<\/strong><\/td>\n<td>50mm<\/td>\n<\/tr>\n<tr>\n<td><strong>Tiefe<\/strong><\/td>\n<td>182mm<\/td>\n<\/tr>\n<\/tbody>\n<\/table>\n","protected":false},"excerpt":{"rendered":"<p>Vetus LT50 Kunststoff-Auspuff-Bogen (Durchmesser 50 mm) &#8211; Der Vetus LT50 Marine-Auspuff-G\u00e4nsekopf aus Kunststoff wurde entwickelt, um Wasser zur\u00fcck zum Motor<\/p>\n","protected":false},"featured_media":5946345,"comment_status":"open","ping_status":"closed","template":"","meta":[],"product_brand":[3520],"product_cat":[1507],"product_tag":[],"class_list":{"0":"post-737641","1":"product","2":"type-product","3":"status-publish","4":"has-post-thumbnail","6":"product_brand-vetus-de","7":"product_cat-abgas-wasserperren-und-schalldaempfer","9":"first","10":"instock","11":"shipping-taxable","12":"purchasable","13":"product-type-simple"},"_links":{"self":[{"href":"https:\/\/stoic-curie.212-227-153-4.plesk.page\/de\/wp-json\/wp\/v2\/product\/737641","targetHints":{"allow":["GET"]}}],"collection":[{"href":"https:\/\/stoic-curie.212-227-153-4.plesk.page\/de\/wp-json\/wp\/v2\/product"}],"about":[{"href":"https:\/\/stoic-curie.212-227-153-4.plesk.page\/de\/wp-json\/wp\/v2\/types\/product"}],"replies":[{"embeddable":true,"href":"https:\/\/stoic-curie.212-227-153-4.plesk.page\/de\/wp-json\/wp\/v2\/comments?post=737641"}],"version-history":[{"count":0,"href":"https:\/\/stoic-curie.212-227-153-4.plesk.page\/de\/wp-json\/wp\/v2\/product\/737641\/revisions"}],"wp:featuredmedia":[{"embeddable":true,"href":"https:\/\/stoic-curie.212-227-153-4.plesk.page\/de\/wp-json\/wp\/v2\/media\/5946345"}],"wp:attachment":[{"href":"https:\/\/stoic-curie.212-227-153-4.plesk.page\/de\/wp-json\/wp\/v2\/media?parent=737641"}],"wp:term":[{"taxonomy":"product_brand","embeddable":true,"href":"https:\/\/stoic-curie.212-227-153-4.plesk.page\/de\/wp-json\/wp\/v2\/product_brand?post=737641"},{"taxonomy":"product_cat","embeddable":true,"href":"https:\/\/stoic-curie.212-227-153-4.plesk.page\/de\/wp-json\/wp\/v2\/product_cat?post=737641"},{"taxonomy":"product_tag","embeddable":true,"href":"https:\/\/stoic-curie.212-227-153-4.plesk.page\/de\/wp-json\/wp\/v2\/product_tag?post=737641"}],"curies":[{"name":"wp","href":"https:\/\/api.w.org\/{rel}","templated":true}]}}