{"id":737643,"date":"2025-03-03T16:38:48","date_gmt":"2025-03-03T15:38:48","guid":{"rendered":"https:\/\/stoic-curie.212-227-153-4.plesk.page\/producto\/centek-vernalift-grp-auspuff-wasserschloss-inline-127mm-schlauch\/"},"modified":"2026-02-24T23:35:14","modified_gmt":"2026-02-24T23:35:14","slug":"centek-vernalift-grp-auspuff-wasserschloss-inline-127mm-schlauch","status":"publish","type":"product","link":"https:\/\/stoic-curie.212-227-153-4.plesk.page\/de\/product\/centek-vernalift-grp-auspuff-wasserschloss-inline-127mm-schlauch\/","title":{"rendered":"Centek Vernalift GRP Auspuff-Wasserschloss (Inline \/ 127mm Schlauch)"},"content":{"rendered":"<p>Centek Vernalift GRP Auspuff-Wasserschloss (Inline \/ 127mm Schlauch) &#8211; <\/p>\n<div class=\"col-24 col-md-15\">\n<p>Der Centek 1500100 Vernalift Wasserabscheider verf\u00fcgt \u00fcber eine &#8216;Inline&#8217;-Konfiguration. Dieser Wasserabscheider ist f\u00fcr den Einsatz mit Innenbordmotoren, Segelbooten und Generatoren geeignet, sollte jedoch unter dem Motor als tiefster Punkt des Abgassystems installiert werden. Er kann \u00fcber oder unter der Wasserlinie installiert werden und ist f\u00fcr Benzin- (Gas) oder Dieselmotoren geeignet. Er hat bessere schalld\u00e4mmende Eigenschaften von 22-28 dB, abh\u00e4ngig von dem verwendeten Motor.<\/p>\n<p>Die Centek-Baureihe von Abgaswasserabscheidern besteht aus hitzebest\u00e4ndigem GRP (glasfaserverst\u00e4rkter Kunststoff) sowie den anderen Komponenten ihres Nassabgassystems. Aufgrund dieser Konstruktion sind die Wasserabscheider korrosionsbest\u00e4ndig und halten Temperaturen von bis zu 177 \u00b0C (350 \u00b0F) stand. Die Centek-Abgasreihe ist von ABS, ABYC, Lloyds und UL genehmigt.<\/p>\n<p>Der Centek Vernalift ist nur f\u00fcr den Einsatz in Nassabgassystemen geeignet und sollte mit genehmigten, gummierten Marine-Abgas-Schl\u00e4uchen verwendet werden.<\/p>\n<\/div>\n<p><\/p>\n<table class=\"table\">\n<tbody>\n<tr>\n<td><strong>Anwendung<\/strong><\/td>\n<td>Innenbordmotoren, Segelboote &#038; Generatoren<\/td>\n<\/tr>\n<tr>\n<td><strong>L\u00e4nge<\/strong><\/td>\n<td>Port: 127mm, Gesamt: 559mm<\/td>\n<\/tr>\n<tr>\n<td><strong>Material<\/strong><\/td>\n<td>GRP<\/td>\n<\/tr>\n<tr>\n<td><strong>Marke<\/strong><\/td>\n<td>Centek<\/td>\n<\/tr>\n<tr>\n<td><strong>Portkonfiguration<\/strong><\/td>\n<td>Inline<\/td>\n<\/tr>\n<tr>\n<td><strong>Portgr\u00f6\u00dfe<\/strong><\/td>\n<td>127mm<\/td>\n<\/tr>\n<tr>\n<td><strong>Prim\u00e4re Konstruktion<\/strong><\/td>\n<td>GRP<\/td>\n<\/tr>\n<tr>\n<td><strong>Geeignet f\u00fcr<\/strong><\/td>\n<td>Benzin &#038; Diesel<\/td>\n<\/tr>\n<tr>\n<td><strong>Herkunftsland<\/strong><\/td>\n<td>Vereinigte Staaten<\/td>\n<\/tr>\n<tr>\n<td><strong>Typische Ger\u00e4uschreduktion<\/strong><\/td>\n<td>22-28dB<\/td>\n<\/tr>\n<tr>\n<td><strong>Durchmesser<\/strong><\/td>\n<td>K\u00f6rper: 313mm<\/td>\n<\/tr>\n<tr>\n<td><strong>Einlass-Auslass-Portgr\u00f6\u00dfe<\/strong><\/td>\n<td>127mm (5&#8243;)<\/td>\n<\/tr>\n<tr>\n<td><strong>Port Offset<\/strong><\/td>\n<td>233mm<\/td>\n<\/tr>\n<tr>\n<td><strong>Wasserlinie<\/strong><\/td>\n<td>\u00dcber oder Unter<\/td>\n<\/tr>\n<\/tbody>\n<\/table>\n","protected":false},"excerpt":{"rendered":"<p>Centek Vernalift GRP Auspuff-Wasserschloss (Inline \/ 127mm Schlauch) &#8211; Der Centek 1500100 Vernalift Wasserabscheider verf\u00fcgt \u00fcber eine &#8216;Inline&#8217;-Konfiguration. Dieser Wasserabscheider<\/p>\n","protected":false},"featured_media":5946348,"comment_status":"open","ping_status":"closed","template":"","meta":[],"product_brand":[3225],"product_cat":[1507],"product_tag":[],"class_list":{"0":"post-737643","1":"product","2":"type-product","3":"status-publish","4":"has-post-thumbnail","6":"product_brand-orbitrade-marine-de","7":"product_cat-abgas-wasserperren-und-schalldaempfer","9":"first","10":"instock","11":"shipping-taxable","12":"purchasable","13":"product-type-simple"},"_links":{"self":[{"href":"https:\/\/stoic-curie.212-227-153-4.plesk.page\/de\/wp-json\/wp\/v2\/product\/737643","targetHints":{"allow":["GET"]}}],"collection":[{"href":"https:\/\/stoic-curie.212-227-153-4.plesk.page\/de\/wp-json\/wp\/v2\/product"}],"about":[{"href":"https:\/\/stoic-curie.212-227-153-4.plesk.page\/de\/wp-json\/wp\/v2\/types\/product"}],"replies":[{"embeddable":true,"href":"https:\/\/stoic-curie.212-227-153-4.plesk.page\/de\/wp-json\/wp\/v2\/comments?post=737643"}],"version-history":[{"count":0,"href":"https:\/\/stoic-curie.212-227-153-4.plesk.page\/de\/wp-json\/wp\/v2\/product\/737643\/revisions"}],"wp:featuredmedia":[{"embeddable":true,"href":"https:\/\/stoic-curie.212-227-153-4.plesk.page\/de\/wp-json\/wp\/v2\/media\/5946348"}],"wp:attachment":[{"href":"https:\/\/stoic-curie.212-227-153-4.plesk.page\/de\/wp-json\/wp\/v2\/media?parent=737643"}],"wp:term":[{"taxonomy":"product_brand","embeddable":true,"href":"https:\/\/stoic-curie.212-227-153-4.plesk.page\/de\/wp-json\/wp\/v2\/product_brand?post=737643"},{"taxonomy":"product_cat","embeddable":true,"href":"https:\/\/stoic-curie.212-227-153-4.plesk.page\/de\/wp-json\/wp\/v2\/product_cat?post=737643"},{"taxonomy":"product_tag","embeddable":true,"href":"https:\/\/stoic-curie.212-227-153-4.plesk.page\/de\/wp-json\/wp\/v2\/product_tag?post=737643"}],"curies":[{"name":"wp","href":"https:\/\/api.w.org\/{rel}","templated":true}]}}