{"id":737659,"date":"2025-03-03T16:38:52","date_gmt":"2025-03-03T15:38:52","guid":{"rendered":"https:\/\/stoic-curie.212-227-153-4.plesk.page\/producto\/johnson-f3b-19-24v\/"},"modified":"2026-02-24T23:35:14","modified_gmt":"2026-02-24T23:35:14","slug":"johnson-f3b-19-24v","status":"publish","type":"product","link":"https:\/\/stoic-curie.212-227-153-4.plesk.page\/de\/product\/johnson-f3b-19-24v\/","title":{"rendered":"Johnson F3B-19 24V"},"content":{"rendered":"<p>Johnson F3B-19 24V &#8211; <\/p>\n<p>Johnson Nitril-Impeller und Messingkopf f\u00fcr vielseitige, selbstansaugende Pumpen. F\u00fcr S\u00fc\u00dfwasser, Salzwasser, \u00d6l oder Diesel, sowie zum Entleeren von Bilgen.<\/p>\n","protected":false},"excerpt":{"rendered":"<p>Johnson F3B-19 24V &#8211; Johnson Nitril-Impeller und Messingkopf f\u00fcr vielseitige, selbstansaugende Pumpen. F\u00fcr S\u00fc\u00dfwasser, Salzwasser, \u00d6l oder Diesel, sowie zum<\/p>\n","protected":false},"featured_media":5939012,"comment_status":"open","ping_status":"closed","template":"","meta":[],"product_brand":[3045],"product_cat":[1372,1500,1384],"product_tag":[],"class_list":{"0":"post-737659","1":"product","2":"type-product","3":"status-publish","4":"has-post-thumbnail","6":"product_brand-johnson-marine-de","7":"product_cat-elektrische-bilgepumpen","8":"product_cat-pumpen-fuer-oel-und-kraftstoff","9":"product_cat-wasserkreislaufpumpen","11":"first","12":"instock","13":"shipping-taxable","14":"purchasable","15":"product-type-simple"},"_links":{"self":[{"href":"https:\/\/stoic-curie.212-227-153-4.plesk.page\/de\/wp-json\/wp\/v2\/product\/737659","targetHints":{"allow":["GET"]}}],"collection":[{"href":"https:\/\/stoic-curie.212-227-153-4.plesk.page\/de\/wp-json\/wp\/v2\/product"}],"about":[{"href":"https:\/\/stoic-curie.212-227-153-4.plesk.page\/de\/wp-json\/wp\/v2\/types\/product"}],"replies":[{"embeddable":true,"href":"https:\/\/stoic-curie.212-227-153-4.plesk.page\/de\/wp-json\/wp\/v2\/comments?post=737659"}],"version-history":[{"count":0,"href":"https:\/\/stoic-curie.212-227-153-4.plesk.page\/de\/wp-json\/wp\/v2\/product\/737659\/revisions"}],"wp:featuredmedia":[{"embeddable":true,"href":"https:\/\/stoic-curie.212-227-153-4.plesk.page\/de\/wp-json\/wp\/v2\/media\/5939012"}],"wp:attachment":[{"href":"https:\/\/stoic-curie.212-227-153-4.plesk.page\/de\/wp-json\/wp\/v2\/media?parent=737659"}],"wp:term":[{"taxonomy":"product_brand","embeddable":true,"href":"https:\/\/stoic-curie.212-227-153-4.plesk.page\/de\/wp-json\/wp\/v2\/product_brand?post=737659"},{"taxonomy":"product_cat","embeddable":true,"href":"https:\/\/stoic-curie.212-227-153-4.plesk.page\/de\/wp-json\/wp\/v2\/product_cat?post=737659"},{"taxonomy":"product_tag","embeddable":true,"href":"https:\/\/stoic-curie.212-227-153-4.plesk.page\/de\/wp-json\/wp\/v2\/product_tag?post=737659"}],"curies":[{"name":"wp","href":"https:\/\/api.w.org\/{rel}","templated":true}]}}