{"id":737665,"date":"2025-03-03T16:40:45","date_gmt":"2025-03-03T15:40:45","guid":{"rendered":"https:\/\/stoic-curie.212-227-153-4.plesk.page\/producto\/rumpfanoden-150mm-x-3kg-zink\/"},"modified":"2026-02-24T23:35:14","modified_gmt":"2026-02-24T23:35:14","slug":"rumpfanoden-150mm-x-3kg-zink","status":"publish","type":"product","link":"https:\/\/stoic-curie.212-227-153-4.plesk.page\/de\/product\/rumpfanoden-150mm-x-3kg-zink\/","title":{"rendered":"Rumpfanoden 150mm x 3kg (Zink)"},"content":{"rendered":"<p>Rumpfanoden 150mm x 3kg (Zink) &#8211; <\/p>\n<p>Tropfenf\u00f6rmiger Anode mit Schwei\u00dfeinsatz f\u00fcr R\u00fcmpfe.<\/p>\n","protected":false},"excerpt":{"rendered":"<p>Rumpfanoden 150mm x 3kg (Zink) &#8211; Tropfenf\u00f6rmiger Anode mit Schwei\u00dfeinsatz f\u00fcr R\u00fcmpfe.<\/p>\n","protected":false},"featured_media":5946396,"comment_status":"open","ping_status":"closed","template":"","meta":[],"product_brand":[3475],"product_cat":[1348],"product_tag":[],"class_list":{"0":"post-737665","1":"product","2":"type-product","3":"status-publish","4":"has-post-thumbnail","6":"product_brand-tecnoseal-de","7":"product_cat-anoden-fuer-den-rumpf","9":"first","10":"instock","11":"shipping-taxable","12":"purchasable","13":"product-type-simple"},"_links":{"self":[{"href":"https:\/\/stoic-curie.212-227-153-4.plesk.page\/de\/wp-json\/wp\/v2\/product\/737665","targetHints":{"allow":["GET"]}}],"collection":[{"href":"https:\/\/stoic-curie.212-227-153-4.plesk.page\/de\/wp-json\/wp\/v2\/product"}],"about":[{"href":"https:\/\/stoic-curie.212-227-153-4.plesk.page\/de\/wp-json\/wp\/v2\/types\/product"}],"replies":[{"embeddable":true,"href":"https:\/\/stoic-curie.212-227-153-4.plesk.page\/de\/wp-json\/wp\/v2\/comments?post=737665"}],"version-history":[{"count":0,"href":"https:\/\/stoic-curie.212-227-153-4.plesk.page\/de\/wp-json\/wp\/v2\/product\/737665\/revisions"}],"wp:featuredmedia":[{"embeddable":true,"href":"https:\/\/stoic-curie.212-227-153-4.plesk.page\/de\/wp-json\/wp\/v2\/media\/5946396"}],"wp:attachment":[{"href":"https:\/\/stoic-curie.212-227-153-4.plesk.page\/de\/wp-json\/wp\/v2\/media?parent=737665"}],"wp:term":[{"taxonomy":"product_brand","embeddable":true,"href":"https:\/\/stoic-curie.212-227-153-4.plesk.page\/de\/wp-json\/wp\/v2\/product_brand?post=737665"},{"taxonomy":"product_cat","embeddable":true,"href":"https:\/\/stoic-curie.212-227-153-4.plesk.page\/de\/wp-json\/wp\/v2\/product_cat?post=737665"},{"taxonomy":"product_tag","embeddable":true,"href":"https:\/\/stoic-curie.212-227-153-4.plesk.page\/de\/wp-json\/wp\/v2\/product_tag?post=737665"}],"curies":[{"name":"wp","href":"https:\/\/api.w.org\/{rel}","templated":true}]}}