{"id":737670,"date":"2025-03-03T16:40:46","date_gmt":"2025-03-03T15:40:46","guid":{"rendered":"https:\/\/stoic-curie.212-227-153-4.plesk.page\/producto\/buendige-einbaurahmen-fuer-dometic-crx140\/"},"modified":"2026-02-24T23:35:14","modified_gmt":"2026-02-24T23:35:14","slug":"buendige-einbaurahmen-fuer-dometic-crx140","status":"publish","type":"product","link":"https:\/\/stoic-curie.212-227-153-4.plesk.page\/de\/product\/buendige-einbaurahmen-fuer-dometic-crx140\/","title":{"rendered":"B\u00fcndige Einbaurahmen f\u00fcr Dometic CRX140"},"content":{"rendered":"<p>B\u00fcndige Einbaurahmen f\u00fcr Dometic CRX140 &#8211; <\/p>\n<p>Dometic K\u00fchlschrank-Finishrahmen f\u00fcr die Installation von K\u00fchlschr\u00e4nken mit b\u00fcndiger T\u00fcr oder mit hervorstehenden T\u00fcr (Standard).<\/p>\n","protected":false},"excerpt":{"rendered":"<p>B\u00fcndige Einbaurahmen f\u00fcr Dometic CRX140 &#8211; Dometic K\u00fchlschrank-Finishrahmen f\u00fcr die Installation von K\u00fchlschr\u00e4nken mit b\u00fcndiger T\u00fcr oder mit hervorstehenden T\u00fcr<\/p>\n","protected":false},"featured_media":5945361,"comment_status":"open","ping_status":"closed","template":"","meta":[],"product_brand":[2895],"product_cat":[1464],"product_tag":[],"class_list":{"0":"post-737670","1":"product","2":"type-product","3":"status-publish","4":"has-post-thumbnail","6":"product_brand-dometic-de","7":"product_cat-kuehlschraenke-und-gefriertruhen","9":"first","10":"instock","11":"shipping-taxable","12":"purchasable","13":"product-type-simple"},"_links":{"self":[{"href":"https:\/\/stoic-curie.212-227-153-4.plesk.page\/de\/wp-json\/wp\/v2\/product\/737670","targetHints":{"allow":["GET"]}}],"collection":[{"href":"https:\/\/stoic-curie.212-227-153-4.plesk.page\/de\/wp-json\/wp\/v2\/product"}],"about":[{"href":"https:\/\/stoic-curie.212-227-153-4.plesk.page\/de\/wp-json\/wp\/v2\/types\/product"}],"replies":[{"embeddable":true,"href":"https:\/\/stoic-curie.212-227-153-4.plesk.page\/de\/wp-json\/wp\/v2\/comments?post=737670"}],"version-history":[{"count":0,"href":"https:\/\/stoic-curie.212-227-153-4.plesk.page\/de\/wp-json\/wp\/v2\/product\/737670\/revisions"}],"wp:featuredmedia":[{"embeddable":true,"href":"https:\/\/stoic-curie.212-227-153-4.plesk.page\/de\/wp-json\/wp\/v2\/media\/5945361"}],"wp:attachment":[{"href":"https:\/\/stoic-curie.212-227-153-4.plesk.page\/de\/wp-json\/wp\/v2\/media?parent=737670"}],"wp:term":[{"taxonomy":"product_brand","embeddable":true,"href":"https:\/\/stoic-curie.212-227-153-4.plesk.page\/de\/wp-json\/wp\/v2\/product_brand?post=737670"},{"taxonomy":"product_cat","embeddable":true,"href":"https:\/\/stoic-curie.212-227-153-4.plesk.page\/de\/wp-json\/wp\/v2\/product_cat?post=737670"},{"taxonomy":"product_tag","embeddable":true,"href":"https:\/\/stoic-curie.212-227-153-4.plesk.page\/de\/wp-json\/wp\/v2\/product_tag?post=737670"}],"curies":[{"name":"wp","href":"https:\/\/api.w.org\/{rel}","templated":true}]}}