{"id":737682,"date":"2025-03-03T16:40:49","date_gmt":"2025-03-03T15:40:49","guid":{"rendered":"https:\/\/stoic-curie.212-227-153-4.plesk.page\/producto\/dometic-coolmatic-cd30-edelstahl\/"},"modified":"2026-02-24T23:35:15","modified_gmt":"2026-02-24T23:35:15","slug":"dometic-coolmatic-cd30-edelstahl","status":"publish","type":"product","link":"https:\/\/stoic-curie.212-227-153-4.plesk.page\/de\/product\/dometic-coolmatic-cd30-edelstahl\/","title":{"rendered":"Dometic Coolmatic CD30S K\u00fchlschrank"},"content":{"rendered":"<p>Dometic Coolmatic CD30S K\u00fchlschrank &#8211; <\/p>\n<p style=\"color: rgb(34, 34, 34); font-family: Arial, Helvetica, sans-serif; font-size: small;\"><strong>Kompressor Schubladen K\u00fchlschrank, 30 L, Edelstahl-Front<\/strong><\/p>\n<p style=\"color: rgb(34, 34, 34); font-family: Arial, Helvetica, sans-serif; font-size: small;\">Der Dometic CoolMatic CD30S ist ein Schubladen K\u00fchlschrank, der f\u00fcr Bequemlichkeit und Effizienz entwickelt wurde. Er verf\u00fcgt \u00fcber eine externe 12\/24V-K\u00fchlungseinheit, die bis zu 1,5 Meter entfernt platziert werden kann, sowie \u00fcber eine einstellbare Temperaturregelung. Sein kompaktes Design macht ihn perfekt zum Maximieren kleiner R\u00e4ume.<\/p>\n<p style=\"color: rgb(34, 34, 34); font-family: Arial, Helvetica, sans-serif; font-size: small;\">Dieser K\u00fchlschrank bietet Flexibilit\u00e4t mit seinen einstellbaren Temperatureinstellungen und der abnehmbaren K\u00fchlungseinheit, die es Ihnen erm\u00f6glicht, ihn an Ihre Bed\u00fcrfnisse anzupassen. Das clevere Design l\u00e4sst Sie die K\u00fchlungseinheit an beiden Seiten des K\u00fchlschranks positionieren, sodass er nahtlos in Ihren Raum passt.<\/p>\n<p style=\"color: rgb(34, 34, 34); font-family: Arial, Helvetica, sans-serif; font-size: small;\"><strong>Wichtige Funktionen:<\/strong><\/p>\n<ul style=\"color: rgb(34, 34, 34); font-family: Arial, Helvetica, sans-serif; font-size: small;\">\n<li>Platzsparendes, flaches und kompaktes Design ideal f\u00fcr enge Bereiche<\/li>\n<li>Einfach mit einer einzigen Bewegung zu entriegeln und zu \u00f6ffnen<\/li>\n<li>\u00dcberlastschutz zur Sicherung Ihrer Starterbatterie<\/li>\n<li>St\u00e4ndige Temperaturregelung mit einem variablen Thermostat<\/li>\n<\/ul>\n<p style=\"color: rgb(34, 34, 34); font-family: Arial, Helvetica, sans-serif; font-size: small;\"><strong>Ein K\u00fchlschrank f\u00fcr jeden Raum<\/strong><br \/>Der Dometic CoolMatic CD30S ist die perfekte Wahl f\u00fcr begrenzte R\u00e4ume. Mit Solarenergie-Funktion und abnehmbarer K\u00fchlungseinheit bietet dieser kleine K\u00fchlschrank viele Funktionen. Das mitgelieferte 1,5-Meter-Kabel bietet Flexibilit\u00e4t bei der Platzierung, was ihn zu einer hervorragenden Wahl f\u00fcr Reisende macht. Egal, wo Sie auf der Welt sind, der CD30S arbeitet zuverl\u00e4ssig.<\/p>\n<p style=\"color: rgb(34, 34, 34); font-family: Arial, Helvetica, sans-serif; font-size: small;\"><strong>Stellen Sie Ihre eigene Temperatur ein<\/strong><br \/>Stellen Sie die Temperatur nach Ihrem Geschmack ein, w\u00e4hrend Sie effizient mit Energie umgehen.<\/p>\n<p style=\"color: rgb(34, 34, 34); font-family: Arial, Helvetica, sans-serif; font-size: small;\"><strong>Spezifikationen:<\/strong><\/p>\n<ul style=\"color: rgb(34, 34, 34); font-family: Arial, Helvetica, sans-serif; font-size: small;\">\n<li>Modell: CD30S (Edelstahlfront)<\/li>\n<li>Kapazit\u00e4t: 30 L<\/li>\n<li>K\u00e4ltemitteltyp: R134a<\/li>\n<li>Temperaturbereich: -2 \u00b0C bis +12 \u00b0C<\/li>\n<li>Eingangsspannung (DC): 12\/24 V<\/li>\n<li>Nennstrom (DC): 3,0A\/1,5A<\/li>\n<li>Nennleistung (DC): 40 W<\/li>\n<li>Abmessungen (B x H x T): 440 x 250 x 730 mm<\/li>\n<li>Gewicht: 18 kg<\/li>\n<\/ul>\n","protected":false},"excerpt":{"rendered":"<p>Dometic Coolmatic CD30S K\u00fchlschrank &#8211; Kompressor Schubladen K\u00fchlschrank, 30 L, Edelstahl-Front Der Dometic CoolMatic CD30S ist ein Schubladen K\u00fchlschrank, der<\/p>\n","protected":false},"featured_media":5946418,"comment_status":"open","ping_status":"closed","template":"","meta":[],"product_brand":[2895],"product_cat":[1464],"product_tag":[],"class_list":{"0":"post-737682","1":"product","2":"type-product","3":"status-publish","4":"has-post-thumbnail","6":"product_brand-dometic-de","7":"product_cat-kuehlschraenke-und-gefriertruhen","9":"first","10":"instock","11":"shipping-taxable","12":"purchasable","13":"product-type-simple"},"_links":{"self":[{"href":"https:\/\/stoic-curie.212-227-153-4.plesk.page\/de\/wp-json\/wp\/v2\/product\/737682","targetHints":{"allow":["GET"]}}],"collection":[{"href":"https:\/\/stoic-curie.212-227-153-4.plesk.page\/de\/wp-json\/wp\/v2\/product"}],"about":[{"href":"https:\/\/stoic-curie.212-227-153-4.plesk.page\/de\/wp-json\/wp\/v2\/types\/product"}],"replies":[{"embeddable":true,"href":"https:\/\/stoic-curie.212-227-153-4.plesk.page\/de\/wp-json\/wp\/v2\/comments?post=737682"}],"version-history":[{"count":0,"href":"https:\/\/stoic-curie.212-227-153-4.plesk.page\/de\/wp-json\/wp\/v2\/product\/737682\/revisions"}],"wp:featuredmedia":[{"embeddable":true,"href":"https:\/\/stoic-curie.212-227-153-4.plesk.page\/de\/wp-json\/wp\/v2\/media\/5946418"}],"wp:attachment":[{"href":"https:\/\/stoic-curie.212-227-153-4.plesk.page\/de\/wp-json\/wp\/v2\/media?parent=737682"}],"wp:term":[{"taxonomy":"product_brand","embeddable":true,"href":"https:\/\/stoic-curie.212-227-153-4.plesk.page\/de\/wp-json\/wp\/v2\/product_brand?post=737682"},{"taxonomy":"product_cat","embeddable":true,"href":"https:\/\/stoic-curie.212-227-153-4.plesk.page\/de\/wp-json\/wp\/v2\/product_cat?post=737682"},{"taxonomy":"product_tag","embeddable":true,"href":"https:\/\/stoic-curie.212-227-153-4.plesk.page\/de\/wp-json\/wp\/v2\/product_tag?post=737682"}],"curies":[{"name":"wp","href":"https:\/\/api.w.org\/{rel}","templated":true}]}}