{"id":737683,"date":"2025-03-03T16:40:50","date_gmt":"2025-03-03T15:40:50","guid":{"rendered":"https:\/\/stoic-curie.212-227-153-4.plesk.page\/producto\/dometic-coolmatic-cd30-weiss\/"},"modified":"2026-02-24T23:35:15","modified_gmt":"2026-02-24T23:35:15","slug":"dometic-coolmatic-cd30-weiss","status":"publish","type":"product","link":"https:\/\/stoic-curie.212-227-153-4.plesk.page\/de\/product\/dometic-coolmatic-cd30-weiss\/","title":{"rendered":"Dometic Coolmatic CD30 K\u00fchlschrank Wei\u00df"},"content":{"rendered":"<p>Dometic Coolmatic CD30 K\u00fchlschrank Wei\u00df &#8211; <\/p>\n<p style=\"color: rgb(34, 34, 34); font-family: Arial, Helvetica, sans-serif; font-size: small;\">Dieser K\u00fchlschrank ist mit einstellbaren Temperaturreglern und einem abnehmbaren K\u00fchlsystem ausgestattet, was Ihnen die Flexibilit\u00e4t bietet, Ihre spezifischen Anforderungen zu erf\u00fcllen. Sein kompaktes Design ist ideal zur Optimierung begrenzter R\u00e4ume. Die K\u00fchlvorrichtung kann entweder an der linken oder rechten Seite des K\u00fchlschranks angebracht oder bis zu 1,5 Meter entfernt platziert werden.<\/p>\n<p style=\"color: rgb(34, 34, 34); font-family: Arial, Helvetica, sans-serif; font-size: small;\">Die flache und kompakte Bauweise eignet sich perfekt f\u00fcr enge Bereiche und erm\u00f6glicht eine effektive Raumausnutzung. Sie k\u00f6nnen ihn ganz einfach mit einer einzigen Bewegung entriegeln und \u00f6ffnen. Zudem verf\u00fcgt er \u00fcber einen Niederspannungsschutz, um Ihre Starterbatterie zu sch\u00fctzen.<\/p>\n<p style=\"color: rgb(34, 34, 34); font-family: Arial, Helvetica, sans-serif; font-size: small;\">Dieser Schubladen-K\u00fchlschrank funktioniert sowohl mit 12V als auch mit 24V und umfasst eine externe K\u00fchlvorrichtung, die Temperatur\u00e4nderungen erm\u00f6glicht. Sein kompaktes Design sorgt daf\u00fcr, dass selbst kleine Lagerbereiche von leistungsstarker Kompressork\u00fchlung profitieren k\u00f6nnen. Die WAECO CoolMatic CD 30 K\u00fchl-Schublade ist f\u00fcr eine einfache einh\u00e4ndige Bedienung konzipiert, dank ihres kugelgelagerte Systems. In besonders engen R\u00e4umen kann die K\u00fchlvorrichtung an der Seite der Schublade oder separat, bis zu 1,5 Meter entfernt, montiert werden.<\/p>\n<p style=\"color: rgb(34, 34, 34); font-family: Arial, Helvetica, sans-serif; font-size: small;\">Die eingebaute CD 30 K\u00fchl-Schublade ist ebenfalls geeignet f\u00fcr Au\u00dfenlagerf\u00e4cher und kann als K\u00fchlmittelreserve auf der Flybridge dienen.<\/p>\n<p style=\"color: rgb(34, 34, 34); font-family: Arial, Helvetica, sans-serif; font-size: small;\"><strong>Technische Daten:<\/strong><\/p>\n<ul style=\"color: rgb(34, 34, 34); font-family: Arial, Helvetica, sans-serif; font-size: small;\">\n<li>Kapazit\u00e4t: 30 Liter<\/li>\n<li>Stromversorgung: 12 V \/ 24 V<\/li>\n<li>230-Volt-Anschluss \u00fcber einen optionalen Gleichrichter verf\u00fcgbar<\/li>\n<li>Temperaturbereich: +12\u00b0C bis -2\u00b0C<\/li>\n<li>Durchschnittliche Leistung: 40 W<\/li>\n<li>Stromverbrauch: 0,67 A\/h bei +5\u00b0C Innentemperatur und +20\u00b0C Umgebungstemperatur<\/li>\n<li>Einstellbares Thermostat<\/li>\n<li>Abmessungen:\n<ul>\n<li>Tiefe: 730 mm (mit Ger\u00e4t) \/ 560 mm (ohne Ger\u00e4t) \/ 490 mm (intern)<\/li>\n<li>Frontabmessungen: 440 x 250 mm (\u00e4u\u00dfere) \/ 370 x 245 mm (Schublade) \/ 200 mm (intern)<\/li>\n<\/ul>\n<\/li>\n<li>Gewicht: 18 kg<\/li>\n<\/ul>\n<p style=\"color: rgb(34, 34, 34); font-family: Arial, Helvetica, sans-serif; font-size: small;\"><strong>Zus\u00e4tzliche Abmessungen:<\/strong><\/p>\n<ul style=\"color: rgb(34, 34, 34); font-family: Arial, Helvetica, sans-serif; font-size: small;\">\n<li>Tiefe: 730 mm<\/li>\n<li>H\u00f6he: 250 mm<\/li>\n<li>Breite: 440 mm<\/li>\n<li>Netto-Gewicht: 19,3 kg<\/li>\n<\/ul>\n<p style=\"color: rgb(34, 34, 34); font-family: Arial, Helvetica, sans-serif; font-size: small;\">Dieser K\u00fchlschrank ist eine hervorragende Option f\u00fcr Bootsliebhaber, die nach einer zuverl\u00e4ssigen und effizienten K\u00fchlungsl\u00f6sung suchen.<\/p>\n","protected":false},"excerpt":{"rendered":"<p>Dometic Coolmatic CD30 K\u00fchlschrank Wei\u00df &#8211; Dieser K\u00fchlschrank ist mit einstellbaren Temperaturreglern und einem abnehmbaren K\u00fchlsystem ausgestattet, was Ihnen die<\/p>\n","protected":false},"featured_media":5946422,"comment_status":"open","ping_status":"closed","template":"","meta":[],"product_brand":[2895],"product_cat":[1464],"product_tag":[],"class_list":{"0":"post-737683","1":"product","2":"type-product","3":"status-publish","4":"has-post-thumbnail","6":"product_brand-dometic-de","7":"product_cat-kuehlschraenke-und-gefriertruhen","9":"first","10":"instock","11":"shipping-taxable","12":"purchasable","13":"product-type-simple"},"_links":{"self":[{"href":"https:\/\/stoic-curie.212-227-153-4.plesk.page\/de\/wp-json\/wp\/v2\/product\/737683","targetHints":{"allow":["GET"]}}],"collection":[{"href":"https:\/\/stoic-curie.212-227-153-4.plesk.page\/de\/wp-json\/wp\/v2\/product"}],"about":[{"href":"https:\/\/stoic-curie.212-227-153-4.plesk.page\/de\/wp-json\/wp\/v2\/types\/product"}],"replies":[{"embeddable":true,"href":"https:\/\/stoic-curie.212-227-153-4.plesk.page\/de\/wp-json\/wp\/v2\/comments?post=737683"}],"version-history":[{"count":0,"href":"https:\/\/stoic-curie.212-227-153-4.plesk.page\/de\/wp-json\/wp\/v2\/product\/737683\/revisions"}],"wp:featuredmedia":[{"embeddable":true,"href":"https:\/\/stoic-curie.212-227-153-4.plesk.page\/de\/wp-json\/wp\/v2\/media\/5946422"}],"wp:attachment":[{"href":"https:\/\/stoic-curie.212-227-153-4.plesk.page\/de\/wp-json\/wp\/v2\/media?parent=737683"}],"wp:term":[{"taxonomy":"product_brand","embeddable":true,"href":"https:\/\/stoic-curie.212-227-153-4.plesk.page\/de\/wp-json\/wp\/v2\/product_brand?post=737683"},{"taxonomy":"product_cat","embeddable":true,"href":"https:\/\/stoic-curie.212-227-153-4.plesk.page\/de\/wp-json\/wp\/v2\/product_cat?post=737683"},{"taxonomy":"product_tag","embeddable":true,"href":"https:\/\/stoic-curie.212-227-153-4.plesk.page\/de\/wp-json\/wp\/v2\/product_tag?post=737683"}],"curies":[{"name":"wp","href":"https:\/\/api.w.org\/{rel}","templated":true}]}}