{"id":737684,"date":"2025-03-03T16:40:50","date_gmt":"2025-03-03T15:40:50","guid":{"rendered":"https:\/\/stoic-curie.212-227-153-4.plesk.page\/producto\/kompressor-dometic-cu54-horizontal-bis-130lt\/"},"modified":"2026-02-24T23:35:15","modified_gmt":"2026-02-24T23:35:15","slug":"kompressor-dometic-cu54-horizontal-bis-130lt","status":"publish","type":"product","link":"https:\/\/stoic-curie.212-227-153-4.plesk.page\/de\/product\/kompressor-dometic-cu54-horizontal-bis-130lt\/","title":{"rendered":"Kompressor Dometic CU54"},"content":{"rendered":"<p>Kompressor Dometic CU54 &#8211; <\/p>\n<p style=\"color: rgb(34, 34, 34); font-family: Arial, Helvetica, sans-serif; font-size: small;\"><strong>Dometic CU54 Horizontalkompressor &#8211; Kapazit\u00e4t bis zu 130 Litern<\/strong><\/p>\n<p style=\"color: rgb(34, 34, 34); font-family: Arial, Helvetica, sans-serif; font-size: small;\">Der Dometic CU54 ist ein Einstiegsmodellkompressor, der speziell f\u00fcr kleinere K\u00fchlanwendungen entwickelt wurde und besonders effektiv in k\u00fchleren Gew\u00e4ssern wie der Nord- und Ostsee ist. Er bietet eine zuverl\u00e4ssige K\u00fchlkapazit\u00e4t, die Ihren individuellen Anforderungen entspricht.<\/p>\n<p style=\"color: rgb(34, 34, 34); font-family: Arial, Helvetica, sans-serif; font-size: small;\">Dieser Kompressor arbeitet mit minimalem Ger\u00e4uschpegel und umfasst Funktionen wie Leistungsregelung, vorbef\u00fclltes K\u00e4ltemittel und selbstdichtende Ventilanschl\u00fcsse, die die Installation vereinfachen. Die Montageplatte aus korrosionsbest\u00e4ndigem Edelstahl gew\u00e4hrleistet Langlebigkeit und eine lange Lebensdauer.<\/p>\n<p style=\"color: rgb(34, 34, 34); font-family: Arial, Helvetica, sans-serif; font-size: small;\"><strong>Kompatibel mit K\u00fchlsystemen, einschlie\u00dflich:<\/strong><\/p>\n<ul style=\"color: rgb(34, 34, 34); font-family: Arial, Helvetica, sans-serif; font-size: small;\">\n<li>1 x 12\/24V Dual-Voltage-K\u00fchlger\u00e4t<\/li>\n<li>1 x Verdampfer ausgestattet mit Dometic-Typ-Anschl\u00fcssen<\/li>\n<\/ul>\n<p style=\"color: rgb(34, 34, 34); font-family: Arial, Helvetica, sans-serif; font-size: small;\"><strong>Technische Spezifikationen:<\/strong><\/p>\n<ul style=\"color: rgb(34, 34, 34); font-family: Arial, Helvetica, sans-serif; font-size: small;\">\n<li>Eingangsspannung: 12\/24 Volt DC<\/li>\n<li>Stromverbrauch: ca. 35 oder 40 Watt, abh\u00e4ngig vom verwendeten Verdampfertyp<\/li>\n<li>Abmessungen (BxHxT): 386 x 165 x 130 mm<\/li>\n<li>Gewicht: Ungef\u00e4hr 6,0 kg<\/li>\n<li>Maximale K\u00fchlkapazit\u00e4t: 130 Liter f\u00fcr Standardk\u00fchlung mit direkten Verdampfern; 100 Liter f\u00fcr K\u00fchllagerungen<\/li>\n<\/ul>\n<p style=\"color: rgb(34, 34, 34); font-family: Arial, Helvetica, sans-serif; font-size: small;\"><strong>COLD MACHINE SERIES 50<\/strong>&nbsp;Diese Serie ist auf kleine K\u00fchlvolumen (bis etwa 130 Liter) zugeschnitten und besonders geeignet f\u00fcr den Einsatz in k\u00fchleren Wasserumgebungen.<\/p>\n<p style=\"color: rgb(34, 34, 34); font-family: Arial, Helvetica, sans-serif; font-size: small;\"><strong>Besondere Merkmale:<\/strong><\/p>\n<ul style=\"color: rgb(34, 34, 34); font-family: Arial, Helvetica, sans-serif; font-size: small;\">\n<li>Vollhermetischer Kompressor mit integrierter Steuerungselektronik und Niederspannungsschutz<\/li>\n<li>Niederspannungsschutzfunktion<\/li>\n<li>Elektronische Umkehrpolarit\u00e4tsschutz<\/li>\n<li>Dynamisch bel\u00fcfteter Drahtrohrkondensator<\/li>\n<li>Selbstdichtende Ventilanschl\u00fcsse<\/li>\n<li>Zwei luftgek\u00fchlte Einheiten mit unterschiedlichen Geh\u00e4useformen<\/li>\n<li>Drei Verdampfertypen, die jeweils auf die Leistung des Kompressors abgestimmt sind<\/li>\n<li>Korrosionsbest\u00e4ndige Edelstahl-Montageplatte<\/li>\n<li>Zuverl\u00e4ssiger Betrieb auch in geneigten Positionen<\/li>\n<\/ul>\n<p style=\"color: rgb(34, 34, 34); font-family: Arial, Helvetica, sans-serif; font-size: small;\"><strong>Marke:<\/strong>&nbsp;Dometic<br \/><strong>Modell:<\/strong>&nbsp;CU-54<br \/><strong>Spannungsbeschreibung:<\/strong>&nbsp;12V DC \/ 24V DC<br \/><strong>Leistungsaufnahme:<\/strong>&nbsp;40W<br \/><strong>Zulassungen:<\/strong>&nbsp;CE<br \/><strong>H\u00f6he:<\/strong>&nbsp;165 mm<br \/><strong>Breite:<\/strong>&nbsp;386 mm<br \/><strong>Tiefe:<\/strong>&nbsp;130 mm<\/p>\n","protected":false},"excerpt":{"rendered":"<p>Kompressor Dometic CU54 &#8211; Dometic CU54 Horizontalkompressor &#8211; Kapazit\u00e4t bis zu 130 Litern Der Dometic CU54 ist ein Einstiegsmodellkompressor, der<\/p>\n","protected":false},"featured_media":5946423,"comment_status":"open","ping_status":"closed","template":"","meta":[],"product_brand":[2895],"product_cat":[1464],"product_tag":[],"class_list":{"0":"post-737684","1":"product","2":"type-product","3":"status-publish","4":"has-post-thumbnail","6":"product_brand-dometic-de","7":"product_cat-kuehlschraenke-und-gefriertruhen","9":"first","10":"instock","11":"shipping-taxable","12":"purchasable","13":"product-type-simple"},"_links":{"self":[{"href":"https:\/\/stoic-curie.212-227-153-4.plesk.page\/de\/wp-json\/wp\/v2\/product\/737684","targetHints":{"allow":["GET"]}}],"collection":[{"href":"https:\/\/stoic-curie.212-227-153-4.plesk.page\/de\/wp-json\/wp\/v2\/product"}],"about":[{"href":"https:\/\/stoic-curie.212-227-153-4.plesk.page\/de\/wp-json\/wp\/v2\/types\/product"}],"replies":[{"embeddable":true,"href":"https:\/\/stoic-curie.212-227-153-4.plesk.page\/de\/wp-json\/wp\/v2\/comments?post=737684"}],"version-history":[{"count":0,"href":"https:\/\/stoic-curie.212-227-153-4.plesk.page\/de\/wp-json\/wp\/v2\/product\/737684\/revisions"}],"wp:featuredmedia":[{"embeddable":true,"href":"https:\/\/stoic-curie.212-227-153-4.plesk.page\/de\/wp-json\/wp\/v2\/media\/5946423"}],"wp:attachment":[{"href":"https:\/\/stoic-curie.212-227-153-4.plesk.page\/de\/wp-json\/wp\/v2\/media?parent=737684"}],"wp:term":[{"taxonomy":"product_brand","embeddable":true,"href":"https:\/\/stoic-curie.212-227-153-4.plesk.page\/de\/wp-json\/wp\/v2\/product_brand?post=737684"},{"taxonomy":"product_cat","embeddable":true,"href":"https:\/\/stoic-curie.212-227-153-4.plesk.page\/de\/wp-json\/wp\/v2\/product_cat?post=737684"},{"taxonomy":"product_tag","embeddable":true,"href":"https:\/\/stoic-curie.212-227-153-4.plesk.page\/de\/wp-json\/wp\/v2\/product_tag?post=737684"}],"curies":[{"name":"wp","href":"https:\/\/api.w.org\/{rel}","templated":true}]}}