{"id":737686,"date":"2025-03-03T16:40:50","date_gmt":"2025-03-03T15:40:50","guid":{"rendered":"https:\/\/stoic-curie.212-227-153-4.plesk.page\/producto\/kompressor-dometic-cu84-horizontal-bis-250lt\/"},"modified":"2026-02-24T23:35:15","modified_gmt":"2026-02-24T23:35:15","slug":"kompressor-dometic-cu84-horizontal-bis-250lt","status":"publish","type":"product","link":"https:\/\/stoic-curie.212-227-153-4.plesk.page\/de\/product\/kompressor-dometic-cu84-horizontal-bis-250lt\/","title":{"rendered":"Dometic CU84 Kompressor f\u00fcr bis zu 250 Liter"},"content":{"rendered":"<p>Dometic CU84 Kompressor f\u00fcr bis zu 250 Liter &#8211; <\/p>\n<p style=\"color: rgb(34, 34, 34); font-family: Arial, Helvetica, sans-serif; font-size: small;\">Diese K\u00fchlanlage wurde f\u00fcr kleine bis mittelgro\u00dfe K\u00fchlbed\u00fcrfnisse entwickelt, insbesondere in w\u00e4rmeren Gew\u00e4ssern wie dem Mittelmeer. Sie bietet verschiedene Verdampfertypen, die zur Kompressorausgabe passen, um sicherzustellen, dass Sie die richtige L\u00f6sung f\u00fcr Ihre Anforderungen finden. Das System verf\u00fcgt \u00fcber einen vollwertigen thermischen Danfoss BD35F-Kompressor, der mit Steuerungselektronik, integrierter Unterspannungsschutz, Unterspannungsschaltung, elektronischem Verpolungsschutz und einem b\u00fcrstenlosen DC-L\u00fcfter ausgestattet ist.<\/p>\n<p style=\"color: rgb(34, 34, 34); font-family: Arial, Helvetica, sans-serif; font-size: small;\"><strong>Technische Spezifikationen:<\/strong><\/p>\n<ul style=\"color: rgb(34, 34, 34); font-family: Arial, Helvetica, sans-serif; font-size: small;\">\n<li>Spannung: 12 V \/ 24 V<\/li>\n<li>K\u00fchlleistungen:\n<ul>\n<li>Maximal 250 Liter f\u00fcr normale K\u00fchlung mit direkten Verdampfern<\/li>\n<li>Maximal 70 Liter f\u00fcr Tiefk\u00fchlung<\/li>\n<\/ul>\n<\/li>\n<li>Energieverbrauch: 45 &#8211; 60 Watt, abh\u00e4ngig vom Verdampfertyp<\/li>\n<\/ul>\n<p style=\"color: rgb(34, 34, 34); font-family: Arial, Helvetica, sans-serif; font-size: small;\">Diese K\u00fchlanlage arbeitet sehr leise und umfasst eine Leistungsregelung, vorgef\u00fclltes K\u00fchlmittel und selbstabdichtende Ventilkupplungen f\u00fcr eine unkomplizierte Montage. Die korrosionsbest\u00e4ndige Montageplatte aus rostfreiem Edelstahl gew\u00e4hrleistet eine langfristige Haltbarkeit.<\/p>\n<p style=\"color: rgb(34, 34, 34); font-family: Arial, Helvetica, sans-serif; font-size: small;\">Im K\u00fchlbetriebssystem sind enthalten:<\/p>\n<ul style=\"color: rgb(34, 34, 34); font-family: Arial, Helvetica, sans-serif; font-size: small;\">\n<li>1 x K\u00fchlger\u00e4t mit 12\/24V-Dualspannung<\/li>\n<li>1 x Verdampfer mit Dometic-Kupplungen<\/li>\n<\/ul>\n<p style=\"color: rgb(34, 34, 34); font-family: Arial, Helvetica, sans-serif; font-size: small;\">Der leistungsgeregelte Kompressor steigert die Effizienz, und das Ger\u00e4t ist f\u00fcr eine einfache Installation mit vorgef\u00fclltem K\u00fchlmittel und selbstabdichtenden Ventilkupplungen konzipiert.<\/p>\n<p style=\"color: rgb(34, 34, 34); font-family: Arial, Helvetica, sans-serif; font-size: small;\"><strong>Hauptmerkmale:<\/strong><\/p>\n<ul style=\"color: rgb(34, 34, 34); font-family: Arial, Helvetica, sans-serif; font-size: small;\">\n<li>Sehr leiser Betrieb<\/li>\n<li>Hochwertige, korrosionsbest\u00e4ndige Montagesplatte aus Edelstahl<\/li>\n<li>Sieben Verdampferoptionen verf\u00fcgbar<\/li>\n<li>Unempfindlich gegen Neigung<\/li>\n<li>Arbeitet mit 12 oder 24 V DC<\/li>\n<\/ul>\n<p style=\"color: rgb(34, 34, 34); font-family: Arial, Helvetica, sans-serif; font-size: small;\"><strong>Abmessungen:<\/strong><\/p>\n<ul style=\"color: rgb(34, 34, 34); font-family: Arial, Helvetica, sans-serif; font-size: small;\">\n<li>Tiefe: 130 mm<\/li>\n<li>H\u00f6he: 160 mm<\/li>\n<li>Breite: 386 mm<\/li>\n<li>Netto Gewicht: 6 kg<\/li>\n<\/ul>\n","protected":false},"excerpt":{"rendered":"<p>Dometic CU84 Kompressor f\u00fcr bis zu 250 Liter &#8211; Diese K\u00fchlanlage wurde f\u00fcr kleine bis mittelgro\u00dfe K\u00fchlbed\u00fcrfnisse entwickelt, insbesondere in<\/p>\n","protected":false},"featured_media":5946425,"comment_status":"open","ping_status":"closed","template":"","meta":[],"product_brand":[2895],"product_cat":[1464],"product_tag":[],"class_list":{"0":"post-737686","1":"product","2":"type-product","3":"status-publish","4":"has-post-thumbnail","6":"product_brand-dometic-de","7":"product_cat-kuehlschraenke-und-gefriertruhen","9":"first","10":"outofstock","11":"shipping-taxable","12":"purchasable","13":"product-type-simple"},"_links":{"self":[{"href":"https:\/\/stoic-curie.212-227-153-4.plesk.page\/de\/wp-json\/wp\/v2\/product\/737686","targetHints":{"allow":["GET"]}}],"collection":[{"href":"https:\/\/stoic-curie.212-227-153-4.plesk.page\/de\/wp-json\/wp\/v2\/product"}],"about":[{"href":"https:\/\/stoic-curie.212-227-153-4.plesk.page\/de\/wp-json\/wp\/v2\/types\/product"}],"replies":[{"embeddable":true,"href":"https:\/\/stoic-curie.212-227-153-4.plesk.page\/de\/wp-json\/wp\/v2\/comments?post=737686"}],"version-history":[{"count":0,"href":"https:\/\/stoic-curie.212-227-153-4.plesk.page\/de\/wp-json\/wp\/v2\/product\/737686\/revisions"}],"wp:featuredmedia":[{"embeddable":true,"href":"https:\/\/stoic-curie.212-227-153-4.plesk.page\/de\/wp-json\/wp\/v2\/media\/5946425"}],"wp:attachment":[{"href":"https:\/\/stoic-curie.212-227-153-4.plesk.page\/de\/wp-json\/wp\/v2\/media?parent=737686"}],"wp:term":[{"taxonomy":"product_brand","embeddable":true,"href":"https:\/\/stoic-curie.212-227-153-4.plesk.page\/de\/wp-json\/wp\/v2\/product_brand?post=737686"},{"taxonomy":"product_cat","embeddable":true,"href":"https:\/\/stoic-curie.212-227-153-4.plesk.page\/de\/wp-json\/wp\/v2\/product_cat?post=737686"},{"taxonomy":"product_tag","embeddable":true,"href":"https:\/\/stoic-curie.212-227-153-4.plesk.page\/de\/wp-json\/wp\/v2\/product_tag?post=737686"}],"curies":[{"name":"wp","href":"https:\/\/api.w.org\/{rel}","templated":true}]}}