{"id":737692,"date":"2025-03-03T16:40:52","date_gmt":"2025-03-03T15:40:52","guid":{"rendered":"https:\/\/stoic-curie.212-227-153-4.plesk.page\/producto\/harzlager-fuer-welle-70-x-9525-x-280-mm\/"},"modified":"2026-02-24T23:35:15","modified_gmt":"2026-02-24T23:35:15","slug":"harzlager-fuer-welle-70-x-9525-x-280-mm","status":"publish","type":"product","link":"https:\/\/stoic-curie.212-227-153-4.plesk.page\/de\/product\/harzlager-fuer-welle-70-x-9525-x-280-mm\/","title":{"rendered":"Harzlager f\u00fcr Welle, 70 x 95,25 x 280 mm"},"content":{"rendered":"<p>Harzlager f\u00fcr Welle, 70 x 95,25 x 280 mm &#8211; <\/p>\n<p>Wassergef\u00fchrte Wellenlager mit metrischem Innendurchmesser &#8211; Zoll Au\u00dfendurchmesser. Harzschale, Gummieinlage mit axialen Kan\u00e4len.<\/p>\n","protected":false},"excerpt":{"rendered":"<p>Harzlager f\u00fcr Welle, 70 x 95,25 x 280 mm &#8211; Wassergef\u00fchrte Wellenlager mit metrischem Innendurchmesser &#8211; Zoll Au\u00dfendurchmesser. Harzschale, Gummieinlage<\/p>\n","protected":false},"featured_media":5936301,"comment_status":"open","ping_status":"closed","template":"","meta":[],"product_brand":[2930],"product_cat":[1525],"product_tag":[],"class_list":{"0":"post-737692","1":"product","2":"type-product","3":"status-publish","4":"has-post-thumbnail","6":"product_brand-exalto-marine-de","7":"product_cat-propellerwellenlager","9":"first","10":"instock","11":"shipping-taxable","12":"purchasable","13":"product-type-simple"},"_links":{"self":[{"href":"https:\/\/stoic-curie.212-227-153-4.plesk.page\/de\/wp-json\/wp\/v2\/product\/737692","targetHints":{"allow":["GET"]}}],"collection":[{"href":"https:\/\/stoic-curie.212-227-153-4.plesk.page\/de\/wp-json\/wp\/v2\/product"}],"about":[{"href":"https:\/\/stoic-curie.212-227-153-4.plesk.page\/de\/wp-json\/wp\/v2\/types\/product"}],"replies":[{"embeddable":true,"href":"https:\/\/stoic-curie.212-227-153-4.plesk.page\/de\/wp-json\/wp\/v2\/comments?post=737692"}],"version-history":[{"count":0,"href":"https:\/\/stoic-curie.212-227-153-4.plesk.page\/de\/wp-json\/wp\/v2\/product\/737692\/revisions"}],"wp:featuredmedia":[{"embeddable":true,"href":"https:\/\/stoic-curie.212-227-153-4.plesk.page\/de\/wp-json\/wp\/v2\/media\/5936301"}],"wp:attachment":[{"href":"https:\/\/stoic-curie.212-227-153-4.plesk.page\/de\/wp-json\/wp\/v2\/media?parent=737692"}],"wp:term":[{"taxonomy":"product_brand","embeddable":true,"href":"https:\/\/stoic-curie.212-227-153-4.plesk.page\/de\/wp-json\/wp\/v2\/product_brand?post=737692"},{"taxonomy":"product_cat","embeddable":true,"href":"https:\/\/stoic-curie.212-227-153-4.plesk.page\/de\/wp-json\/wp\/v2\/product_cat?post=737692"},{"taxonomy":"product_tag","embeddable":true,"href":"https:\/\/stoic-curie.212-227-153-4.plesk.page\/de\/wp-json\/wp\/v2\/product_tag?post=737692"}],"curies":[{"name":"wp","href":"https:\/\/api.w.org\/{rel}","templated":true}]}}