{"id":737704,"date":"2025-03-03T16:44:59","date_gmt":"2025-03-03T15:44:59","guid":{"rendered":"https:\/\/stoic-curie.212-227-153-4.plesk.page\/producto\/led-scheinwerfer-quick-todd-72-mm-weiss-4000-k-rot\/"},"modified":"2026-02-24T23:35:15","modified_gmt":"2026-02-24T23:35:15","slug":"led-scheinwerfer-quick-todd-72-mm-weiss-4000-k-rot","status":"publish","type":"product","link":"https:\/\/stoic-curie.212-227-153-4.plesk.page\/de\/product\/led-scheinwerfer-quick-todd-72-mm-weiss-4000-k-rot\/","title":{"rendered":"LED-Scheinwerfer Quick Todd 72 mm (Wei\u00df 4000 K \/ Rot)"},"content":{"rendered":"<p>LED-Scheinwerfer Quick Todd 72 mm (Wei\u00df 4000 K \/ Rot) &#8211; <\/p>\n<p>Doppellicht 2W IP65 LED-Strahler wahlweise in Wei\u00df oder Rot f\u00fcr Innen- und Au\u00dfenbereich mit flachem Rahmen aus 316 Edelstahl. Unterputzmontage mit Federn. Universelle Spannung von 9-32V mit dimmbarer LED, die vor Spannungsspitzen und Verpolung gesch\u00fctzt ist.<\/p>\n","protected":false},"excerpt":{"rendered":"<p>LED-Scheinwerfer Quick Todd 72 mm (Wei\u00df 4000 K \/ Rot) &#8211; Doppellicht 2W IP65 LED-Strahler wahlweise in Wei\u00df oder Rot<\/p>\n","protected":false},"featured_media":5946441,"comment_status":"open","ping_status":"closed","template":"","meta":[],"product_brand":[3280],"product_cat":[1452],"product_tag":[],"class_list":{"0":"post-737704","1":"product","2":"type-product","3":"status-publish","4":"has-post-thumbnail","6":"product_brand-quick-de","7":"product_cat-bootsbeleuchtung","9":"first","10":"instock","11":"shipping-taxable","12":"purchasable","13":"product-type-simple"},"_links":{"self":[{"href":"https:\/\/stoic-curie.212-227-153-4.plesk.page\/de\/wp-json\/wp\/v2\/product\/737704","targetHints":{"allow":["GET"]}}],"collection":[{"href":"https:\/\/stoic-curie.212-227-153-4.plesk.page\/de\/wp-json\/wp\/v2\/product"}],"about":[{"href":"https:\/\/stoic-curie.212-227-153-4.plesk.page\/de\/wp-json\/wp\/v2\/types\/product"}],"replies":[{"embeddable":true,"href":"https:\/\/stoic-curie.212-227-153-4.plesk.page\/de\/wp-json\/wp\/v2\/comments?post=737704"}],"version-history":[{"count":0,"href":"https:\/\/stoic-curie.212-227-153-4.plesk.page\/de\/wp-json\/wp\/v2\/product\/737704\/revisions"}],"wp:featuredmedia":[{"embeddable":true,"href":"https:\/\/stoic-curie.212-227-153-4.plesk.page\/de\/wp-json\/wp\/v2\/media\/5946441"}],"wp:attachment":[{"href":"https:\/\/stoic-curie.212-227-153-4.plesk.page\/de\/wp-json\/wp\/v2\/media?parent=737704"}],"wp:term":[{"taxonomy":"product_brand","embeddable":true,"href":"https:\/\/stoic-curie.212-227-153-4.plesk.page\/de\/wp-json\/wp\/v2\/product_brand?post=737704"},{"taxonomy":"product_cat","embeddable":true,"href":"https:\/\/stoic-curie.212-227-153-4.plesk.page\/de\/wp-json\/wp\/v2\/product_cat?post=737704"},{"taxonomy":"product_tag","embeddable":true,"href":"https:\/\/stoic-curie.212-227-153-4.plesk.page\/de\/wp-json\/wp\/v2\/product_tag?post=737704"}],"curies":[{"name":"wp","href":"https:\/\/api.w.org\/{rel}","templated":true}]}}