{"id":737716,"date":"2025-03-03T16:45:04","date_gmt":"2025-03-03T15:45:04","guid":{"rendered":"https:\/\/stoic-curie.212-227-153-4.plesk.page\/producto\/kompressionsverschluesse-roca-76mm-abgewinkelt-ohne-verriegelung\/"},"modified":"2026-02-24T23:35:15","modified_gmt":"2026-02-24T23:35:15","slug":"kompressionsverschluesse-roca-76mm-abgewinkelt-ohne-verriegelung","status":"publish","type":"product","link":"https:\/\/stoic-curie.212-227-153-4.plesk.page\/de\/product\/kompressionsverschluesse-roca-76mm-abgewinkelt-ohne-verriegelung\/","title":{"rendered":"Kompressionsverschl\u00fcsse Roca 76mm abgewinkelt (ohne Verriegelung)"},"content":{"rendered":"<p>Kompressionsverschl\u00fcsse Roca 76mm abgewinkelt (ohne Verriegelung) &#8211; <\/p>\n<p>Spiegelpolierter 316 Edelstahl wasserdichter Kompressionsverschluss mit verstellbarem Hebel. Wird zum \u00d6ffnen und Schlie\u00dfen von Schottw\u00e4nden und Luken verwendet. Winklige Hebel k\u00f6nnen in normaler Position oder gedreht (Rev) montiert werden, um alle erforderlichen Dicken (A) abzudecken. T\u00fcrdicke 222 mm (T).<\/p>\n","protected":false},"excerpt":{"rendered":"<p>Kompressionsverschl\u00fcsse Roca 76mm abgewinkelt (ohne Verriegelung) &#8211; Spiegelpolierter 316 Edelstahl wasserdichter Kompressionsverschluss mit verstellbarem Hebel. Wird zum \u00d6ffnen und Schlie\u00dfen<\/p>\n","protected":false},"featured_media":5946447,"comment_status":"open","ping_status":"closed","template":"","meta":[],"product_brand":[3315],"product_cat":[1400,1421],"product_tag":[],"class_list":{"0":"post-737716","1":"product","2":"type-product","3":"status-publish","4":"has-post-thumbnail","6":"product_brand-roca-marine-de","7":"product_cat-bootsverschluesse","8":"product_cat-tuerschloesser","10":"first","11":"instock","12":"shipping-taxable","13":"purchasable","14":"product-type-simple"},"_links":{"self":[{"href":"https:\/\/stoic-curie.212-227-153-4.plesk.page\/de\/wp-json\/wp\/v2\/product\/737716","targetHints":{"allow":["GET"]}}],"collection":[{"href":"https:\/\/stoic-curie.212-227-153-4.plesk.page\/de\/wp-json\/wp\/v2\/product"}],"about":[{"href":"https:\/\/stoic-curie.212-227-153-4.plesk.page\/de\/wp-json\/wp\/v2\/types\/product"}],"replies":[{"embeddable":true,"href":"https:\/\/stoic-curie.212-227-153-4.plesk.page\/de\/wp-json\/wp\/v2\/comments?post=737716"}],"version-history":[{"count":0,"href":"https:\/\/stoic-curie.212-227-153-4.plesk.page\/de\/wp-json\/wp\/v2\/product\/737716\/revisions"}],"wp:featuredmedia":[{"embeddable":true,"href":"https:\/\/stoic-curie.212-227-153-4.plesk.page\/de\/wp-json\/wp\/v2\/media\/5946447"}],"wp:attachment":[{"href":"https:\/\/stoic-curie.212-227-153-4.plesk.page\/de\/wp-json\/wp\/v2\/media?parent=737716"}],"wp:term":[{"taxonomy":"product_brand","embeddable":true,"href":"https:\/\/stoic-curie.212-227-153-4.plesk.page\/de\/wp-json\/wp\/v2\/product_brand?post=737716"},{"taxonomy":"product_cat","embeddable":true,"href":"https:\/\/stoic-curie.212-227-153-4.plesk.page\/de\/wp-json\/wp\/v2\/product_cat?post=737716"},{"taxonomy":"product_tag","embeddable":true,"href":"https:\/\/stoic-curie.212-227-153-4.plesk.page\/de\/wp-json\/wp\/v2\/product_tag?post=737716"}],"curies":[{"name":"wp","href":"https:\/\/api.w.org\/{rel}","templated":true}]}}