{"id":737725,"date":"2025-03-03T16:45:08","date_gmt":"2025-03-03T15:45:08","guid":{"rendered":"https:\/\/stoic-curie.212-227-153-4.plesk.page\/producto\/foldable-solar-panel-100wt-12-24v-565-x-1210mm\/"},"modified":"2026-02-24T23:35:15","modified_gmt":"2026-02-24T23:35:15","slug":"foldable-solar-panel-100wt-12-24v-565-x-1210mm","status":"publish","type":"product","link":"https:\/\/stoic-curie.212-227-153-4.plesk.page\/de\/product\/foldable-solar-panel-100wt-12-24v-565-x-1210mm\/","title":{"rendered":"Foldable Solar Panel 100wt 12-24v 565 x 1210mm"},"content":{"rendered":"<p>Foldable Solar Panel 100wt 12-24v 565 x 1210mm &#8211; <\/p>\n<p>Leichte und widerstandsf\u00e4hige semi-flexible Solarpanels von \u00fcberlegener Qualit\u00e4t und hoher Effizienz mit monokristallinen Siliziumzellen f\u00fcr eine bessere Leistung, die bis zu 22% erreichen kann. Faltbar und tragbar wie eine Aktentasche mit Griff, k\u00f6nnen sie dank des mitgelieferten Stativs zur Sonne ausgerichtet und positioniert oder mit doppelseitigem Klebeband oder Schrauben befestigt werden. Auch zum Laden von Handys, Laptops oder anderen USB-Ladeger\u00e4ten geeignet. Komplett mit USB-A, 5V2A Kabelausgang, Handy- und Computer-Ladeger\u00e4t-B, 5V3A. Mit 2 x 90 cm Kabeln und MC4-Steckern. Muss mit einem Laderegler erg\u00e4nzt werden, der je nach Spannung (12 oder 24V) des zu ladenden Akkus und der Summe der Stromst\u00e4rken (Imp) jedes einzelnen Panels ausgew\u00e4hlt werden muss. Gesamte Paneldicke 3 mm. Wp = Leistungsbewertung (W) Imp = Maximaler Strom (A) Voc = Leerlaufspannung (V)<\/p>\n","protected":false},"excerpt":{"rendered":"<p>Foldable Solar Panel 100wt 12-24v 565 x 1210mm &#8211; Leichte und widerstandsf\u00e4hige semi-flexible Solarpanels von \u00fcberlegener Qualit\u00e4t und hoher Effizienz<\/p>\n","protected":false},"featured_media":5946472,"comment_status":"open","ping_status":"closed","template":"","meta":[],"product_brand":[2830],"product_cat":[1462],"product_tag":[],"class_list":{"0":"post-737725","1":"product","2":"type-product","3":"status-publish","4":"has-post-thumbnail","6":"product_brand-blue-sea-systems-de","7":"product_cat-solarpaneele","9":"first","10":"instock","11":"shipping-taxable","12":"purchasable","13":"product-type-simple"},"_links":{"self":[{"href":"https:\/\/stoic-curie.212-227-153-4.plesk.page\/de\/wp-json\/wp\/v2\/product\/737725","targetHints":{"allow":["GET"]}}],"collection":[{"href":"https:\/\/stoic-curie.212-227-153-4.plesk.page\/de\/wp-json\/wp\/v2\/product"}],"about":[{"href":"https:\/\/stoic-curie.212-227-153-4.plesk.page\/de\/wp-json\/wp\/v2\/types\/product"}],"replies":[{"embeddable":true,"href":"https:\/\/stoic-curie.212-227-153-4.plesk.page\/de\/wp-json\/wp\/v2\/comments?post=737725"}],"version-history":[{"count":0,"href":"https:\/\/stoic-curie.212-227-153-4.plesk.page\/de\/wp-json\/wp\/v2\/product\/737725\/revisions"}],"wp:featuredmedia":[{"embeddable":true,"href":"https:\/\/stoic-curie.212-227-153-4.plesk.page\/de\/wp-json\/wp\/v2\/media\/5946472"}],"wp:attachment":[{"href":"https:\/\/stoic-curie.212-227-153-4.plesk.page\/de\/wp-json\/wp\/v2\/media?parent=737725"}],"wp:term":[{"taxonomy":"product_brand","embeddable":true,"href":"https:\/\/stoic-curie.212-227-153-4.plesk.page\/de\/wp-json\/wp\/v2\/product_brand?post=737725"},{"taxonomy":"product_cat","embeddable":true,"href":"https:\/\/stoic-curie.212-227-153-4.plesk.page\/de\/wp-json\/wp\/v2\/product_cat?post=737725"},{"taxonomy":"product_tag","embeddable":true,"href":"https:\/\/stoic-curie.212-227-153-4.plesk.page\/de\/wp-json\/wp\/v2\/product_tag?post=737725"}],"curies":[{"name":"wp","href":"https:\/\/api.w.org\/{rel}","templated":true}]}}