{"id":737727,"date":"2025-03-03T16:45:09","date_gmt":"2025-03-03T15:45:09","guid":{"rendered":"https:\/\/stoic-curie.212-227-153-4.plesk.page\/producto\/melamin-tafelgeschirr-bluebay-16-stueck\/"},"modified":"2026-02-24T23:35:15","modified_gmt":"2026-02-24T23:35:15","slug":"melamin-tafelgeschirr-bluebay-16-stueck","status":"publish","type":"product","link":"https:\/\/stoic-curie.212-227-153-4.plesk.page\/de\/product\/melamin-tafelgeschirr-bluebay-16-stueck\/","title":{"rendered":"Melamin-Tafelgeschirr Bluebay 16 St\u00fcck"},"content":{"rendered":"<p>Melamin-Tafelgeschirr Bluebay 16 St\u00fcck &#8211; <\/p>\n<p>Bluebay 16-teilige Set aus leichtem und bruchsicheren, lebensmittelechten Melamin. Bestehend aus: 4 x \u00d8 25 cm Dinner-Tellern 4 x \u00d8 22 cm Suppentellern 4 x \u00d8 20 cm Desserttellern 4 x 35 cl Bechern.<\/p>\n","protected":false},"excerpt":{"rendered":"<p>Melamin-Tafelgeschirr Bluebay 16 St\u00fcck &#8211; Bluebay 16-teilige Set aus leichtem und bruchsicheren, lebensmittelechten Melamin. Bestehend aus: 4 x \u00d8 25<\/p>\n","protected":false},"featured_media":3105199,"comment_status":"open","ping_status":"closed","template":"","meta":[],"product_brand":[2166,3235],"product_cat":[1358],"product_tag":[],"class_list":{"0":"post-737727","1":"product","2":"type-product","3":"status-publish","4":"has-post-thumbnail","6":"product_brand-osculati","7":"product_brand-osculati-de","8":"product_cat-bootsgeschirr","10":"first","11":"instock","12":"shipping-taxable","13":"purchasable","14":"product-type-simple"},"_links":{"self":[{"href":"https:\/\/stoic-curie.212-227-153-4.plesk.page\/de\/wp-json\/wp\/v2\/product\/737727","targetHints":{"allow":["GET"]}}],"collection":[{"href":"https:\/\/stoic-curie.212-227-153-4.plesk.page\/de\/wp-json\/wp\/v2\/product"}],"about":[{"href":"https:\/\/stoic-curie.212-227-153-4.plesk.page\/de\/wp-json\/wp\/v2\/types\/product"}],"replies":[{"embeddable":true,"href":"https:\/\/stoic-curie.212-227-153-4.plesk.page\/de\/wp-json\/wp\/v2\/comments?post=737727"}],"version-history":[{"count":0,"href":"https:\/\/stoic-curie.212-227-153-4.plesk.page\/de\/wp-json\/wp\/v2\/product\/737727\/revisions"}],"wp:featuredmedia":[{"embeddable":true,"href":"https:\/\/stoic-curie.212-227-153-4.plesk.page\/de\/wp-json\/"}],"wp:attachment":[{"href":"https:\/\/stoic-curie.212-227-153-4.plesk.page\/de\/wp-json\/wp\/v2\/media?parent=737727"}],"wp:term":[{"taxonomy":"product_brand","embeddable":true,"href":"https:\/\/stoic-curie.212-227-153-4.plesk.page\/de\/wp-json\/wp\/v2\/product_brand?post=737727"},{"taxonomy":"product_cat","embeddable":true,"href":"https:\/\/stoic-curie.212-227-153-4.plesk.page\/de\/wp-json\/wp\/v2\/product_cat?post=737727"},{"taxonomy":"product_tag","embeddable":true,"href":"https:\/\/stoic-curie.212-227-153-4.plesk.page\/de\/wp-json\/wp\/v2\/product_tag?post=737727"}],"curies":[{"name":"wp","href":"https:\/\/api.w.org\/{rel}","templated":true}]}}