{"id":737731,"date":"2025-03-03T16:48:26","date_gmt":"2025-03-03T15:48:26","guid":{"rendered":"https:\/\/stoic-curie.212-227-153-4.plesk.page\/producto\/jacke-musto-br1-rot-groesse-m\/"},"modified":"2026-02-24T23:35:15","modified_gmt":"2026-02-24T23:35:15","slug":"jacke-musto-br1-rot-groesse-m","status":"publish","type":"product","link":"https:\/\/stoic-curie.212-227-153-4.plesk.page\/de\/product\/jacke-musto-br1-rot-groesse-m\/","title":{"rendered":"Jacke Musto BR1 Rot, Gr\u00f6\u00dfe: M"},"content":{"rendered":"<p>Jacke Musto BR1 Rot, Gr\u00f6\u00dfe: M &#8211; <\/p>\n<p>Musto BR1 Channel Offshore-Jacke mit einem \u00fcberlegenen 3-lagigen wasserdichten und winddichten Schutz der Stufe 3. Mit vollst\u00e4ndig versiegelten N\u00e4hten, verstellbaren B\u00fcndchen, schnell trocknendem Netzfutter, Sturmklappe, hohem sch\u00fctzendem Fleece-Kragen, externem Rei\u00dfverschlusstasche, verstellbarem Kordelzug am Saum, D-Ring f\u00fcr den Kill-Cord, hochsichtbarem verstellbarem technischen Kapuze und reflektierenden Elementen.<\/p>\n","protected":false},"excerpt":{"rendered":"<p>Jacke Musto BR1 Rot, Gr\u00f6\u00dfe: M &#8211; Musto BR1 Channel Offshore-Jacke mit einem \u00fcberlegenen 3-lagigen wasserdichten und winddichten Schutz der<\/p>\n","protected":false},"featured_media":5946481,"comment_status":"open","ping_status":"closed","template":"","meta":[],"product_brand":[3155],"product_cat":[1567],"product_tag":[],"class_list":{"0":"post-737731","1":"product","2":"type-product","3":"status-publish","4":"has-post-thumbnail","6":"product_brand-musto-de","7":"product_cat-segelbekleidung-musto","9":"first","10":"instock","11":"shipping-taxable","12":"purchasable","13":"product-type-simple"},"_links":{"self":[{"href":"https:\/\/stoic-curie.212-227-153-4.plesk.page\/de\/wp-json\/wp\/v2\/product\/737731","targetHints":{"allow":["GET"]}}],"collection":[{"href":"https:\/\/stoic-curie.212-227-153-4.plesk.page\/de\/wp-json\/wp\/v2\/product"}],"about":[{"href":"https:\/\/stoic-curie.212-227-153-4.plesk.page\/de\/wp-json\/wp\/v2\/types\/product"}],"replies":[{"embeddable":true,"href":"https:\/\/stoic-curie.212-227-153-4.plesk.page\/de\/wp-json\/wp\/v2\/comments?post=737731"}],"version-history":[{"count":0,"href":"https:\/\/stoic-curie.212-227-153-4.plesk.page\/de\/wp-json\/wp\/v2\/product\/737731\/revisions"}],"wp:featuredmedia":[{"embeddable":true,"href":"https:\/\/stoic-curie.212-227-153-4.plesk.page\/de\/wp-json\/wp\/v2\/media\/5946481"}],"wp:attachment":[{"href":"https:\/\/stoic-curie.212-227-153-4.plesk.page\/de\/wp-json\/wp\/v2\/media?parent=737731"}],"wp:term":[{"taxonomy":"product_brand","embeddable":true,"href":"https:\/\/stoic-curie.212-227-153-4.plesk.page\/de\/wp-json\/wp\/v2\/product_brand?post=737731"},{"taxonomy":"product_cat","embeddable":true,"href":"https:\/\/stoic-curie.212-227-153-4.plesk.page\/de\/wp-json\/wp\/v2\/product_cat?post=737731"},{"taxonomy":"product_tag","embeddable":true,"href":"https:\/\/stoic-curie.212-227-153-4.plesk.page\/de\/wp-json\/wp\/v2\/product_tag?post=737731"}],"curies":[{"name":"wp","href":"https:\/\/api.w.org\/{rel}","templated":true}]}}