{"id":737732,"date":"2025-03-03T16:48:26","date_gmt":"2025-03-03T15:48:26","guid":{"rendered":"https:\/\/stoic-curie.212-227-153-4.plesk.page\/producto\/jacke-musto-br1-rot-groesse-l\/"},"modified":"2026-02-24T23:35:15","modified_gmt":"2026-02-24T23:35:15","slug":"jacke-musto-br1-rot-groesse-l","status":"publish","type":"product","link":"https:\/\/stoic-curie.212-227-153-4.plesk.page\/de\/product\/jacke-musto-br1-rot-groesse-l\/","title":{"rendered":"Jacke Musto BR1 Rot, Gr\u00f6\u00dfe: L"},"content":{"rendered":"<p>Jacke Musto BR1 Rot, Gr\u00f6\u00dfe: L &#8211; <\/p>\n<p>Die Musto BR1 Channel Offshore Jacket bietet einen erstklassigen 3-Lagen-Schutz gegen Wasser und Wind. Mit vollst\u00e4ndig versiegelten N\u00e4hten, verstellbaren Manschetten, schnelltrocknendem Mesh-Futter, Sturmklappe, hohem Schutzkragen aus Fleece, externem Rei\u00dfverschlussfach, verstellbarem Kordelzug am Saum, D-Ring f\u00fcr die Notkabel und einer gut sichtbaren, verstellbaren technischen Kapuze sowie reflektierenden Elementen.<\/p>\n","protected":false},"excerpt":{"rendered":"<p>Jacke Musto BR1 Rot, Gr\u00f6\u00dfe: L &#8211; Die Musto BR1 Channel Offshore Jacket bietet einen erstklassigen 3-Lagen-Schutz gegen Wasser und<\/p>\n","protected":false},"featured_media":5946481,"comment_status":"open","ping_status":"closed","template":"","meta":[],"product_brand":[3155],"product_cat":[1567],"product_tag":[],"class_list":{"0":"post-737732","1":"product","2":"type-product","3":"status-publish","4":"has-post-thumbnail","6":"product_brand-musto-de","7":"product_cat-segelbekleidung-musto","9":"first","10":"instock","11":"shipping-taxable","12":"purchasable","13":"product-type-simple"},"_links":{"self":[{"href":"https:\/\/stoic-curie.212-227-153-4.plesk.page\/de\/wp-json\/wp\/v2\/product\/737732","targetHints":{"allow":["GET"]}}],"collection":[{"href":"https:\/\/stoic-curie.212-227-153-4.plesk.page\/de\/wp-json\/wp\/v2\/product"}],"about":[{"href":"https:\/\/stoic-curie.212-227-153-4.plesk.page\/de\/wp-json\/wp\/v2\/types\/product"}],"replies":[{"embeddable":true,"href":"https:\/\/stoic-curie.212-227-153-4.plesk.page\/de\/wp-json\/wp\/v2\/comments?post=737732"}],"version-history":[{"count":0,"href":"https:\/\/stoic-curie.212-227-153-4.plesk.page\/de\/wp-json\/wp\/v2\/product\/737732\/revisions"}],"wp:featuredmedia":[{"embeddable":true,"href":"https:\/\/stoic-curie.212-227-153-4.plesk.page\/de\/wp-json\/wp\/v2\/media\/5946481"}],"wp:attachment":[{"href":"https:\/\/stoic-curie.212-227-153-4.plesk.page\/de\/wp-json\/wp\/v2\/media?parent=737732"}],"wp:term":[{"taxonomy":"product_brand","embeddable":true,"href":"https:\/\/stoic-curie.212-227-153-4.plesk.page\/de\/wp-json\/wp\/v2\/product_brand?post=737732"},{"taxonomy":"product_cat","embeddable":true,"href":"https:\/\/stoic-curie.212-227-153-4.plesk.page\/de\/wp-json\/wp\/v2\/product_cat?post=737732"},{"taxonomy":"product_tag","embeddable":true,"href":"https:\/\/stoic-curie.212-227-153-4.plesk.page\/de\/wp-json\/wp\/v2\/product_tag?post=737732"}],"curies":[{"name":"wp","href":"https:\/\/api.w.org\/{rel}","templated":true}]}}