{"id":737743,"date":"2025-03-03T16:48:29","date_gmt":"2025-03-03T15:48:29","guid":{"rendered":"https:\/\/stoic-curie.212-227-153-4.plesk.page\/producto\/segelhose-musto-br1-schwarz-groesse-xl\/"},"modified":"2026-02-24T23:35:15","modified_gmt":"2026-02-24T23:35:15","slug":"segelhose-musto-br1-schwarz-groesse-xl","status":"publish","type":"product","link":"https:\/\/stoic-curie.212-227-153-4.plesk.page\/de\/product\/segelhose-musto-br1-schwarz-groesse-xl\/","title":{"rendered":"Segelhose Musto BR1 Schwarz, Gr\u00f6\u00dfe : XL"},"content":{"rendered":"<p>Segelhose Musto BR1 Schwarz, Gr\u00f6\u00dfe : XL &#8211; <\/p>\n<p>Musto BR1 Channel Offshore Salopette mit \u00fcberlegener 3-lagiger wasserdichter und winddichter Schutzschicht. Mit vollst\u00e4ndig versiegelten N\u00e4hten, schnell trocknendem Mesh-Futter, Verst\u00e4rkungen an Ges\u00e4\u00df und Knien, hohem R\u00fccken mit verstellbaren Tr\u00e4gern, verstellbarem Taillenbund, Cargotasche, verstellbaren Bein\u00f6ffnungen sowie ergonomisch geformtem Ges\u00e4\u00df und Knien.<\/p>\n","protected":false},"excerpt":{"rendered":"<p>Segelhose Musto BR1 Schwarz, Gr\u00f6\u00dfe : XL &#8211; Musto BR1 Channel Offshore Salopette mit \u00fcberlegener 3-lagiger wasserdichter und winddichter Schutzschicht.<\/p>\n","protected":false},"featured_media":5946485,"comment_status":"open","ping_status":"closed","template":"","meta":[],"product_brand":[3155],"product_cat":[1567],"product_tag":[],"class_list":{"0":"post-737743","1":"product","2":"type-product","3":"status-publish","4":"has-post-thumbnail","6":"product_brand-musto-de","7":"product_cat-segelbekleidung-musto","9":"first","10":"instock","11":"shipping-taxable","12":"purchasable","13":"product-type-simple"},"_links":{"self":[{"href":"https:\/\/stoic-curie.212-227-153-4.plesk.page\/de\/wp-json\/wp\/v2\/product\/737743","targetHints":{"allow":["GET"]}}],"collection":[{"href":"https:\/\/stoic-curie.212-227-153-4.plesk.page\/de\/wp-json\/wp\/v2\/product"}],"about":[{"href":"https:\/\/stoic-curie.212-227-153-4.plesk.page\/de\/wp-json\/wp\/v2\/types\/product"}],"replies":[{"embeddable":true,"href":"https:\/\/stoic-curie.212-227-153-4.plesk.page\/de\/wp-json\/wp\/v2\/comments?post=737743"}],"version-history":[{"count":0,"href":"https:\/\/stoic-curie.212-227-153-4.plesk.page\/de\/wp-json\/wp\/v2\/product\/737743\/revisions"}],"wp:featuredmedia":[{"embeddable":true,"href":"https:\/\/stoic-curie.212-227-153-4.plesk.page\/de\/wp-json\/wp\/v2\/media\/5946485"}],"wp:attachment":[{"href":"https:\/\/stoic-curie.212-227-153-4.plesk.page\/de\/wp-json\/wp\/v2\/media?parent=737743"}],"wp:term":[{"taxonomy":"product_brand","embeddable":true,"href":"https:\/\/stoic-curie.212-227-153-4.plesk.page\/de\/wp-json\/wp\/v2\/product_brand?post=737743"},{"taxonomy":"product_cat","embeddable":true,"href":"https:\/\/stoic-curie.212-227-153-4.plesk.page\/de\/wp-json\/wp\/v2\/product_cat?post=737743"},{"taxonomy":"product_tag","embeddable":true,"href":"https:\/\/stoic-curie.212-227-153-4.plesk.page\/de\/wp-json\/wp\/v2\/product_tag?post=737743"}],"curies":[{"name":"wp","href":"https:\/\/api.w.org\/{rel}","templated":true}]}}