{"id":737747,"date":"2025-03-03T16:48:30","date_gmt":"2025-03-03T15:48:30","guid":{"rendered":"https:\/\/stoic-curie.212-227-153-4.plesk.page\/producto\/quick-10060-hydraulischer-magnetischer-leistungsschalter-60a-dc\/"},"modified":"2026-02-24T23:35:15","modified_gmt":"2026-02-24T23:35:15","slug":"quick-10060-hydraulischer-magnetischer-leistungsschalter-60a-dc","status":"publish","type":"product","link":"https:\/\/stoic-curie.212-227-153-4.plesk.page\/de\/product\/quick-10060-hydraulischer-magnetischer-leistungsschalter-60a-dc\/","title":{"rendered":"Quick 10060 Hydraulischer Magnetischer Leistungsschalter (60A \/ DC)"},"content":{"rendered":"<p>Quick 10060 Hydraulischer Magnetischer Leistungsschalter (60A \/ DC) &#8211; Der Quick 60 Ampere hydraulische magnetische Schutzschalter bietet Schutz bei der Verwendung von Gleichstrom. Der tr\u00e4ge Schutzschalter l\u00f6st bei \u00dcberstromsituationen aus, unterbricht den Stromkreis und sch\u00fctzt Ihre Ger\u00e4te. Er kann manuell zur\u00fcckgesetzt werden und ist f\u00fcr bis zu 80V DC geeignet. Der Quick 10060 Schutzschalter l\u00f6st bei Kurzschl\u00fcssen oder l\u00e4ngeren \u00dcberlastungen aus.<\/p>\n","protected":false},"excerpt":{"rendered":"<p>Quick 10060 Hydraulischer Magnetischer Leistungsschalter (60A \/ DC) &#8211; Der Quick 60 Ampere hydraulische magnetische Schutzschalter bietet Schutz bei der<\/p>\n","protected":false},"featured_media":5946487,"comment_status":"open","ping_status":"closed","template":"","meta":[],"product_brand":[3280],"product_cat":[1324,1461],"product_tag":[],"class_list":{"0":"post-737747","1":"product","2":"type-product","3":"status-publish","4":"has-post-thumbnail","6":"product_brand-quick-de","7":"product_cat-ankerwinden-quick","8":"product_cat-sicherungsschalter-und-relais","10":"first","11":"instock","12":"shipping-taxable","13":"purchasable","14":"product-type-simple"},"_links":{"self":[{"href":"https:\/\/stoic-curie.212-227-153-4.plesk.page\/de\/wp-json\/wp\/v2\/product\/737747","targetHints":{"allow":["GET"]}}],"collection":[{"href":"https:\/\/stoic-curie.212-227-153-4.plesk.page\/de\/wp-json\/wp\/v2\/product"}],"about":[{"href":"https:\/\/stoic-curie.212-227-153-4.plesk.page\/de\/wp-json\/wp\/v2\/types\/product"}],"replies":[{"embeddable":true,"href":"https:\/\/stoic-curie.212-227-153-4.plesk.page\/de\/wp-json\/wp\/v2\/comments?post=737747"}],"version-history":[{"count":0,"href":"https:\/\/stoic-curie.212-227-153-4.plesk.page\/de\/wp-json\/wp\/v2\/product\/737747\/revisions"}],"wp:featuredmedia":[{"embeddable":true,"href":"https:\/\/stoic-curie.212-227-153-4.plesk.page\/de\/wp-json\/wp\/v2\/media\/5946487"}],"wp:attachment":[{"href":"https:\/\/stoic-curie.212-227-153-4.plesk.page\/de\/wp-json\/wp\/v2\/media?parent=737747"}],"wp:term":[{"taxonomy":"product_brand","embeddable":true,"href":"https:\/\/stoic-curie.212-227-153-4.plesk.page\/de\/wp-json\/wp\/v2\/product_brand?post=737747"},{"taxonomy":"product_cat","embeddable":true,"href":"https:\/\/stoic-curie.212-227-153-4.plesk.page\/de\/wp-json\/wp\/v2\/product_cat?post=737747"},{"taxonomy":"product_tag","embeddable":true,"href":"https:\/\/stoic-curie.212-227-153-4.plesk.page\/de\/wp-json\/wp\/v2\/product_tag?post=737747"}],"curies":[{"name":"wp","href":"https:\/\/api.w.org\/{rel}","templated":true}]}}